{"id":1253,"date":"2025-03-28T17:16:59","date_gmt":"2025-03-28T17:16:59","guid":{"rendered":"https:\/\/enviteka.lt\/?post_type=product&#038;p=1253"},"modified":"2025-04-03T17:59:41","modified_gmt":"2025-04-03T17:59:41","slug":"zarna-cp-ptfe-inox-475","status":"publish","type":"product","link":"https:\/\/enviteka.lt\/en\/product\/zarna-cp-ptfe-inox-475\/","title":{"rendered":"Hose CP PTFE-INOX 475"},"content":{"rendered":"<p><strong>\u017darna su tvirtinimo profiliu (Clip \u017earna), labai atspari cheminiams poveikiams (iki +270\u00b0C)<\/strong><\/p>\n<p><strong>Paskirtis<\/strong><\/p>\n<p>Lanksti \u017earna, skirta kar\u0161toms ir \u0161altoms dujoms, dulk\u0117ms, milteliams ir pluo\u0161tams perne\u0161ti.<\/p>\n<p><strong>Da\u017eniausios taikymo sritys:<\/strong><\/p>\n<p>Mai\u0161ykl\u0117s, d\u017eiovintuvai, pakavimo ma\u0161inos, dideli\u0173 mai\u0161\u0173 (big bag) \u012fkrovimas ir i\u0161krovimas, mal\u016bnai.<\/p>\n<p>I\u0161traukimo sistemos \u012fvairioms operacijoms.<\/p>\n<p>Chemin\u0117 pramon\u0117: cheminiai garai, gar\u0173 gr\u0105\u017einimo \u017earnos krovimo armatuose, da\u017e\u0173 garai, pur\u0161kimo r\u016bko i\u0161traukimas.<\/p>\n<p>Popieriaus ir celiulioz\u0117s pramon\u0117: nuotekos, oro i\u0161traukimas.<\/p>\n<p><strong>Savyb\u0117s<\/strong><\/p>\n<p>Dilimo apsauga per i\u0161orin\u012f tvirtinimo profil\u012f, u\u017etikrinant papildom\u0105 ilgaam\u017ei\u0161kum\u0105.<\/p>\n<p>Saugus \u017earnos sienos tvirtinimas tvirtinimo profile, u\u017etikrinant sandarum\u0105 ir i\u0161vengiant nuot\u0117ki\u0173.<\/p>\n<p>Labai lanksti ir suspaud\u017eiama (4:1), kas palengvina \u012frengim\u0105 ir naudojim\u0105.<\/p>\n<p>Puikus atsparumas kar\u0161\u010diui, naudojama ekstremaliose temperat\u016brose iki +270\u00b0C (trumpalaikis).<\/p>\n<p>Maisto kokyb\u0117s sienel\u0117, atitinka:<\/p>\n<p>EU-Directive 10\/2011, EC 1935\/2004 (med\u017eiagoms, kontaktuojan\u010dioms su maistu)<\/p>\n<p>FDA 21 CFR 177.1550<\/p>\n<p>Bekvap\u0117 ir be skonio, u\u017etikrinant saug\u0173 naudojim\u0105 maisto ir farmacijos pramon\u0117se.<\/p>\n<p>Geras atsparumas \u0161armams ir r\u016bg\u0161tims, puikiai tinka chemi\u0161kai agresyviose aplinkose.<\/p>\n<p>Labai geras atsparumas cheminiams junginiams, u\u017etikrinant ilgaam\u017ei\u0161kum\u0105 \u012fvairiose pramon\u0117s \u0161akose.<\/p>\n<p>Pagaminta laikantis GMP EC 2023\/2006 standart\u0173, kurie taikomi farmacijos ir maisto pramonei.<\/p>\n<p>Atitinka RoHS ir REACH gaires, u\u017etikrinant aplinkosaug\u0105.<\/p>\n<p><strong>Temperat\u016bros diapazonas<\/strong><\/p>\n<p>Darbin\u0117 temperat\u016bra: nuo -150\u00b0C iki +250\u00b0C<\/p>\n<p>Trumpalaikis atsparumas: iki +270\u00b0C<\/p>\n<p><strong>Konstrukcija<\/strong><\/p>\n<p>CP konstrukcija (Tvirtinimo profilis): sustiprinta viso plieno (INOX) atramin\u0117 spirale.<\/p>\n<p>Sienel\u0117: PTFE danga ant stiklo audinio, u\u017etikrinanti auk\u0161t\u0105 chemin\u012f atsparum\u0105 ir lankstum\u0105.<\/p>\n<p>TEFLON\u00ae yra registruotas prek\u0117s \u017eenklas, priklausantis \u201eDuPont\u201c, \u017eymintis auk\u0161tos kokyb\u0117s, patvari\u0105 PTFE med\u017eiag\u0105.<\/p>\n<p>Vidinis skersmuo nuo 50 mm iki 600 mm, kreipkit\u0117s d\u0117l reikiamo skersmens ir ilgio.<\/p>\n<p class=\"\" data-start=\"1488\" data-end=\"1675\"><strong>Pristatymas 1-2 d.d.<\/strong><\/p>\n<p><strong>Susisiekite su mumis:<\/strong><\/p>\n<p>Nor\u0117dami gauti daugiau informacijos arba u\u017esisakyti, pra\u0161ome susisiekti su m\u016bs\u0173 komanda. Pad\u0117sime pasirinkti geriausi\u0105 sprendim\u0105 pagal j\u016bs\u0173 poreikius, u\u017etikrinsime geriausi\u0105 kain\u0105<\/p>\n<p>rinkoje ir greit\u0105 pristatym\u0105.<\/p>","protected":false},"excerpt":{"rendered":"<p>\u017darna su tvirtinimo profiliu (Clip \u017earna), labai atspari cheminiams poveikiams (iki +270\u00b0C) Paskirtis Lanksti \u017earna, skirta kar\u0161toms ir \u0161altoms dujoms, [&hellip;]<\/p>","protected":false},"featured_media":1254,"template":"","meta":{"site-sidebar-layout":"default","site-content-layout":"","ast-site-content-layout":"default","site-content-style":"default","site-sidebar-style":"default","ast-global-header-display":"","ast-banner-title-visibility":"","ast-main-header-display":"","ast-hfb-above-header-display":"","ast-hfb-below-header-display":"","ast-hfb-mobile-header-display":"","site-post-title":"","ast-breadcrumbs-content":"","ast-featured-img":"","footer-sml-layout":"","ast-disable-related-posts":"","theme-transparent-header-meta":"default","adv-header-id-meta":"","stick-header-meta":"","header-above-stick-meta":"","header-main-stick-meta":"","header-below-stick-meta":"","astra-migrate-meta-layouts":"set","ast-page-background-enabled":"default","ast-page-background-meta":{"desktop":{"background-color":"var(--ast-global-color-4)","background-image":"","background-repeat":"repeat","background-position":"center center","background-size":"auto","background-attachment":"scroll","background-type":"","background-media":"","overlay-type":"","overlay-color":"","overlay-opacity":"","overlay-gradient":""},"tablet":{"background-color":"","background-image":"","background-repeat":"repeat","background-position":"center center","background-size":"auto","background-attachment":"scroll","background-type":"","background-media":"","overlay-type":"","overlay-color":"","overlay-opacity":"","overlay-gradient":""},"mobile":{"background-color":"","background-image":"","background-repeat":"repeat","background-position":"center center","background-size":"auto","background-attachment":"scroll","background-type":"","background-media":"","overlay-type":"","overlay-color":"","overlay-opacity":"","overlay-gradient":""}},"ast-content-background-meta":{"desktop":{"background-color":"var(--ast-global-color-5)","background-image":"","background-repeat":"repeat","background-position":"center center","background-size":"auto","background-attachment":"scroll","background-type":"","background-media":"","overlay-type":"","overlay-color":"","overlay-opacity":"","overlay-gradient":""},"tablet":{"background-color":"var(--ast-global-color-5)","background-image":"","background-repeat":"repeat","background-position":"center center","background-size":"auto","background-attachment":"scroll","background-type":"","background-media":"","overlay-type":"","overlay-color":"","overlay-opacity":"","overlay-gradient":""},"mobile":{"background-color":"var(--ast-global-color-5)","background-image":"","background-repeat":"repeat","background-position":"center center","background-size":"auto","background-attachment":"scroll","background-type":"","background-media":"","overlay-type":"","overlay-color":"","overlay-opacity":"","overlay-gradient":""}}},"product_brand":[],"product_cat":[125],"product_tag":[],"class_list":{"0":"post-1253","1":"product","2":"type-product","3":"status-publish","4":"has-post-thumbnail","6":"product_cat-medziagines-zarnos","7":"desktop-align-left","8":"tablet-align-left","9":"mobile-align-left","11":"first","12":"instock","13":"shipping-taxable","14":"purchasable","15":"product-type-simple"},"yoast_head":"<!-- This site is optimized with the Yoast SEO plugin v27.3 - https:\/\/yoast.com\/product\/yoast-seo-wordpress\/ -->\n<title>\u017darna CP PTFE-INOX 475 - ENVITEKA<\/title>\n<meta name=\"description\" content=\"Atspari cheminiams poveikiams (iki +270\u00b0C. ) Lanksti \u017earna, skirta kar\u0161toms ir \u0161altoms dujoms, dulk\u0117ms, milteliams ir pluo\u0161tams perne\u0161ti. Pristatymas 1-2 d.d.\" \/>\n<meta name=\"robots\" content=\"index, follow, max-snippet:-1, max-image-preview:large, max-video-preview:-1\" \/>\n<link rel=\"canonical\" href=\"https:\/\/enviteka.lt\/en\/product\/zarna-cp-ptfe-inox-475\/\" \/>\n<meta property=\"og:locale\" content=\"en_US\" \/>\n<meta property=\"og:type\" content=\"article\" \/>\n<meta property=\"og:title\" content=\"\u017darna CP PTFE-INOX 475 - ENVITEKA\" \/>\n<meta property=\"og:description\" content=\"Atspari cheminiams poveikiams (iki +270\u00b0C. ) Lanksti \u017earna, skirta kar\u0161toms ir \u0161altoms dujoms, dulk\u0117ms, milteliams ir pluo\u0161tams perne\u0161ti. Pristatymas 1-2 d.d.\" \/>\n<meta property=\"og:url\" content=\"https:\/\/enviteka.lt\/en\/product\/zarna-cp-ptfe-inox-475\/\" \/>\n<meta property=\"og:site_name\" content=\"ENVITEKA\" \/>\n<meta property=\"article:modified_time\" content=\"2025-04-03T17:59:41+00:00\" \/>\n<meta property=\"og:image\" content=\"https:\/\/enviteka.lt\/wp-content\/uploads\/2025\/03\/ZARNA_475-ENVITEKA.jpg\" \/>\n\t<meta property=\"og:image:width\" content=\"1005\" \/>\n\t<meta property=\"og:image:height\" content=\"613\" \/>\n\t<meta property=\"og:image:type\" content=\"image\/jpeg\" \/>\n<meta name=\"twitter:card\" content=\"summary_large_image\" \/>\n<meta name=\"twitter:label1\" content=\"Est. reading time\" \/>\n\t<meta name=\"twitter:data1\" content=\"2 minutes\" \/>\n<script type=\"application\/ld+json\" class=\"yoast-schema-graph\">{\"@context\":\"https:\\\/\\\/schema.org\",\"@graph\":[{\"@type\":\"WebPage\",\"@id\":\"https:\\\/\\\/enviteka.lt\\\/produktas\\\/zarna-cp-ptfe-inox-475\\\/\",\"url\":\"https:\\\/\\\/enviteka.lt\\\/produktas\\\/zarna-cp-ptfe-inox-475\\\/\",\"name\":\"\u017darna CP PTFE-INOX 475 - ENVITEKA\",\"isPartOf\":{\"@id\":\"https:\\\/\\\/enviteka.lt\\\/#website\"},\"primaryImageOfPage\":{\"@id\":\"https:\\\/\\\/enviteka.lt\\\/produktas\\\/zarna-cp-ptfe-inox-475\\\/#primaryimage\"},\"image\":{\"@id\":\"https:\\\/\\\/enviteka.lt\\\/produktas\\\/zarna-cp-ptfe-inox-475\\\/#primaryimage\"},\"thumbnailUrl\":\"https:\\\/\\\/enviteka.lt\\\/wp-content\\\/uploads\\\/2025\\\/03\\\/ZARNA_475-ENVITEKA.jpg\",\"datePublished\":\"2025-03-28T17:16:59+00:00\",\"dateModified\":\"2025-04-03T17:59:41+00:00\",\"description\":\"Atspari cheminiams poveikiams (iki +270\u00b0C. ) Lanksti \u017earna, skirta kar\u0161toms ir \u0161altoms dujoms, dulk\u0117ms, milteliams ir pluo\u0161tams perne\u0161ti. Pristatymas 1-2 d.d.\",\"breadcrumb\":{\"@id\":\"https:\\\/\\\/enviteka.lt\\\/produktas\\\/zarna-cp-ptfe-inox-475\\\/#breadcrumb\"},\"inLanguage\":\"en-US\",\"potentialAction\":[{\"@type\":\"ReadAction\",\"target\":[\"https:\\\/\\\/enviteka.lt\\\/produktas\\\/zarna-cp-ptfe-inox-475\\\/\"]}]},{\"@type\":\"ImageObject\",\"inLanguage\":\"en-US\",\"@id\":\"https:\\\/\\\/enviteka.lt\\\/produktas\\\/zarna-cp-ptfe-inox-475\\\/#primaryimage\",\"url\":\"https:\\\/\\\/enviteka.lt\\\/wp-content\\\/uploads\\\/2025\\\/03\\\/ZARNA_475-ENVITEKA.jpg\",\"contentUrl\":\"https:\\\/\\\/enviteka.lt\\\/wp-content\\\/uploads\\\/2025\\\/03\\\/ZARNA_475-ENVITEKA.jpg\",\"width\":1005,\"height\":613},{\"@type\":\"BreadcrumbList\",\"@id\":\"https:\\\/\\\/enviteka.lt\\\/produktas\\\/zarna-cp-ptfe-inox-475\\\/#breadcrumb\",\"itemListElement\":[{\"@type\":\"ListItem\",\"position\":1,\"name\":\"Home\",\"item\":\"https:\\\/\\\/enviteka.lt\\\/\"},{\"@type\":\"ListItem\",\"position\":2,\"name\":\"Produktai\",\"item\":\"https:\\\/\\\/enviteka.lt\\\/produktai\\\/\"},{\"@type\":\"ListItem\",\"position\":3,\"name\":\"\u017darna CP PTFE-INOX 475\"}]},{\"@type\":\"WebSite\",\"@id\":\"https:\\\/\\\/enviteka.lt\\\/#website\",\"url\":\"https:\\\/\\\/enviteka.lt\\\/\",\"name\":\"ENVITEKA\",\"description\":\"pramonin\u0117s \u012frangos tiek\u0117jas\",\"publisher\":{\"@id\":\"https:\\\/\\\/enviteka.lt\\\/#organization\"},\"potentialAction\":[{\"@type\":\"SearchAction\",\"target\":{\"@type\":\"EntryPoint\",\"urlTemplate\":\"https:\\\/\\\/enviteka.lt\\\/?s={search_term_string}\"},\"query-input\":{\"@type\":\"PropertyValueSpecification\",\"valueRequired\":true,\"valueName\":\"search_term_string\"}}],\"inLanguage\":\"en-US\"},{\"@type\":\"Organization\",\"@id\":\"https:\\\/\\\/enviteka.lt\\\/#organization\",\"name\":\"ENVITEKA\",\"url\":\"https:\\\/\\\/enviteka.lt\\\/\",\"logo\":{\"@type\":\"ImageObject\",\"inLanguage\":\"en-US\",\"@id\":\"https:\\\/\\\/enviteka.lt\\\/#\\\/schema\\\/logo\\\/image\\\/\",\"url\":\"https:\\\/\\\/enviteka.lt\\\/wp-content\\\/uploads\\\/2024\\\/10\\\/enviteka-high-resolution-logo-transparent-e1742852093377.png\",\"contentUrl\":\"https:\\\/\\\/enviteka.lt\\\/wp-content\\\/uploads\\\/2024\\\/10\\\/enviteka-high-resolution-logo-transparent-e1742852093377.png\",\"width\":424,\"height\":150,\"caption\":\"ENVITEKA\"},\"image\":{\"@id\":\"https:\\\/\\\/enviteka.lt\\\/#\\\/schema\\\/logo\\\/image\\\/\"}}]}<\/script>\n<!-- \/ Yoast SEO plugin. -->","yoast_head_json":{"title":"\u017darna CP PTFE-INOX 475 - ENVITEKA","description":"Atspari cheminiams poveikiams (iki +270\u00b0C. ) Lanksti \u017earna, skirta kar\u0161toms ir \u0161altoms dujoms, dulk\u0117ms, milteliams ir pluo\u0161tams perne\u0161ti. Pristatymas 1-2 d.d.","robots":{"index":"index","follow":"follow","max-snippet":"max-snippet:-1","max-image-preview":"max-image-preview:large","max-video-preview":"max-video-preview:-1"},"canonical":"https:\/\/enviteka.lt\/en\/product\/zarna-cp-ptfe-inox-475\/","og_locale":"en_US","og_type":"article","og_title":"\u017darna CP PTFE-INOX 475 - ENVITEKA","og_description":"Atspari cheminiams poveikiams (iki +270\u00b0C. ) Lanksti \u017earna, skirta kar\u0161toms ir \u0161altoms dujoms, dulk\u0117ms, milteliams ir pluo\u0161tams perne\u0161ti. Pristatymas 1-2 d.d.","og_url":"https:\/\/enviteka.lt\/en\/product\/zarna-cp-ptfe-inox-475\/","og_site_name":"ENVITEKA","article_modified_time":"2025-04-03T17:59:41+00:00","og_image":[{"width":1005,"height":613,"url":"https:\/\/enviteka.lt\/wp-content\/uploads\/2025\/03\/ZARNA_475-ENVITEKA.jpg","type":"image\/jpeg"}],"twitter_card":"summary_large_image","twitter_misc":{"Est. reading time":"2 minutes"},"schema":{"@context":"https:\/\/schema.org","@graph":[{"@type":"WebPage","@id":"https:\/\/enviteka.lt\/produktas\/zarna-cp-ptfe-inox-475\/","url":"https:\/\/enviteka.lt\/produktas\/zarna-cp-ptfe-inox-475\/","name":"\u017darna CP PTFE-INOX 475 - ENVITEKA","isPartOf":{"@id":"https:\/\/enviteka.lt\/#website"},"primaryImageOfPage":{"@id":"https:\/\/enviteka.lt\/produktas\/zarna-cp-ptfe-inox-475\/#primaryimage"},"image":{"@id":"https:\/\/enviteka.lt\/produktas\/zarna-cp-ptfe-inox-475\/#primaryimage"},"thumbnailUrl":"https:\/\/enviteka.lt\/wp-content\/uploads\/2025\/03\/ZARNA_475-ENVITEKA.jpg","datePublished":"2025-03-28T17:16:59+00:00","dateModified":"2025-04-03T17:59:41+00:00","description":"Atspari cheminiams poveikiams (iki +270\u00b0C. ) Lanksti \u017earna, skirta kar\u0161toms ir \u0161altoms dujoms, dulk\u0117ms, milteliams ir pluo\u0161tams perne\u0161ti. Pristatymas 1-2 d.d.","breadcrumb":{"@id":"https:\/\/enviteka.lt\/produktas\/zarna-cp-ptfe-inox-475\/#breadcrumb"},"inLanguage":"en-US","potentialAction":[{"@type":"ReadAction","target":["https:\/\/enviteka.lt\/produktas\/zarna-cp-ptfe-inox-475\/"]}]},{"@type":"ImageObject","inLanguage":"en-US","@id":"https:\/\/enviteka.lt\/produktas\/zarna-cp-ptfe-inox-475\/#primaryimage","url":"https:\/\/enviteka.lt\/wp-content\/uploads\/2025\/03\/ZARNA_475-ENVITEKA.jpg","contentUrl":"https:\/\/enviteka.lt\/wp-content\/uploads\/2025\/03\/ZARNA_475-ENVITEKA.jpg","width":1005,"height":613},{"@type":"BreadcrumbList","@id":"https:\/\/enviteka.lt\/produktas\/zarna-cp-ptfe-inox-475\/#breadcrumb","itemListElement":[{"@type":"ListItem","position":1,"name":"Home","item":"https:\/\/enviteka.lt\/"},{"@type":"ListItem","position":2,"name":"Produktai","item":"https:\/\/enviteka.lt\/produktai\/"},{"@type":"ListItem","position":3,"name":"\u017darna CP PTFE-INOX 475"}]},{"@type":"WebSite","@id":"https:\/\/enviteka.lt\/#website","url":"https:\/\/enviteka.lt\/","name":"ENVITEKA","description":"pramonin\u0117s \u012frangos tiek\u0117jas","publisher":{"@id":"https:\/\/enviteka.lt\/#organization"},"potentialAction":[{"@type":"SearchAction","target":{"@type":"EntryPoint","urlTemplate":"https:\/\/enviteka.lt\/?s={search_term_string}"},"query-input":{"@type":"PropertyValueSpecification","valueRequired":true,"valueName":"search_term_string"}}],"inLanguage":"en-US"},{"@type":"Organization","@id":"https:\/\/enviteka.lt\/#organization","name":"ENVITEKA","url":"https:\/\/enviteka.lt\/","logo":{"@type":"ImageObject","inLanguage":"en-US","@id":"https:\/\/enviteka.lt\/#\/schema\/logo\/image\/","url":"https:\/\/enviteka.lt\/wp-content\/uploads\/2024\/10\/enviteka-high-resolution-logo-transparent-e1742852093377.png","contentUrl":"https:\/\/enviteka.lt\/wp-content\/uploads\/2024\/10\/enviteka-high-resolution-logo-transparent-e1742852093377.png","width":424,"height":150,"caption":"ENVITEKA"},"image":{"@id":"https:\/\/enviteka.lt\/#\/schema\/logo\/image\/"}}]}},"_links":{"self":[{"href":"https:\/\/enviteka.lt\/en\/wp-json\/wp\/v2\/product\/1253","targetHints":{"allow":["GET"]}}],"collection":[{"href":"https:\/\/enviteka.lt\/en\/wp-json\/wp\/v2\/product"}],"about":[{"href":"https:\/\/enviteka.lt\/en\/wp-json\/wp\/v2\/types\/product"}],"wp:featuredmedia":[{"embeddable":true,"href":"https:\/\/enviteka.lt\/en\/wp-json\/wp\/v2\/media\/1254"}],"wp:attachment":[{"href":"https:\/\/enviteka.lt\/en\/wp-json\/wp\/v2\/media?parent=1253"}],"wp:term":[{"taxonomy":"product_brand","embeddable":true,"href":"https:\/\/enviteka.lt\/en\/wp-json\/wp\/v2\/product_brand?post=1253"},{"taxonomy":"product_cat","embeddable":true,"href":"https:\/\/enviteka.lt\/en\/wp-json\/wp\/v2\/product_cat?post=1253"},{"taxonomy":"product_tag","embeddable":true,"href":"https:\/\/enviteka.lt\/en\/wp-json\/wp\/v2\/product_tag?post=1253"}],"curies":[{"name":"wp","href":"https:\/\/api.w.org\/{rel}","templated":true}]}}