{"id":1251,"date":"2025-03-28T17:12:16","date_gmt":"2025-03-28T17:12:16","guid":{"rendered":"https:\/\/enviteka.lt\/?post_type=product&#038;p=1251"},"modified":"2025-04-04T17:45:26","modified_gmt":"2025-04-04T17:45:26","slug":"zarna-norplast-pur-386-sciroppo-pu-as","status":"publish","type":"product","link":"https:\/\/enviteka.lt\/en\/product\/zarna-norplast-pur-386-sciroppo-pu-as\/","title":{"rendered":"\u017darna NORPLAST PUR 386 SCIROPPO PU AS"},"content":{"rendered":"<p><strong>Maisto kokyb\u0117s, atspari dilimui siurbimo ir i\u0161leidimo \u017earna<\/strong><\/p>\n<p><strong>Paskirtis<\/strong><\/p>\n<p>Skirta perne\u0161ti maisto produktus, tiek skys\u010dius, tiek kietus ar abrazyvinius maisto produktus.<\/p>\n<p>Puikiai tinka maisto pramon\u0117je, tiek perne\u0161ant saus\u0105, tiek skyst\u0105 maist\u0105, pavyzd\u017eiui, skyst\u0105 pien\u0105, miltus, ry\u017eius, gr\u016bdus, sultis ir kt.<\/p>\n<p>Taip pat naudojama \u012fvairiuose pramoniniuose procesuose, kai reikia perne\u0161ti abrazyvinius arba \u0161iurk\u0161\u010dius med\u017eiag\u0173 tipus.<\/p>\n<p><strong>Savyb\u0117s<\/strong><\/p>\n<p>Maisto kokyb\u0117s \u017earna, atitinka maisto pramon\u0117s reikalavimus ir standartus.<\/p>\n<p>Atspari dilimui, puikiai tinka sunkioms perne\u0161imo s\u0105lygoms.<\/p>\n<p>Labai lanksti, lengva montuoti ir naudoti.<\/p>\n<p>Atspari mikroorganizmams, idealiai tinka naudojimui maisto ir farmacijos pramon\u0117se.<\/p>\n<p>Tinka tiek skys\u010diams, tiek kietiems ir abrazyviniams maisto produktams.<\/p>\n<p>Atitinka ES Direktyv\u0105 10\/2011, EC 1935\/2004 ir FDA 21 CFR 177.2600, u\u017etikrinant saugum\u0105 ir patikimum\u0105 naudojant su maisto produktais.<\/p>\n<p><strong>Temperat\u016bros diapazonas<\/strong><\/p>\n<p>Darbin\u0117 temperat\u016bra: -20\u00b0C iki 90\u00b0C (priklausomai nuo med\u017eiagos ir perne\u0161imo s\u0105lyg\u0173).<\/p>\n<p>Trumpalaikis atsparumas: Iki 125\u00b0C.<\/p>\n<p><strong>Konstrukcija<\/strong><\/p>\n<p>Vidinis ir i\u0161orinis sluoksnis: Sukurtas i\u0161 auk\u0161tos kokyb\u0117s med\u017eiag\u0173, kurios u\u017etikrina ilgalaik\u012f atsparum\u0105 dilimui ir cheminiams poveikiams.<\/p>\n<p>Stiprinimas: Integruotas stiprinimo sluoksnis, kuris u\u017etikrina didesn\u012f atsparum\u0105 mechanin\u0117ms apkrovoms ir sl\u0117giui.<\/p>\n<p>Vidinis pavir\u0161ius: Lygus, u\u017etikrinantis lengv\u0105 ir skland\u0173 med\u017eiag\u0173 tek\u0117jim\u0105.<\/p>\n<p>\u012evair\u016bs diametrai nuo ir ilgiai pagal u\u017esakym\u0105<\/p>\n<p>Vidinis skersmuo nuo 38 mm iki 102 mm, kreipkit\u0117s d\u0117l reikiamo skersmens ir ilgio.<\/p>\n<p class=\"\" data-start=\"1488\" data-end=\"1675\"><strong>Pristatymas 1-2 d.d.<\/strong><\/p>\n<p><strong>Susisiekite su mumis:<\/strong><\/p>\n<p>Nor\u0117dami gauti daugiau informacijos arba u\u017esisakyti, pra\u0161ome susisiekti su m\u016bs\u0173 komanda. Pad\u0117sime pasirinkti geriausi\u0105 sprendim\u0105 pagal j\u016bs\u0173 poreikius, u\u017etikrinsime geriausi\u0105 kain\u0105<\/p>\n<p>rinkoje ir greit\u0105 pristatym\u0105.<\/p>","protected":false},"excerpt":{"rendered":"<p>Maisto kokyb\u0117s, atspari dilimui siurbimo ir i\u0161leidimo \u017earna Paskirtis Skirta perne\u0161ti maisto produktus, tiek skys\u010dius, tiek kietus ar abrazyvinius maisto [&hellip;]<\/p>","protected":false},"featured_media":1252,"template":"","meta":{"site-sidebar-layout":"default","site-content-layout":"","ast-site-content-layout":"default","site-content-style":"default","site-sidebar-style":"default","ast-global-header-display":"","ast-banner-title-visibility":"","ast-main-header-display":"","ast-hfb-above-header-display":"","ast-hfb-below-header-display":"","ast-hfb-mobile-header-display":"","site-post-title":"","ast-breadcrumbs-content":"","ast-featured-img":"","footer-sml-layout":"","ast-disable-related-posts":"","theme-transparent-header-meta":"default","adv-header-id-meta":"","stick-header-meta":"","header-above-stick-meta":"","header-main-stick-meta":"","header-below-stick-meta":"","astra-migrate-meta-layouts":"set","ast-page-background-enabled":"default","ast-page-background-meta":{"desktop":{"background-color":"var(--ast-global-color-4)","background-image":"","background-repeat":"repeat","background-position":"center center","background-size":"auto","background-attachment":"scroll","background-type":"","background-media":"","overlay-type":"","overlay-color":"","overlay-opacity":"","overlay-gradient":""},"tablet":{"background-color":"","background-image":"","background-repeat":"repeat","background-position":"center center","background-size":"auto","background-attachment":"scroll","background-type":"","background-media":"","overlay-type":"","overlay-color":"","overlay-opacity":"","overlay-gradient":""},"mobile":{"background-color":"","background-image":"","background-repeat":"repeat","background-position":"center center","background-size":"auto","background-attachment":"scroll","background-type":"","background-media":"","overlay-type":"","overlay-color":"","overlay-opacity":"","overlay-gradient":""}},"ast-content-background-meta":{"desktop":{"background-color":"var(--ast-global-color-5)","background-image":"","background-repeat":"repeat","background-position":"center center","background-size":"auto","background-attachment":"scroll","background-type":"","background-media":"","overlay-type":"","overlay-color":"","overlay-opacity":"","overlay-gradient":""},"tablet":{"background-color":"var(--ast-global-color-5)","background-image":"","background-repeat":"repeat","background-position":"center center","background-size":"auto","background-attachment":"scroll","background-type":"","background-media":"","overlay-type":"","overlay-color":"","overlay-opacity":"","overlay-gradient":""},"mobile":{"background-color":"var(--ast-global-color-5)","background-image":"","background-repeat":"repeat","background-position":"center center","background-size":"auto","background-attachment":"scroll","background-type":"","background-media":"","overlay-type":"","overlay-color":"","overlay-opacity":"","overlay-gradient":""}}},"product_brand":[],"product_cat":[121],"product_tag":[],"class_list":{"0":"post-1251","1":"product","2":"type-product","3":"status-publish","4":"has-post-thumbnail","6":"product_cat-poliuretano-zarnos-pu-zarnos","7":"desktop-align-left","8":"tablet-align-left","9":"mobile-align-left","11":"first","12":"instock","13":"shipping-taxable","14":"purchasable","15":"product-type-simple"},"yoast_head":"<!-- This site is optimized with the Yoast SEO plugin v27.3 - https:\/\/yoast.com\/product\/yoast-seo-wordpress\/ -->\n<title>\u017darna NORPLAST PUR 386 SCIROPPO PU AS - ENVITEKA<\/title>\n<meta name=\"description\" content=\"Puikiai tinka maisto pramon\u0117je, tiek perne\u0161ant saus\u0105, tiek skyst\u0105 maist\u0105, pavyzd\u017eiui, skyst\u0105 pien\u0105, miltus, ry\u017eius, gr\u016bdus, sultis ir kt. Pristatymas 1-2\" \/>\n<meta name=\"robots\" content=\"index, follow, max-snippet:-1, max-image-preview:large, max-video-preview:-1\" \/>\n<link rel=\"canonical\" href=\"https:\/\/enviteka.lt\/en\/product\/zarna-norplast-pur-386-sciroppo-pu-as\/\" \/>\n<meta property=\"og:locale\" content=\"en_US\" \/>\n<meta property=\"og:type\" content=\"article\" \/>\n<meta property=\"og:title\" content=\"\u017darna NORPLAST PUR 386 SCIROPPO PU AS - ENVITEKA\" \/>\n<meta property=\"og:description\" content=\"Puikiai tinka maisto pramon\u0117je, tiek perne\u0161ant saus\u0105, tiek skyst\u0105 maist\u0105, pavyzd\u017eiui, skyst\u0105 pien\u0105, miltus, ry\u017eius, gr\u016bdus, sultis ir kt. Pristatymas 1-2\" \/>\n<meta property=\"og:url\" content=\"https:\/\/enviteka.lt\/en\/product\/zarna-norplast-pur-386-sciroppo-pu-as\/\" \/>\n<meta property=\"og:site_name\" content=\"ENVITEKA\" \/>\n<meta property=\"article:modified_time\" content=\"2025-04-04T17:45:26+00:00\" \/>\n<meta property=\"og:image\" content=\"https:\/\/enviteka.lt\/wp-content\/uploads\/2025\/03\/ZARNA-NORPLAST-PUR-386.jpg\" \/>\n\t<meta property=\"og:image:width\" content=\"1168\" \/>\n\t<meta property=\"og:image:height\" content=\"699\" \/>\n\t<meta property=\"og:image:type\" content=\"image\/jpeg\" \/>\n<meta name=\"twitter:card\" content=\"summary_large_image\" \/>\n<meta name=\"twitter:label1\" content=\"Est. reading time\" \/>\n\t<meta name=\"twitter:data1\" content=\"2 minutes\" \/>\n<script type=\"application\/ld+json\" class=\"yoast-schema-graph\">{\"@context\":\"https:\\\/\\\/schema.org\",\"@graph\":[{\"@type\":\"WebPage\",\"@id\":\"https:\\\/\\\/enviteka.lt\\\/produktas\\\/zarna-norplast-pur-386-sciroppo-pu-as\\\/\",\"url\":\"https:\\\/\\\/enviteka.lt\\\/produktas\\\/zarna-norplast-pur-386-sciroppo-pu-as\\\/\",\"name\":\"\u017darna NORPLAST PUR 386 SCIROPPO PU AS - ENVITEKA\",\"isPartOf\":{\"@id\":\"https:\\\/\\\/enviteka.lt\\\/#website\"},\"primaryImageOfPage\":{\"@id\":\"https:\\\/\\\/enviteka.lt\\\/produktas\\\/zarna-norplast-pur-386-sciroppo-pu-as\\\/#primaryimage\"},\"image\":{\"@id\":\"https:\\\/\\\/enviteka.lt\\\/produktas\\\/zarna-norplast-pur-386-sciroppo-pu-as\\\/#primaryimage\"},\"thumbnailUrl\":\"https:\\\/\\\/enviteka.lt\\\/wp-content\\\/uploads\\\/2025\\\/03\\\/ZARNA-NORPLAST-PUR-386.jpg\",\"datePublished\":\"2025-03-28T17:12:16+00:00\",\"dateModified\":\"2025-04-04T17:45:26+00:00\",\"description\":\"Puikiai tinka maisto pramon\u0117je, tiek perne\u0161ant saus\u0105, tiek skyst\u0105 maist\u0105, pavyzd\u017eiui, skyst\u0105 pien\u0105, miltus, ry\u017eius, gr\u016bdus, sultis ir kt. Pristatymas 1-2\",\"breadcrumb\":{\"@id\":\"https:\\\/\\\/enviteka.lt\\\/produktas\\\/zarna-norplast-pur-386-sciroppo-pu-as\\\/#breadcrumb\"},\"inLanguage\":\"en-US\",\"potentialAction\":[{\"@type\":\"ReadAction\",\"target\":[\"https:\\\/\\\/enviteka.lt\\\/produktas\\\/zarna-norplast-pur-386-sciroppo-pu-as\\\/\"]}]},{\"@type\":\"ImageObject\",\"inLanguage\":\"en-US\",\"@id\":\"https:\\\/\\\/enviteka.lt\\\/produktas\\\/zarna-norplast-pur-386-sciroppo-pu-as\\\/#primaryimage\",\"url\":\"https:\\\/\\\/enviteka.lt\\\/wp-content\\\/uploads\\\/2025\\\/03\\\/ZARNA-NORPLAST-PUR-386.jpg\",\"contentUrl\":\"https:\\\/\\\/enviteka.lt\\\/wp-content\\\/uploads\\\/2025\\\/03\\\/ZARNA-NORPLAST-PUR-386.jpg\",\"width\":1168,\"height\":699},{\"@type\":\"BreadcrumbList\",\"@id\":\"https:\\\/\\\/enviteka.lt\\\/produktas\\\/zarna-norplast-pur-386-sciroppo-pu-as\\\/#breadcrumb\",\"itemListElement\":[{\"@type\":\"ListItem\",\"position\":1,\"name\":\"Home\",\"item\":\"https:\\\/\\\/enviteka.lt\\\/\"},{\"@type\":\"ListItem\",\"position\":2,\"name\":\"Produktai\",\"item\":\"https:\\\/\\\/enviteka.lt\\\/produktai\\\/\"},{\"@type\":\"ListItem\",\"position\":3,\"name\":\"\u017darna NORPLAST PUR 386 SCIROPPO PU AS\"}]},{\"@type\":\"WebSite\",\"@id\":\"https:\\\/\\\/enviteka.lt\\\/#website\",\"url\":\"https:\\\/\\\/enviteka.lt\\\/\",\"name\":\"ENVITEKA\",\"description\":\"pramonin\u0117s \u012frangos tiek\u0117jas\",\"publisher\":{\"@id\":\"https:\\\/\\\/enviteka.lt\\\/#organization\"},\"potentialAction\":[{\"@type\":\"SearchAction\",\"target\":{\"@type\":\"EntryPoint\",\"urlTemplate\":\"https:\\\/\\\/enviteka.lt\\\/?s={search_term_string}\"},\"query-input\":{\"@type\":\"PropertyValueSpecification\",\"valueRequired\":true,\"valueName\":\"search_term_string\"}}],\"inLanguage\":\"en-US\"},{\"@type\":\"Organization\",\"@id\":\"https:\\\/\\\/enviteka.lt\\\/#organization\",\"name\":\"ENVITEKA\",\"url\":\"https:\\\/\\\/enviteka.lt\\\/\",\"logo\":{\"@type\":\"ImageObject\",\"inLanguage\":\"en-US\",\"@id\":\"https:\\\/\\\/enviteka.lt\\\/#\\\/schema\\\/logo\\\/image\\\/\",\"url\":\"https:\\\/\\\/enviteka.lt\\\/wp-content\\\/uploads\\\/2024\\\/10\\\/enviteka-high-resolution-logo-transparent-e1742852093377.png\",\"contentUrl\":\"https:\\\/\\\/enviteka.lt\\\/wp-content\\\/uploads\\\/2024\\\/10\\\/enviteka-high-resolution-logo-transparent-e1742852093377.png\",\"width\":424,\"height\":150,\"caption\":\"ENVITEKA\"},\"image\":{\"@id\":\"https:\\\/\\\/enviteka.lt\\\/#\\\/schema\\\/logo\\\/image\\\/\"}}]}<\/script>\n<!-- \/ Yoast SEO plugin. -->","yoast_head_json":{"title":"\u017darna NORPLAST PUR 386 SCIROPPO PU AS - ENVITEKA","description":"Puikiai tinka maisto pramon\u0117je, tiek perne\u0161ant saus\u0105, tiek skyst\u0105 maist\u0105, pavyzd\u017eiui, skyst\u0105 pien\u0105, miltus, ry\u017eius, gr\u016bdus, sultis ir kt. Pristatymas 1-2","robots":{"index":"index","follow":"follow","max-snippet":"max-snippet:-1","max-image-preview":"max-image-preview:large","max-video-preview":"max-video-preview:-1"},"canonical":"https:\/\/enviteka.lt\/en\/product\/zarna-norplast-pur-386-sciroppo-pu-as\/","og_locale":"en_US","og_type":"article","og_title":"\u017darna NORPLAST PUR 386 SCIROPPO PU AS - ENVITEKA","og_description":"Puikiai tinka maisto pramon\u0117je, tiek perne\u0161ant saus\u0105, tiek skyst\u0105 maist\u0105, pavyzd\u017eiui, skyst\u0105 pien\u0105, miltus, ry\u017eius, gr\u016bdus, sultis ir kt. Pristatymas 1-2","og_url":"https:\/\/enviteka.lt\/en\/product\/zarna-norplast-pur-386-sciroppo-pu-as\/","og_site_name":"ENVITEKA","article_modified_time":"2025-04-04T17:45:26+00:00","og_image":[{"width":1168,"height":699,"url":"https:\/\/enviteka.lt\/wp-content\/uploads\/2025\/03\/ZARNA-NORPLAST-PUR-386.jpg","type":"image\/jpeg"}],"twitter_card":"summary_large_image","twitter_misc":{"Est. reading time":"2 minutes"},"schema":{"@context":"https:\/\/schema.org","@graph":[{"@type":"WebPage","@id":"https:\/\/enviteka.lt\/produktas\/zarna-norplast-pur-386-sciroppo-pu-as\/","url":"https:\/\/enviteka.lt\/produktas\/zarna-norplast-pur-386-sciroppo-pu-as\/","name":"\u017darna NORPLAST PUR 386 SCIROPPO PU AS - ENVITEKA","isPartOf":{"@id":"https:\/\/enviteka.lt\/#website"},"primaryImageOfPage":{"@id":"https:\/\/enviteka.lt\/produktas\/zarna-norplast-pur-386-sciroppo-pu-as\/#primaryimage"},"image":{"@id":"https:\/\/enviteka.lt\/produktas\/zarna-norplast-pur-386-sciroppo-pu-as\/#primaryimage"},"thumbnailUrl":"https:\/\/enviteka.lt\/wp-content\/uploads\/2025\/03\/ZARNA-NORPLAST-PUR-386.jpg","datePublished":"2025-03-28T17:12:16+00:00","dateModified":"2025-04-04T17:45:26+00:00","description":"Puikiai tinka maisto pramon\u0117je, tiek perne\u0161ant saus\u0105, tiek skyst\u0105 maist\u0105, pavyzd\u017eiui, skyst\u0105 pien\u0105, miltus, ry\u017eius, gr\u016bdus, sultis ir kt. Pristatymas 1-2","breadcrumb":{"@id":"https:\/\/enviteka.lt\/produktas\/zarna-norplast-pur-386-sciroppo-pu-as\/#breadcrumb"},"inLanguage":"en-US","potentialAction":[{"@type":"ReadAction","target":["https:\/\/enviteka.lt\/produktas\/zarna-norplast-pur-386-sciroppo-pu-as\/"]}]},{"@type":"ImageObject","inLanguage":"en-US","@id":"https:\/\/enviteka.lt\/produktas\/zarna-norplast-pur-386-sciroppo-pu-as\/#primaryimage","url":"https:\/\/enviteka.lt\/wp-content\/uploads\/2025\/03\/ZARNA-NORPLAST-PUR-386.jpg","contentUrl":"https:\/\/enviteka.lt\/wp-content\/uploads\/2025\/03\/ZARNA-NORPLAST-PUR-386.jpg","width":1168,"height":699},{"@type":"BreadcrumbList","@id":"https:\/\/enviteka.lt\/produktas\/zarna-norplast-pur-386-sciroppo-pu-as\/#breadcrumb","itemListElement":[{"@type":"ListItem","position":1,"name":"Home","item":"https:\/\/enviteka.lt\/"},{"@type":"ListItem","position":2,"name":"Produktai","item":"https:\/\/enviteka.lt\/produktai\/"},{"@type":"ListItem","position":3,"name":"\u017darna NORPLAST PUR 386 SCIROPPO PU AS"}]},{"@type":"WebSite","@id":"https:\/\/enviteka.lt\/#website","url":"https:\/\/enviteka.lt\/","name":"ENVITEKA","description":"pramonin\u0117s \u012frangos tiek\u0117jas","publisher":{"@id":"https:\/\/enviteka.lt\/#organization"},"potentialAction":[{"@type":"SearchAction","target":{"@type":"EntryPoint","urlTemplate":"https:\/\/enviteka.lt\/?s={search_term_string}"},"query-input":{"@type":"PropertyValueSpecification","valueRequired":true,"valueName":"search_term_string"}}],"inLanguage":"en-US"},{"@type":"Organization","@id":"https:\/\/enviteka.lt\/#organization","name":"ENVITEKA","url":"https:\/\/enviteka.lt\/","logo":{"@type":"ImageObject","inLanguage":"en-US","@id":"https:\/\/enviteka.lt\/#\/schema\/logo\/image\/","url":"https:\/\/enviteka.lt\/wp-content\/uploads\/2024\/10\/enviteka-high-resolution-logo-transparent-e1742852093377.png","contentUrl":"https:\/\/enviteka.lt\/wp-content\/uploads\/2024\/10\/enviteka-high-resolution-logo-transparent-e1742852093377.png","width":424,"height":150,"caption":"ENVITEKA"},"image":{"@id":"https:\/\/enviteka.lt\/#\/schema\/logo\/image\/"}}]}},"_links":{"self":[{"href":"https:\/\/enviteka.lt\/en\/wp-json\/wp\/v2\/product\/1251","targetHints":{"allow":["GET"]}}],"collection":[{"href":"https:\/\/enviteka.lt\/en\/wp-json\/wp\/v2\/product"}],"about":[{"href":"https:\/\/enviteka.lt\/en\/wp-json\/wp\/v2\/types\/product"}],"wp:featuredmedia":[{"embeddable":true,"href":"https:\/\/enviteka.lt\/en\/wp-json\/wp\/v2\/media\/1252"}],"wp:attachment":[{"href":"https:\/\/enviteka.lt\/en\/wp-json\/wp\/v2\/media?parent=1251"}],"wp:term":[{"taxonomy":"product_brand","embeddable":true,"href":"https:\/\/enviteka.lt\/en\/wp-json\/wp\/v2\/product_brand?post=1251"},{"taxonomy":"product_cat","embeddable":true,"href":"https:\/\/enviteka.lt\/en\/wp-json\/wp\/v2\/product_cat?post=1251"},{"taxonomy":"product_tag","embeddable":true,"href":"https:\/\/enviteka.lt\/en\/wp-json\/wp\/v2\/product_tag?post=1251"}],"curies":[{"name":"wp","href":"https:\/\/api.w.org\/{rel}","templated":true}]}}