{"id":1249,"date":"2025-03-28T17:09:03","date_gmt":"2025-03-28T17:09:03","guid":{"rendered":"https:\/\/enviteka.lt\/?post_type=product&#038;p=1249"},"modified":"2025-04-04T17:45:59","modified_gmt":"2025-04-04T17:45:59","slug":"zarna-norplast-pur-385-airflex-pu","status":"publish","type":"product","link":"https:\/\/enviteka.lt\/en\/product\/zarna-norplast-pur-385-airflex-pu\/","title":{"rendered":"\u017darna NORPLAST PUR 385 AIRFLEX PU"},"content":{"rendered":"<p><strong>Lengva universali poliuretano siurbimo \u017earna<\/strong><\/p>\n<p><strong>Paskirtis<\/strong><\/p>\n<p>Skirta \u012fvairi\u0173 med\u017eiag\u0173, toki\u0173 kaip oras, dulk\u0117s, milteliai, smulk\u016bs granuliatai ir pana\u0161ios med\u017eiagos, siurbimui ir perne\u0161imui.<\/p>\n<p>Da\u017enai naudojama pramonin\u0117se srityse, kur reikalinga lengva ir atspari dilimui \u017earna.<\/p>\n<p>Tinka tiek maisto produktams (skys\u010diams, milteliams), tiek \u012fvairiems pramoniniams naudojimams.<\/p>\n<p><strong>Savyb\u0117s<\/strong><\/p>\n<p>Lengva ir lanksti konstrukcija, u\u017etikrinanti lengv\u0105 naudojim\u0105 ir montavim\u0105.<\/p>\n<p>Atspari dilimui, tod\u0117l puikiai tinka sunkioms s\u0105lygoms.<\/p>\n<p>Lygus vidinis pavir\u0161ius u\u017etikrina stabil\u0173 ir skland\u0173 med\u017eiag\u0173 tek\u0117jim\u0105.<\/p>\n<p>Atspari chemikalams ir \u0161armams.<\/p>\n<p>Pagaminta pagal ES ir tarptautinius standartus, u\u017etikrinant auk\u0161t\u0105 kokyb\u0119 ir saug\u0105.<\/p>\n<p>Patvirtinta maisto produkt\u0173 perne\u0161imui, atitinka Europos maisto saugos reikalavimus (pvz., ES Direktyv\u0105 10\/2011 ir EC 1935\/2004).<\/p>\n<p>Temperat\u016bros diapazonas<\/p>\n<p>Darbin\u0117 temperat\u016bra: -25\u00b0C iki 85\u00b0C, priklausomai nuo naudojimo pob\u016bd\u017eio.<\/p>\n<p><strong>Konstrukcija<\/strong><\/p>\n<p>Vidinis ir i\u0161orinis sluoksnis: Poliuretanas (PU), u\u017etikrinantis didel\u012f atsparum\u0105 ir ilgaam\u017ei\u0161kum\u0105.<\/p>\n<p>Stiprinimas: Integruotas PVC spiral\u0117s arba metalin\u0117s vielos pyn\u0117, kad b\u016bt\u0173 u\u017etikrintas papildomas atsparumas ir mechaninis tvirtumas.<\/p>\n<p>Vidinis pavir\u0161ius: Lygus, kad suma\u017eint\u0173 trint\u012f ir pagerint\u0173 med\u017eiag\u0173 tek\u0117jimo efektyvum\u0105.<\/p>\n<p>\u012evair\u016bs diametrai nuo ir ilgiai pagal u\u017esakym\u0105<\/p>\n<p>Vidinis skersmuo nuo 25 mm iki 90 mm, kreipkit\u0117s d\u0117l reikiamo skersmens ir ilgio.<\/p>\n<p class=\"\" data-start=\"1488\" data-end=\"1675\"><strong>Pristatymas 1-2 d.d.<\/strong><\/p>\n<p><strong>Susisiekite su mumis:<\/strong><\/p>\n<p>Nor\u0117dami gauti daugiau informacijos arba u\u017esisakyti, pra\u0161ome susisiekti su m\u016bs\u0173 komanda. Pad\u0117sime pasirinkti geriausi\u0105 sprendim\u0105 pagal j\u016bs\u0173 poreikius, u\u017etikrinsime geriausi\u0105 kain\u0105 rinkoje ir greit\u0105 pristatym\u0105.<\/p>","protected":false},"excerpt":{"rendered":"<p>Lengva universali poliuretano siurbimo \u017earna Paskirtis Skirta \u012fvairi\u0173 med\u017eiag\u0173, toki\u0173 kaip oras, dulk\u0117s, milteliai, smulk\u016bs granuliatai ir pana\u0161ios med\u017eiagos, siurbimui [&hellip;]<\/p>","protected":false},"featured_media":1250,"template":"","meta":{"site-sidebar-layout":"default","site-content-layout":"","ast-site-content-layout":"default","site-content-style":"default","site-sidebar-style":"default","ast-global-header-display":"","ast-banner-title-visibility":"","ast-main-header-display":"","ast-hfb-above-header-display":"","ast-hfb-below-header-display":"","ast-hfb-mobile-header-display":"","site-post-title":"","ast-breadcrumbs-content":"","ast-featured-img":"","footer-sml-layout":"","ast-disable-related-posts":"","theme-transparent-header-meta":"default","adv-header-id-meta":"","stick-header-meta":"","header-above-stick-meta":"","header-main-stick-meta":"","header-below-stick-meta":"","astra-migrate-meta-layouts":"set","ast-page-background-enabled":"default","ast-page-background-meta":{"desktop":{"background-color":"var(--ast-global-color-4)","background-image":"","background-repeat":"repeat","background-position":"center center","background-size":"auto","background-attachment":"scroll","background-type":"","background-media":"","overlay-type":"","overlay-color":"","overlay-opacity":"","overlay-gradient":""},"tablet":{"background-color":"","background-image":"","background-repeat":"repeat","background-position":"center center","background-size":"auto","background-attachment":"scroll","background-type":"","background-media":"","overlay-type":"","overlay-color":"","overlay-opacity":"","overlay-gradient":""},"mobile":{"background-color":"","background-image":"","background-repeat":"repeat","background-position":"center center","background-size":"auto","background-attachment":"scroll","background-type":"","background-media":"","overlay-type":"","overlay-color":"","overlay-opacity":"","overlay-gradient":""}},"ast-content-background-meta":{"desktop":{"background-color":"var(--ast-global-color-5)","background-image":"","background-repeat":"repeat","background-position":"center center","background-size":"auto","background-attachment":"scroll","background-type":"","background-media":"","overlay-type":"","overlay-color":"","overlay-opacity":"","overlay-gradient":""},"tablet":{"background-color":"var(--ast-global-color-5)","background-image":"","background-repeat":"repeat","background-position":"center center","background-size":"auto","background-attachment":"scroll","background-type":"","background-media":"","overlay-type":"","overlay-color":"","overlay-opacity":"","overlay-gradient":""},"mobile":{"background-color":"var(--ast-global-color-5)","background-image":"","background-repeat":"repeat","background-position":"center center","background-size":"auto","background-attachment":"scroll","background-type":"","background-media":"","overlay-type":"","overlay-color":"","overlay-opacity":"","overlay-gradient":""}}},"product_brand":[],"product_cat":[127,121],"product_tag":[],"class_list":{"0":"post-1249","1":"product","2":"type-product","3":"status-publish","4":"has-post-thumbnail","6":"product_cat-plastikines-zarnos","7":"product_cat-poliuretano-zarnos-pu-zarnos","8":"desktop-align-left","9":"tablet-align-left","10":"mobile-align-left","12":"first","13":"instock","14":"shipping-taxable","15":"purchasable","16":"product-type-simple"},"yoast_head":"<!-- This site is optimized with the Yoast SEO plugin v27.3 - https:\/\/yoast.com\/product\/yoast-seo-wordpress\/ -->\n<title>\u017darna NORPLAST PUR 385 AIRFLEX PU - ENVITEKA<\/title>\n<meta name=\"description\" content=\"Lengva universali poliuretano siurbimo \u017earna. Da\u017enai naudojama pramonin\u0117se srityse, kur reikalinga lengva ir atspari dilimui \u017earna. Pristatymas 1-2\" \/>\n<meta name=\"robots\" content=\"index, follow, max-snippet:-1, max-image-preview:large, max-video-preview:-1\" \/>\n<link rel=\"canonical\" href=\"https:\/\/enviteka.lt\/en\/product\/zarna-norplast-pur-385-airflex-pu\/\" \/>\n<meta property=\"og:locale\" content=\"en_US\" \/>\n<meta property=\"og:type\" content=\"article\" \/>\n<meta property=\"og:title\" content=\"\u017darna NORPLAST PUR 385 AIRFLEX PU - ENVITEKA\" \/>\n<meta property=\"og:description\" content=\"Lengva universali poliuretano siurbimo \u017earna. Da\u017enai naudojama pramonin\u0117se srityse, kur reikalinga lengva ir atspari dilimui \u017earna. Pristatymas 1-2\" \/>\n<meta property=\"og:url\" content=\"https:\/\/enviteka.lt\/en\/product\/zarna-norplast-pur-385-airflex-pu\/\" \/>\n<meta property=\"og:site_name\" content=\"ENVITEKA\" \/>\n<meta property=\"article:modified_time\" content=\"2025-04-04T17:45:59+00:00\" \/>\n<meta property=\"og:image\" content=\"https:\/\/enviteka.lt\/wp-content\/uploads\/2025\/03\/zarna-norplast-pur-385-enviteka.jpg\" \/>\n\t<meta property=\"og:image:width\" content=\"1297\" \/>\n\t<meta property=\"og:image:height\" content=\"780\" \/>\n\t<meta property=\"og:image:type\" content=\"image\/jpeg\" \/>\n<meta name=\"twitter:card\" content=\"summary_large_image\" \/>\n<meta name=\"twitter:label1\" content=\"Est. reading time\" \/>\n\t<meta name=\"twitter:data1\" content=\"2 minutes\" \/>\n<script type=\"application\/ld+json\" class=\"yoast-schema-graph\">{\"@context\":\"https:\\\/\\\/schema.org\",\"@graph\":[{\"@type\":\"WebPage\",\"@id\":\"https:\\\/\\\/enviteka.lt\\\/produktas\\\/zarna-norplast-pur-385-airflex-pu\\\/\",\"url\":\"https:\\\/\\\/enviteka.lt\\\/produktas\\\/zarna-norplast-pur-385-airflex-pu\\\/\",\"name\":\"\u017darna NORPLAST PUR 385 AIRFLEX PU - ENVITEKA\",\"isPartOf\":{\"@id\":\"https:\\\/\\\/enviteka.lt\\\/#website\"},\"primaryImageOfPage\":{\"@id\":\"https:\\\/\\\/enviteka.lt\\\/produktas\\\/zarna-norplast-pur-385-airflex-pu\\\/#primaryimage\"},\"image\":{\"@id\":\"https:\\\/\\\/enviteka.lt\\\/produktas\\\/zarna-norplast-pur-385-airflex-pu\\\/#primaryimage\"},\"thumbnailUrl\":\"https:\\\/\\\/enviteka.lt\\\/wp-content\\\/uploads\\\/2025\\\/03\\\/zarna-norplast-pur-385-enviteka.jpg\",\"datePublished\":\"2025-03-28T17:09:03+00:00\",\"dateModified\":\"2025-04-04T17:45:59+00:00\",\"description\":\"Lengva universali poliuretano siurbimo \u017earna. Da\u017enai naudojama pramonin\u0117se srityse, kur reikalinga lengva ir atspari dilimui \u017earna. Pristatymas 1-2\",\"breadcrumb\":{\"@id\":\"https:\\\/\\\/enviteka.lt\\\/produktas\\\/zarna-norplast-pur-385-airflex-pu\\\/#breadcrumb\"},\"inLanguage\":\"en-US\",\"potentialAction\":[{\"@type\":\"ReadAction\",\"target\":[\"https:\\\/\\\/enviteka.lt\\\/produktas\\\/zarna-norplast-pur-385-airflex-pu\\\/\"]}]},{\"@type\":\"ImageObject\",\"inLanguage\":\"en-US\",\"@id\":\"https:\\\/\\\/enviteka.lt\\\/produktas\\\/zarna-norplast-pur-385-airflex-pu\\\/#primaryimage\",\"url\":\"https:\\\/\\\/enviteka.lt\\\/wp-content\\\/uploads\\\/2025\\\/03\\\/zarna-norplast-pur-385-enviteka.jpg\",\"contentUrl\":\"https:\\\/\\\/enviteka.lt\\\/wp-content\\\/uploads\\\/2025\\\/03\\\/zarna-norplast-pur-385-enviteka.jpg\",\"width\":1297,\"height\":780},{\"@type\":\"BreadcrumbList\",\"@id\":\"https:\\\/\\\/enviteka.lt\\\/produktas\\\/zarna-norplast-pur-385-airflex-pu\\\/#breadcrumb\",\"itemListElement\":[{\"@type\":\"ListItem\",\"position\":1,\"name\":\"Home\",\"item\":\"https:\\\/\\\/enviteka.lt\\\/\"},{\"@type\":\"ListItem\",\"position\":2,\"name\":\"Produktai\",\"item\":\"https:\\\/\\\/enviteka.lt\\\/produktai\\\/\"},{\"@type\":\"ListItem\",\"position\":3,\"name\":\"\u017darna NORPLAST PUR 385 AIRFLEX PU\"}]},{\"@type\":\"WebSite\",\"@id\":\"https:\\\/\\\/enviteka.lt\\\/#website\",\"url\":\"https:\\\/\\\/enviteka.lt\\\/\",\"name\":\"ENVITEKA\",\"description\":\"pramonin\u0117s \u012frangos tiek\u0117jas\",\"publisher\":{\"@id\":\"https:\\\/\\\/enviteka.lt\\\/#organization\"},\"potentialAction\":[{\"@type\":\"SearchAction\",\"target\":{\"@type\":\"EntryPoint\",\"urlTemplate\":\"https:\\\/\\\/enviteka.lt\\\/?s={search_term_string}\"},\"query-input\":{\"@type\":\"PropertyValueSpecification\",\"valueRequired\":true,\"valueName\":\"search_term_string\"}}],\"inLanguage\":\"en-US\"},{\"@type\":\"Organization\",\"@id\":\"https:\\\/\\\/enviteka.lt\\\/#organization\",\"name\":\"ENVITEKA\",\"url\":\"https:\\\/\\\/enviteka.lt\\\/\",\"logo\":{\"@type\":\"ImageObject\",\"inLanguage\":\"en-US\",\"@id\":\"https:\\\/\\\/enviteka.lt\\\/#\\\/schema\\\/logo\\\/image\\\/\",\"url\":\"https:\\\/\\\/enviteka.lt\\\/wp-content\\\/uploads\\\/2024\\\/10\\\/enviteka-high-resolution-logo-transparent-e1742852093377.png\",\"contentUrl\":\"https:\\\/\\\/enviteka.lt\\\/wp-content\\\/uploads\\\/2024\\\/10\\\/enviteka-high-resolution-logo-transparent-e1742852093377.png\",\"width\":424,\"height\":150,\"caption\":\"ENVITEKA\"},\"image\":{\"@id\":\"https:\\\/\\\/enviteka.lt\\\/#\\\/schema\\\/logo\\\/image\\\/\"}}]}<\/script>\n<!-- \/ Yoast SEO plugin. -->","yoast_head_json":{"title":"\u017darna NORPLAST PUR 385 AIRFLEX PU - ENVITEKA","description":"Lengva universali poliuretano siurbimo \u017earna. Da\u017enai naudojama pramonin\u0117se srityse, kur reikalinga lengva ir atspari dilimui \u017earna. Pristatymas 1-2","robots":{"index":"index","follow":"follow","max-snippet":"max-snippet:-1","max-image-preview":"max-image-preview:large","max-video-preview":"max-video-preview:-1"},"canonical":"https:\/\/enviteka.lt\/en\/product\/zarna-norplast-pur-385-airflex-pu\/","og_locale":"en_US","og_type":"article","og_title":"\u017darna NORPLAST PUR 385 AIRFLEX PU - ENVITEKA","og_description":"Lengva universali poliuretano siurbimo \u017earna. Da\u017enai naudojama pramonin\u0117se srityse, kur reikalinga lengva ir atspari dilimui \u017earna. Pristatymas 1-2","og_url":"https:\/\/enviteka.lt\/en\/product\/zarna-norplast-pur-385-airflex-pu\/","og_site_name":"ENVITEKA","article_modified_time":"2025-04-04T17:45:59+00:00","og_image":[{"width":1297,"height":780,"url":"https:\/\/enviteka.lt\/wp-content\/uploads\/2025\/03\/zarna-norplast-pur-385-enviteka.jpg","type":"image\/jpeg"}],"twitter_card":"summary_large_image","twitter_misc":{"Est. reading time":"2 minutes"},"schema":{"@context":"https:\/\/schema.org","@graph":[{"@type":"WebPage","@id":"https:\/\/enviteka.lt\/produktas\/zarna-norplast-pur-385-airflex-pu\/","url":"https:\/\/enviteka.lt\/produktas\/zarna-norplast-pur-385-airflex-pu\/","name":"\u017darna NORPLAST PUR 385 AIRFLEX PU - ENVITEKA","isPartOf":{"@id":"https:\/\/enviteka.lt\/#website"},"primaryImageOfPage":{"@id":"https:\/\/enviteka.lt\/produktas\/zarna-norplast-pur-385-airflex-pu\/#primaryimage"},"image":{"@id":"https:\/\/enviteka.lt\/produktas\/zarna-norplast-pur-385-airflex-pu\/#primaryimage"},"thumbnailUrl":"https:\/\/enviteka.lt\/wp-content\/uploads\/2025\/03\/zarna-norplast-pur-385-enviteka.jpg","datePublished":"2025-03-28T17:09:03+00:00","dateModified":"2025-04-04T17:45:59+00:00","description":"Lengva universali poliuretano siurbimo \u017earna. Da\u017enai naudojama pramonin\u0117se srityse, kur reikalinga lengva ir atspari dilimui \u017earna. Pristatymas 1-2","breadcrumb":{"@id":"https:\/\/enviteka.lt\/produktas\/zarna-norplast-pur-385-airflex-pu\/#breadcrumb"},"inLanguage":"en-US","potentialAction":[{"@type":"ReadAction","target":["https:\/\/enviteka.lt\/produktas\/zarna-norplast-pur-385-airflex-pu\/"]}]},{"@type":"ImageObject","inLanguage":"en-US","@id":"https:\/\/enviteka.lt\/produktas\/zarna-norplast-pur-385-airflex-pu\/#primaryimage","url":"https:\/\/enviteka.lt\/wp-content\/uploads\/2025\/03\/zarna-norplast-pur-385-enviteka.jpg","contentUrl":"https:\/\/enviteka.lt\/wp-content\/uploads\/2025\/03\/zarna-norplast-pur-385-enviteka.jpg","width":1297,"height":780},{"@type":"BreadcrumbList","@id":"https:\/\/enviteka.lt\/produktas\/zarna-norplast-pur-385-airflex-pu\/#breadcrumb","itemListElement":[{"@type":"ListItem","position":1,"name":"Home","item":"https:\/\/enviteka.lt\/"},{"@type":"ListItem","position":2,"name":"Produktai","item":"https:\/\/enviteka.lt\/produktai\/"},{"@type":"ListItem","position":3,"name":"\u017darna NORPLAST PUR 385 AIRFLEX PU"}]},{"@type":"WebSite","@id":"https:\/\/enviteka.lt\/#website","url":"https:\/\/enviteka.lt\/","name":"ENVITEKA","description":"pramonin\u0117s \u012frangos tiek\u0117jas","publisher":{"@id":"https:\/\/enviteka.lt\/#organization"},"potentialAction":[{"@type":"SearchAction","target":{"@type":"EntryPoint","urlTemplate":"https:\/\/enviteka.lt\/?s={search_term_string}"},"query-input":{"@type":"PropertyValueSpecification","valueRequired":true,"valueName":"search_term_string"}}],"inLanguage":"en-US"},{"@type":"Organization","@id":"https:\/\/enviteka.lt\/#organization","name":"ENVITEKA","url":"https:\/\/enviteka.lt\/","logo":{"@type":"ImageObject","inLanguage":"en-US","@id":"https:\/\/enviteka.lt\/#\/schema\/logo\/image\/","url":"https:\/\/enviteka.lt\/wp-content\/uploads\/2024\/10\/enviteka-high-resolution-logo-transparent-e1742852093377.png","contentUrl":"https:\/\/enviteka.lt\/wp-content\/uploads\/2024\/10\/enviteka-high-resolution-logo-transparent-e1742852093377.png","width":424,"height":150,"caption":"ENVITEKA"},"image":{"@id":"https:\/\/enviteka.lt\/#\/schema\/logo\/image\/"}}]}},"_links":{"self":[{"href":"https:\/\/enviteka.lt\/en\/wp-json\/wp\/v2\/product\/1249","targetHints":{"allow":["GET"]}}],"collection":[{"href":"https:\/\/enviteka.lt\/en\/wp-json\/wp\/v2\/product"}],"about":[{"href":"https:\/\/enviteka.lt\/en\/wp-json\/wp\/v2\/types\/product"}],"wp:featuredmedia":[{"embeddable":true,"href":"https:\/\/enviteka.lt\/en\/wp-json\/wp\/v2\/media\/1250"}],"wp:attachment":[{"href":"https:\/\/enviteka.lt\/en\/wp-json\/wp\/v2\/media?parent=1249"}],"wp:term":[{"taxonomy":"product_brand","embeddable":true,"href":"https:\/\/enviteka.lt\/en\/wp-json\/wp\/v2\/product_brand?post=1249"},{"taxonomy":"product_cat","embeddable":true,"href":"https:\/\/enviteka.lt\/en\/wp-json\/wp\/v2\/product_cat?post=1249"},{"taxonomy":"product_tag","embeddable":true,"href":"https:\/\/enviteka.lt\/en\/wp-json\/wp\/v2\/product_tag?post=1249"}],"curies":[{"name":"wp","href":"https:\/\/api.w.org\/{rel}","templated":true}]}}