{"id":1244,"date":"2025-03-28T16:52:20","date_gmt":"2025-03-28T16:52:20","guid":{"rendered":"https:\/\/enviteka.lt\/?post_type=product&#038;p=1244"},"modified":"2025-04-04T16:06:07","modified_gmt":"2025-04-04T16:06:07","slug":"zarna-barduc-pvc-381-hd","status":"publish","type":"product","link":"https:\/\/enviteka.lt\/en\/product\/zarna-barduc-pvc-381-hd\/","title":{"rendered":"\u017darna BARDUC PVC 381 HD"},"content":{"rendered":"<p><strong>PVC \u017earna, sunki, su lygiu vidiniu ir i\u0161oriniu pavir\u0161iumi, atspari vakuumui<\/strong><\/p>\n<p><strong>Paskirtis<\/strong><\/p>\n<p>Skirta perne\u0161ti didelius srautus abrazyvi\u0173 med\u017eiag\u0173, biri\u0173 produkt\u0173, granuli\u0173, dulki\u0173, skys\u010di\u0173 ir duj\u0173<\/p>\n<p>Naudojama vakuumin\u0117se transportavimo sistemose, vakuuminiuose bunkeruose, siurbimo konvejeriuose, dozavimo sistemose<\/p>\n<p>Plastik\u0173, chemikal\u0173 pramon\u0117: granuli\u0173 ir milteli\u0173 transportavimas, vakuumini\u0173 konvejeri\u0173 ir siurbli\u0173 sistemos<\/p>\n<p>Popieriaus pramon\u0117: nuotekos, oro i\u0161traukimo sistemos<\/p>\n<p>\u017dem\u0117s \u016bkio pramon\u0117: tr\u0105\u0161os, laistymo sistemos<\/p>\n<p>Vakuumin\u0117s k\u0117limo ir tvarkymo sistemos<\/p>\n<p>I\u0161krovimo, pakrovimo ir transportavimo sistemos, ypa\u010d tose srityse, kur reikalingas vakuumas<\/p>\n<p><strong>Savyb\u0117s<\/strong><\/p>\n<p>Sunkiosios konstrukcijos<\/p>\n<p>Atspari vakuumui<\/p>\n<p>Lygi ir tvirta sienel\u0117, u\u017etikrinanti didel\u012f atsparum\u0105 mechanin\u0117ms apkrovoms<\/p>\n<p>Auk\u0161tas sl\u0117gio ir vakuumo atsparumas<\/p>\n<p>Chemikalams atspari konstrukcija<\/p>\n<p>Pagaminta pagal GMP EC 2023\/2006 standart\u0105<\/p>\n<p>Atitinka RoHS ir REACH reglamentus<\/p>\n<p>Bekvap\u0117 ir beskon\u0117<\/p>\n<p>Temperat\u016bros diapazonas<\/p>\n<p>Darbin\u0117 temperat\u016bra: -20\u00b0C iki +70\u00b0C<\/p>\n<p>Trumpalaikis atsparumas: iki +80\u00b0C<\/p>\n<p><strong>Konstrukcija<\/strong><\/p>\n<p>PVC \u017earna su lygiu pavir\u0161iumi tiek viduje, tiek i\u0161or\u0117je<\/p>\n<p>Viduje: mink\u0161tas PVC, u\u017etikrinantis lankstum\u0105 ir atsparum\u0105<\/p>\n<p>I\u0161or\u0117je: atsparus chemin\u0117ms ir mechanin\u0117ms apkrovoms PVC pavir\u0161ius<\/p>\n<p>Vidinio pavir\u0161iaus lygumas u\u017etikrina skland\u0173 med\u017eiag\u0173 pralaidum\u0105<\/p>\n<p>\u012evair\u016bs diametrai nuo ir ilgiai pagal u\u017esakym\u0105<\/p>\n<p>Vidinis skersmuo nuo 10 mm iki 90 mm, kreipkit\u0117s d\u0117l reikiamo skersmens ir ilgio.<\/p>\n<p class=\"\" data-start=\"1488\" data-end=\"1675\"><strong>Pristatymas 1-2 d.d.<\/strong><\/p>\n<p><strong>Susisiekite su mumis:<\/strong><\/p>\n<p>Nor\u0117dami gauti daugiau informacijos arba u\u017esisakyti, pra\u0161ome susisiekti su m\u016bs\u0173 komanda. Pad\u0117sime pasirinkti geriausi\u0105 sprendim\u0105 pagal j\u016bs\u0173 poreikius, u\u017etikrinsime geriausi\u0105 kain\u0105 rinkoje ir greit\u0105 pristatym\u0105.<\/p>","protected":false},"excerpt":{"rendered":"<p>PVC \u017earna, sunki, su lygiu vidiniu ir i\u0161oriniu pavir\u0161iumi, atspari vakuumui Paskirtis Skirta perne\u0161ti didelius srautus abrazyvi\u0173 med\u017eiag\u0173, biri\u0173 produkt\u0173, [&hellip;]<\/p>","protected":false},"featured_media":1246,"template":"","meta":{"site-sidebar-layout":"default","site-content-layout":"","ast-site-content-layout":"default","site-content-style":"default","site-sidebar-style":"default","ast-global-header-display":"","ast-banner-title-visibility":"","ast-main-header-display":"","ast-hfb-above-header-display":"","ast-hfb-below-header-display":"","ast-hfb-mobile-header-display":"","site-post-title":"","ast-breadcrumbs-content":"","ast-featured-img":"","footer-sml-layout":"","ast-disable-related-posts":"","theme-transparent-header-meta":"default","adv-header-id-meta":"","stick-header-meta":"","header-above-stick-meta":"","header-main-stick-meta":"","header-below-stick-meta":"","astra-migrate-meta-layouts":"set","ast-page-background-enabled":"default","ast-page-background-meta":{"desktop":{"background-color":"var(--ast-global-color-4)","background-image":"","background-repeat":"repeat","background-position":"center center","background-size":"auto","background-attachment":"scroll","background-type":"","background-media":"","overlay-type":"","overlay-color":"","overlay-opacity":"","overlay-gradient":""},"tablet":{"background-color":"","background-image":"","background-repeat":"repeat","background-position":"center center","background-size":"auto","background-attachment":"scroll","background-type":"","background-media":"","overlay-type":"","overlay-color":"","overlay-opacity":"","overlay-gradient":""},"mobile":{"background-color":"","background-image":"","background-repeat":"repeat","background-position":"center center","background-size":"auto","background-attachment":"scroll","background-type":"","background-media":"","overlay-type":"","overlay-color":"","overlay-opacity":"","overlay-gradient":""}},"ast-content-background-meta":{"desktop":{"background-color":"var(--ast-global-color-5)","background-image":"","background-repeat":"repeat","background-position":"center center","background-size":"auto","background-attachment":"scroll","background-type":"","background-media":"","overlay-type":"","overlay-color":"","overlay-opacity":"","overlay-gradient":""},"tablet":{"background-color":"var(--ast-global-color-5)","background-image":"","background-repeat":"repeat","background-position":"center center","background-size":"auto","background-attachment":"scroll","background-type":"","background-media":"","overlay-type":"","overlay-color":"","overlay-opacity":"","overlay-gradient":""},"mobile":{"background-color":"var(--ast-global-color-5)","background-image":"","background-repeat":"repeat","background-position":"center center","background-size":"auto","background-attachment":"scroll","background-type":"","background-media":"","overlay-type":"","overlay-color":"","overlay-opacity":"","overlay-gradient":""}}},"product_brand":[],"product_cat":[108,127],"product_tag":[],"class_list":{"0":"post-1244","1":"product","2":"type-product","3":"status-publish","4":"has-post-thumbnail","6":"product_cat-maisto-produktu-ir-farmacijos-zarnos","7":"product_cat-plastikines-zarnos","8":"desktop-align-left","9":"tablet-align-left","10":"mobile-align-left","12":"first","13":"instock","14":"shipping-taxable","15":"purchasable","16":"product-type-simple"},"yoast_head":"<!-- This site is optimized with the Yoast SEO plugin v27.3 - https:\/\/yoast.com\/product\/yoast-seo-wordpress\/ -->\n<title>\u017darna BARDUC PVC 381 HD - ENVITEKA<\/title>\n<meta name=\"description\" content=\"Skirta perne\u0161ti didelius srautus abrazyvi\u0173 med\u017eiag\u0173, biri\u0173 produkt\u0173, granuli\u0173, dulki\u0173, skys\u010di\u0173 ir duj\u0173. Pristatymas 1-2\" \/>\n<meta name=\"robots\" content=\"index, follow, max-snippet:-1, max-image-preview:large, max-video-preview:-1\" \/>\n<link rel=\"canonical\" href=\"https:\/\/enviteka.lt\/en\/product\/zarna-barduc-pvc-381-hd\/\" \/>\n<meta property=\"og:locale\" content=\"en_US\" \/>\n<meta property=\"og:type\" content=\"article\" \/>\n<meta property=\"og:title\" content=\"\u017darna BARDUC PVC 381 HD - ENVITEKA\" \/>\n<meta property=\"og:description\" content=\"Skirta perne\u0161ti didelius srautus abrazyvi\u0173 med\u017eiag\u0173, biri\u0173 produkt\u0173, granuli\u0173, dulki\u0173, skys\u010di\u0173 ir duj\u0173. Pristatymas 1-2\" \/>\n<meta property=\"og:url\" content=\"https:\/\/enviteka.lt\/en\/product\/zarna-barduc-pvc-381-hd\/\" \/>\n<meta property=\"og:site_name\" content=\"ENVITEKA\" \/>\n<meta property=\"article:modified_time\" content=\"2025-04-04T16:06:07+00:00\" \/>\n<meta property=\"og:image\" content=\"https:\/\/enviteka.lt\/wp-content\/uploads\/2025\/03\/barduc_pvc_381_zarna.jpg\" \/>\n\t<meta property=\"og:image:width\" content=\"1304\" \/>\n\t<meta property=\"og:image:height\" content=\"783\" \/>\n\t<meta property=\"og:image:type\" content=\"image\/jpeg\" \/>\n<meta name=\"twitter:card\" content=\"summary_large_image\" \/>\n<meta name=\"twitter:label1\" content=\"Est. reading time\" \/>\n\t<meta name=\"twitter:data1\" content=\"2 minutes\" \/>\n<script type=\"application\/ld+json\" class=\"yoast-schema-graph\">{\"@context\":\"https:\\\/\\\/schema.org\",\"@graph\":[{\"@type\":\"WebPage\",\"@id\":\"https:\\\/\\\/enviteka.lt\\\/produktas\\\/zarna-barduc-pvc-381-hd\\\/\",\"url\":\"https:\\\/\\\/enviteka.lt\\\/produktas\\\/zarna-barduc-pvc-381-hd\\\/\",\"name\":\"\u017darna BARDUC PVC 381 HD - ENVITEKA\",\"isPartOf\":{\"@id\":\"https:\\\/\\\/enviteka.lt\\\/#website\"},\"primaryImageOfPage\":{\"@id\":\"https:\\\/\\\/enviteka.lt\\\/produktas\\\/zarna-barduc-pvc-381-hd\\\/#primaryimage\"},\"image\":{\"@id\":\"https:\\\/\\\/enviteka.lt\\\/produktas\\\/zarna-barduc-pvc-381-hd\\\/#primaryimage\"},\"thumbnailUrl\":\"https:\\\/\\\/enviteka.lt\\\/wp-content\\\/uploads\\\/2025\\\/03\\\/barduc_pvc_381_zarna.jpg\",\"datePublished\":\"2025-03-28T16:52:20+00:00\",\"dateModified\":\"2025-04-04T16:06:07+00:00\",\"description\":\"Skirta perne\u0161ti didelius srautus abrazyvi\u0173 med\u017eiag\u0173, biri\u0173 produkt\u0173, granuli\u0173, dulki\u0173, skys\u010di\u0173 ir duj\u0173. Pristatymas 1-2\",\"breadcrumb\":{\"@id\":\"https:\\\/\\\/enviteka.lt\\\/produktas\\\/zarna-barduc-pvc-381-hd\\\/#breadcrumb\"},\"inLanguage\":\"en-US\",\"potentialAction\":[{\"@type\":\"ReadAction\",\"target\":[\"https:\\\/\\\/enviteka.lt\\\/produktas\\\/zarna-barduc-pvc-381-hd\\\/\"]}]},{\"@type\":\"ImageObject\",\"inLanguage\":\"en-US\",\"@id\":\"https:\\\/\\\/enviteka.lt\\\/produktas\\\/zarna-barduc-pvc-381-hd\\\/#primaryimage\",\"url\":\"https:\\\/\\\/enviteka.lt\\\/wp-content\\\/uploads\\\/2025\\\/03\\\/barduc_pvc_381_zarna.jpg\",\"contentUrl\":\"https:\\\/\\\/enviteka.lt\\\/wp-content\\\/uploads\\\/2025\\\/03\\\/barduc_pvc_381_zarna.jpg\",\"width\":1304,\"height\":783},{\"@type\":\"BreadcrumbList\",\"@id\":\"https:\\\/\\\/enviteka.lt\\\/produktas\\\/zarna-barduc-pvc-381-hd\\\/#breadcrumb\",\"itemListElement\":[{\"@type\":\"ListItem\",\"position\":1,\"name\":\"Home\",\"item\":\"https:\\\/\\\/enviteka.lt\\\/\"},{\"@type\":\"ListItem\",\"position\":2,\"name\":\"Produktai\",\"item\":\"https:\\\/\\\/enviteka.lt\\\/produktai\\\/\"},{\"@type\":\"ListItem\",\"position\":3,\"name\":\"\u017darna BARDUC PVC 381 HD\"}]},{\"@type\":\"WebSite\",\"@id\":\"https:\\\/\\\/enviteka.lt\\\/#website\",\"url\":\"https:\\\/\\\/enviteka.lt\\\/\",\"name\":\"ENVITEKA\",\"description\":\"pramonin\u0117s \u012frangos tiek\u0117jas\",\"publisher\":{\"@id\":\"https:\\\/\\\/enviteka.lt\\\/#organization\"},\"potentialAction\":[{\"@type\":\"SearchAction\",\"target\":{\"@type\":\"EntryPoint\",\"urlTemplate\":\"https:\\\/\\\/enviteka.lt\\\/?s={search_term_string}\"},\"query-input\":{\"@type\":\"PropertyValueSpecification\",\"valueRequired\":true,\"valueName\":\"search_term_string\"}}],\"inLanguage\":\"en-US\"},{\"@type\":\"Organization\",\"@id\":\"https:\\\/\\\/enviteka.lt\\\/#organization\",\"name\":\"ENVITEKA\",\"url\":\"https:\\\/\\\/enviteka.lt\\\/\",\"logo\":{\"@type\":\"ImageObject\",\"inLanguage\":\"en-US\",\"@id\":\"https:\\\/\\\/enviteka.lt\\\/#\\\/schema\\\/logo\\\/image\\\/\",\"url\":\"https:\\\/\\\/enviteka.lt\\\/wp-content\\\/uploads\\\/2024\\\/10\\\/enviteka-high-resolution-logo-transparent-e1742852093377.png\",\"contentUrl\":\"https:\\\/\\\/enviteka.lt\\\/wp-content\\\/uploads\\\/2024\\\/10\\\/enviteka-high-resolution-logo-transparent-e1742852093377.png\",\"width\":424,\"height\":150,\"caption\":\"ENVITEKA\"},\"image\":{\"@id\":\"https:\\\/\\\/enviteka.lt\\\/#\\\/schema\\\/logo\\\/image\\\/\"}}]}<\/script>\n<!-- \/ Yoast SEO plugin. -->","yoast_head_json":{"title":"\u017darna BARDUC PVC 381 HD - ENVITEKA","description":"Skirta perne\u0161ti didelius srautus abrazyvi\u0173 med\u017eiag\u0173, biri\u0173 produkt\u0173, granuli\u0173, dulki\u0173, skys\u010di\u0173 ir duj\u0173. Pristatymas 1-2","robots":{"index":"index","follow":"follow","max-snippet":"max-snippet:-1","max-image-preview":"max-image-preview:large","max-video-preview":"max-video-preview:-1"},"canonical":"https:\/\/enviteka.lt\/en\/product\/zarna-barduc-pvc-381-hd\/","og_locale":"en_US","og_type":"article","og_title":"\u017darna BARDUC PVC 381 HD - ENVITEKA","og_description":"Skirta perne\u0161ti didelius srautus abrazyvi\u0173 med\u017eiag\u0173, biri\u0173 produkt\u0173, granuli\u0173, dulki\u0173, skys\u010di\u0173 ir duj\u0173. Pristatymas 1-2","og_url":"https:\/\/enviteka.lt\/en\/product\/zarna-barduc-pvc-381-hd\/","og_site_name":"ENVITEKA","article_modified_time":"2025-04-04T16:06:07+00:00","og_image":[{"width":1304,"height":783,"url":"https:\/\/enviteka.lt\/wp-content\/uploads\/2025\/03\/barduc_pvc_381_zarna.jpg","type":"image\/jpeg"}],"twitter_card":"summary_large_image","twitter_misc":{"Est. reading time":"2 minutes"},"schema":{"@context":"https:\/\/schema.org","@graph":[{"@type":"WebPage","@id":"https:\/\/enviteka.lt\/produktas\/zarna-barduc-pvc-381-hd\/","url":"https:\/\/enviteka.lt\/produktas\/zarna-barduc-pvc-381-hd\/","name":"\u017darna BARDUC PVC 381 HD - ENVITEKA","isPartOf":{"@id":"https:\/\/enviteka.lt\/#website"},"primaryImageOfPage":{"@id":"https:\/\/enviteka.lt\/produktas\/zarna-barduc-pvc-381-hd\/#primaryimage"},"image":{"@id":"https:\/\/enviteka.lt\/produktas\/zarna-barduc-pvc-381-hd\/#primaryimage"},"thumbnailUrl":"https:\/\/enviteka.lt\/wp-content\/uploads\/2025\/03\/barduc_pvc_381_zarna.jpg","datePublished":"2025-03-28T16:52:20+00:00","dateModified":"2025-04-04T16:06:07+00:00","description":"Skirta perne\u0161ti didelius srautus abrazyvi\u0173 med\u017eiag\u0173, biri\u0173 produkt\u0173, granuli\u0173, dulki\u0173, skys\u010di\u0173 ir duj\u0173. Pristatymas 1-2","breadcrumb":{"@id":"https:\/\/enviteka.lt\/produktas\/zarna-barduc-pvc-381-hd\/#breadcrumb"},"inLanguage":"en-US","potentialAction":[{"@type":"ReadAction","target":["https:\/\/enviteka.lt\/produktas\/zarna-barduc-pvc-381-hd\/"]}]},{"@type":"ImageObject","inLanguage":"en-US","@id":"https:\/\/enviteka.lt\/produktas\/zarna-barduc-pvc-381-hd\/#primaryimage","url":"https:\/\/enviteka.lt\/wp-content\/uploads\/2025\/03\/barduc_pvc_381_zarna.jpg","contentUrl":"https:\/\/enviteka.lt\/wp-content\/uploads\/2025\/03\/barduc_pvc_381_zarna.jpg","width":1304,"height":783},{"@type":"BreadcrumbList","@id":"https:\/\/enviteka.lt\/produktas\/zarna-barduc-pvc-381-hd\/#breadcrumb","itemListElement":[{"@type":"ListItem","position":1,"name":"Home","item":"https:\/\/enviteka.lt\/"},{"@type":"ListItem","position":2,"name":"Produktai","item":"https:\/\/enviteka.lt\/produktai\/"},{"@type":"ListItem","position":3,"name":"\u017darna BARDUC PVC 381 HD"}]},{"@type":"WebSite","@id":"https:\/\/enviteka.lt\/#website","url":"https:\/\/enviteka.lt\/","name":"ENVITEKA","description":"pramonin\u0117s \u012frangos tiek\u0117jas","publisher":{"@id":"https:\/\/enviteka.lt\/#organization"},"potentialAction":[{"@type":"SearchAction","target":{"@type":"EntryPoint","urlTemplate":"https:\/\/enviteka.lt\/?s={search_term_string}"},"query-input":{"@type":"PropertyValueSpecification","valueRequired":true,"valueName":"search_term_string"}}],"inLanguage":"en-US"},{"@type":"Organization","@id":"https:\/\/enviteka.lt\/#organization","name":"ENVITEKA","url":"https:\/\/enviteka.lt\/","logo":{"@type":"ImageObject","inLanguage":"en-US","@id":"https:\/\/enviteka.lt\/#\/schema\/logo\/image\/","url":"https:\/\/enviteka.lt\/wp-content\/uploads\/2024\/10\/enviteka-high-resolution-logo-transparent-e1742852093377.png","contentUrl":"https:\/\/enviteka.lt\/wp-content\/uploads\/2024\/10\/enviteka-high-resolution-logo-transparent-e1742852093377.png","width":424,"height":150,"caption":"ENVITEKA"},"image":{"@id":"https:\/\/enviteka.lt\/#\/schema\/logo\/image\/"}}]}},"_links":{"self":[{"href":"https:\/\/enviteka.lt\/en\/wp-json\/wp\/v2\/product\/1244","targetHints":{"allow":["GET"]}}],"collection":[{"href":"https:\/\/enviteka.lt\/en\/wp-json\/wp\/v2\/product"}],"about":[{"href":"https:\/\/enviteka.lt\/en\/wp-json\/wp\/v2\/types\/product"}],"wp:featuredmedia":[{"embeddable":true,"href":"https:\/\/enviteka.lt\/en\/wp-json\/wp\/v2\/media\/1246"}],"wp:attachment":[{"href":"https:\/\/enviteka.lt\/en\/wp-json\/wp\/v2\/media?parent=1244"}],"wp:term":[{"taxonomy":"product_brand","embeddable":true,"href":"https:\/\/enviteka.lt\/en\/wp-json\/wp\/v2\/product_brand?post=1244"},{"taxonomy":"product_cat","embeddable":true,"href":"https:\/\/enviteka.lt\/en\/wp-json\/wp\/v2\/product_cat?post=1244"},{"taxonomy":"product_tag","embeddable":true,"href":"https:\/\/enviteka.lt\/en\/wp-json\/wp\/v2\/product_tag?post=1244"}],"curies":[{"name":"wp","href":"https:\/\/api.w.org\/{rel}","templated":true}]}}