{"id":1242,"date":"2025-03-28T16:46:53","date_gmt":"2025-03-28T16:46:53","guid":{"rendered":"https:\/\/enviteka.lt\/?post_type=product&#038;p=1242"},"modified":"2025-03-28T16:51:50","modified_gmt":"2025-03-28T16:51:50","slug":"zarna-airduc-pe-362-md","status":"publish","type":"product","link":"https:\/\/enviteka.lt\/en\/product\/zarna-airduc-pe-362-md\/","title":{"rendered":"\u017darna AIRDUC PE 362 MD"},"content":{"rendered":"<p><strong>Polietileno maisto ir farmacijos pramon\u0117s \u017earna, vidutinio sunkumo<\/strong><\/p>\n<p><strong>Paskirtis<\/strong><\/p>\n<p>Skirta dujoms, dulk\u0117ms, milteliams ir skaiduloms perne\u0161ti<\/p>\n<p>Maisto ir farmacijos pramon\u0117: maisto produkt\u0173 ir farmacini\u0173 med\u017eiag\u0173 transportavimui<\/p>\n<p>Saus\u0173 maisto produkt\u0173, toki\u0173 kaip ry\u017eiai, gr\u016bdai, cukrus, pieno milteliai, kava, arbata, \u0161aldyti produktai, perne\u0161imui<\/p>\n<p>Naudojama mai\u0161yklose, d\u017eiovyklose, pakavimo ma\u0161inose, dideli\u0173 mai\u0161\u0173 (Big Bag) pakrovimui ir i\u0161krovimui, mal\u016bnuose<\/p>\n<p>Tabako pramon\u0117: cigare\u010di\u0173 gamyba, tabako perne\u0161imas<\/p>\n<p>Galvaninio i\u0161traukimo procesai<\/p>\n<p>Chemin\u0117s pramon\u0117s naudojimas: cheminiai garai, gar\u0173 gr\u0105\u017einimas pakrovimo rankose, da\u017e\u0173 garai, pur\u0161kimo r\u016bko i\u0161traukimas<\/p>\n<p><strong>Savyb\u0117s<\/strong><\/p>\n<p>Vidutinio sunkumo konstrukcija<\/p>\n<p>Maistui tinkama sienel\u0117, atitinka: FDA 21 CFR 177.1520 3.1 ir 3.2, EU-Directive 10\/2011 ir EC 1935\/2004<\/p>\n<p>Bekvap\u0117 ir beskon\u0117<\/p>\n<p>Puikus atsparumas \u0161armams ir r\u016bg\u0161tims<\/p>\n<p>Labai atsparus chemikalams<\/p>\n<p>Pagaminta pagal GMP EC 2023\/2006 standart\u0105<\/p>\n<p>Atitinka RoHS ir REACH reglamentus<\/p>\n<p>Temperat\u016bros diapazonas<\/p>\n<p>Darbin\u0117 temperat\u016bra: -35\u00b0C iki +80\u00b0C<\/p>\n<p><strong>Konstrukcija<\/strong><\/p>\n<p>AIRDUC\u00ae profilin\u0117 \u017earna<\/p>\n<p>Viduje: spyruoklinis plienas, tvirtai \u012fkomponuotas sienel\u0117je<\/p>\n<p>Sienel\u0117: specialus polietilenas (PE)<\/p>\n<p>Sienel\u0117s storis: apie 0,8 mm<\/p>\n<p>\u012evair\u016bs diametrai nuo ir ilgiai pagal u\u017esakym\u0105<\/p>\n<p>Vidinis skersmuo nuo 25 mm iki 250 mm, kreipkit\u0117s d\u0117l reikiamo skersmens ir ilgio.<\/p>\n<p class=\"\" data-start=\"1488\" data-end=\"1675\"><strong>Pristatymas 1-2 d.d.<\/strong><\/p>\n<p><strong>Susisiekite su mumis:<\/strong><\/p>\n<p>Nor\u0117dami gauti daugiau informacijos arba u\u017esisakyti, pra\u0161ome susisiekti su m\u016bs\u0173 komanda. Pad\u0117sime pasirinkti geriausi\u0105 sprendim\u0105 pagal j\u016bs\u0173 poreikius, u\u017etikrinsime geriausi\u0105 kain\u0105 rinkoje ir greit\u0105 pristatym\u0105.<\/p>","protected":false},"excerpt":{"rendered":"<p>Polietileno maisto ir farmacijos pramon\u0117s \u017earna, vidutinio sunkumo Paskirtis Skirta dujoms, dulk\u0117ms, milteliams ir skaiduloms perne\u0161ti Maisto ir farmacijos pramon\u0117: [&hellip;]<\/p>","protected":false},"featured_media":1243,"template":"","meta":{"site-sidebar-layout":"default","site-content-layout":"","ast-site-content-layout":"default","site-content-style":"default","site-sidebar-style":"default","ast-global-header-display":"","ast-banner-title-visibility":"","ast-main-header-display":"","ast-hfb-above-header-display":"","ast-hfb-below-header-display":"","ast-hfb-mobile-header-display":"","site-post-title":"","ast-breadcrumbs-content":"","ast-featured-img":"","footer-sml-layout":"","ast-disable-related-posts":"","theme-transparent-header-meta":"default","adv-header-id-meta":"","stick-header-meta":"","header-above-stick-meta":"","header-main-stick-meta":"","header-below-stick-meta":"","astra-migrate-meta-layouts":"set","ast-page-background-enabled":"default","ast-page-background-meta":{"desktop":{"background-color":"var(--ast-global-color-4)","background-image":"","background-repeat":"repeat","background-position":"center center","background-size":"auto","background-attachment":"scroll","background-type":"","background-media":"","overlay-type":"","overlay-color":"","overlay-opacity":"","overlay-gradient":""},"tablet":{"background-color":"","background-image":"","background-repeat":"repeat","background-position":"center center","background-size":"auto","background-attachment":"scroll","background-type":"","background-media":"","overlay-type":"","overlay-color":"","overlay-opacity":"","overlay-gradient":""},"mobile":{"background-color":"","background-image":"","background-repeat":"repeat","background-position":"center center","background-size":"auto","background-attachment":"scroll","background-type":"","background-media":"","overlay-type":"","overlay-color":"","overlay-opacity":"","overlay-gradient":""}},"ast-content-background-meta":{"desktop":{"background-color":"var(--ast-global-color-5)","background-image":"","background-repeat":"repeat","background-position":"center center","background-size":"auto","background-attachment":"scroll","background-type":"","background-media":"","overlay-type":"","overlay-color":"","overlay-opacity":"","overlay-gradient":""},"tablet":{"background-color":"var(--ast-global-color-5)","background-image":"","background-repeat":"repeat","background-position":"center center","background-size":"auto","background-attachment":"scroll","background-type":"","background-media":"","overlay-type":"","overlay-color":"","overlay-opacity":"","overlay-gradient":""},"mobile":{"background-color":"var(--ast-global-color-5)","background-image":"","background-repeat":"repeat","background-position":"center center","background-size":"auto","background-attachment":"scroll","background-type":"","background-media":"","overlay-type":"","overlay-color":"","overlay-opacity":"","overlay-gradient":""}}},"product_brand":[],"product_cat":[108],"product_tag":[],"class_list":{"0":"post-1242","1":"product","2":"type-product","3":"status-publish","4":"has-post-thumbnail","6":"product_cat-maisto-produktu-ir-farmacijos-zarnos","7":"desktop-align-left","8":"tablet-align-left","9":"mobile-align-left","11":"first","12":"instock","13":"shipping-taxable","14":"purchasable","15":"product-type-simple"},"yoast_head":"<!-- This site is optimized with the Yoast SEO plugin v27.3 - https:\/\/yoast.com\/product\/yoast-seo-wordpress\/ -->\n<title>\u017darna AIRDUC PE 362 MD - ENVITEKA<\/title>\n<meta name=\"description\" content=\"Skirta dujoms, dulk\u0117ms, milteliams ir skaiduloms perne\u0161ti. Da\u017eniausiai naudojama tabako pramon\u0117je: cigare\u010di\u0173 gamyba, tabako perne\u0161imas. Pristatymas 1-2\" \/>\n<meta name=\"robots\" content=\"index, follow, max-snippet:-1, max-image-preview:large, max-video-preview:-1\" \/>\n<link rel=\"canonical\" href=\"https:\/\/enviteka.lt\/en\/product\/zarna-airduc-pe-362-md\/\" \/>\n<meta property=\"og:locale\" content=\"en_US\" \/>\n<meta property=\"og:type\" content=\"article\" \/>\n<meta property=\"og:title\" content=\"\u017darna AIRDUC PE 362 MD - ENVITEKA\" \/>\n<meta property=\"og:description\" content=\"Skirta dujoms, dulk\u0117ms, milteliams ir skaiduloms perne\u0161ti. Da\u017eniausiai naudojama tabako pramon\u0117je: cigare\u010di\u0173 gamyba, tabako perne\u0161imas. Pristatymas 1-2\" \/>\n<meta property=\"og:url\" content=\"https:\/\/enviteka.lt\/en\/product\/zarna-airduc-pe-362-md\/\" \/>\n<meta property=\"og:site_name\" content=\"ENVITEKA\" \/>\n<meta property=\"article:modified_time\" content=\"2025-03-28T16:51:50+00:00\" \/>\n<meta property=\"og:image\" content=\"https:\/\/enviteka.lt\/wp-content\/uploads\/2025\/03\/airduc_pe_362_zarna_enviteka.jpg\" \/>\n\t<meta property=\"og:image:width\" content=\"1006\" \/>\n\t<meta property=\"og:image:height\" content=\"613\" \/>\n\t<meta property=\"og:image:type\" content=\"image\/jpeg\" \/>\n<meta name=\"twitter:card\" content=\"summary_large_image\" \/>\n<meta name=\"twitter:label1\" content=\"Est. reading time\" \/>\n\t<meta name=\"twitter:data1\" content=\"2 minutes\" \/>\n<script type=\"application\/ld+json\" class=\"yoast-schema-graph\">{\"@context\":\"https:\\\/\\\/schema.org\",\"@graph\":[{\"@type\":\"WebPage\",\"@id\":\"https:\\\/\\\/enviteka.lt\\\/produktas\\\/zarna-airduc-pe-362-md\\\/\",\"url\":\"https:\\\/\\\/enviteka.lt\\\/produktas\\\/zarna-airduc-pe-362-md\\\/\",\"name\":\"\u017darna AIRDUC PE 362 MD - ENVITEKA\",\"isPartOf\":{\"@id\":\"https:\\\/\\\/enviteka.lt\\\/#website\"},\"primaryImageOfPage\":{\"@id\":\"https:\\\/\\\/enviteka.lt\\\/produktas\\\/zarna-airduc-pe-362-md\\\/#primaryimage\"},\"image\":{\"@id\":\"https:\\\/\\\/enviteka.lt\\\/produktas\\\/zarna-airduc-pe-362-md\\\/#primaryimage\"},\"thumbnailUrl\":\"https:\\\/\\\/enviteka.lt\\\/wp-content\\\/uploads\\\/2025\\\/03\\\/airduc_pe_362_zarna_enviteka.jpg\",\"datePublished\":\"2025-03-28T16:46:53+00:00\",\"dateModified\":\"2025-03-28T16:51:50+00:00\",\"description\":\"Skirta dujoms, dulk\u0117ms, milteliams ir skaiduloms perne\u0161ti. Da\u017eniausiai naudojama tabako pramon\u0117je: cigare\u010di\u0173 gamyba, tabako perne\u0161imas. Pristatymas 1-2\",\"breadcrumb\":{\"@id\":\"https:\\\/\\\/enviteka.lt\\\/produktas\\\/zarna-airduc-pe-362-md\\\/#breadcrumb\"},\"inLanguage\":\"en-US\",\"potentialAction\":[{\"@type\":\"ReadAction\",\"target\":[\"https:\\\/\\\/enviteka.lt\\\/produktas\\\/zarna-airduc-pe-362-md\\\/\"]}]},{\"@type\":\"ImageObject\",\"inLanguage\":\"en-US\",\"@id\":\"https:\\\/\\\/enviteka.lt\\\/produktas\\\/zarna-airduc-pe-362-md\\\/#primaryimage\",\"url\":\"https:\\\/\\\/enviteka.lt\\\/wp-content\\\/uploads\\\/2025\\\/03\\\/airduc_pe_362_zarna_enviteka.jpg\",\"contentUrl\":\"https:\\\/\\\/enviteka.lt\\\/wp-content\\\/uploads\\\/2025\\\/03\\\/airduc_pe_362_zarna_enviteka.jpg\",\"width\":1006,\"height\":613},{\"@type\":\"BreadcrumbList\",\"@id\":\"https:\\\/\\\/enviteka.lt\\\/produktas\\\/zarna-airduc-pe-362-md\\\/#breadcrumb\",\"itemListElement\":[{\"@type\":\"ListItem\",\"position\":1,\"name\":\"Home\",\"item\":\"https:\\\/\\\/enviteka.lt\\\/\"},{\"@type\":\"ListItem\",\"position\":2,\"name\":\"Produktai\",\"item\":\"https:\\\/\\\/enviteka.lt\\\/produktai\\\/\"},{\"@type\":\"ListItem\",\"position\":3,\"name\":\"\u017darna AIRDUC PE 362 MD\"}]},{\"@type\":\"WebSite\",\"@id\":\"https:\\\/\\\/enviteka.lt\\\/#website\",\"url\":\"https:\\\/\\\/enviteka.lt\\\/\",\"name\":\"ENVITEKA\",\"description\":\"pramonin\u0117s \u012frangos tiek\u0117jas\",\"publisher\":{\"@id\":\"https:\\\/\\\/enviteka.lt\\\/#organization\"},\"potentialAction\":[{\"@type\":\"SearchAction\",\"target\":{\"@type\":\"EntryPoint\",\"urlTemplate\":\"https:\\\/\\\/enviteka.lt\\\/?s={search_term_string}\"},\"query-input\":{\"@type\":\"PropertyValueSpecification\",\"valueRequired\":true,\"valueName\":\"search_term_string\"}}],\"inLanguage\":\"en-US\"},{\"@type\":\"Organization\",\"@id\":\"https:\\\/\\\/enviteka.lt\\\/#organization\",\"name\":\"ENVITEKA\",\"url\":\"https:\\\/\\\/enviteka.lt\\\/\",\"logo\":{\"@type\":\"ImageObject\",\"inLanguage\":\"en-US\",\"@id\":\"https:\\\/\\\/enviteka.lt\\\/#\\\/schema\\\/logo\\\/image\\\/\",\"url\":\"https:\\\/\\\/enviteka.lt\\\/wp-content\\\/uploads\\\/2024\\\/10\\\/enviteka-high-resolution-logo-transparent-e1742852093377.png\",\"contentUrl\":\"https:\\\/\\\/enviteka.lt\\\/wp-content\\\/uploads\\\/2024\\\/10\\\/enviteka-high-resolution-logo-transparent-e1742852093377.png\",\"width\":424,\"height\":150,\"caption\":\"ENVITEKA\"},\"image\":{\"@id\":\"https:\\\/\\\/enviteka.lt\\\/#\\\/schema\\\/logo\\\/image\\\/\"}}]}<\/script>\n<!-- \/ Yoast SEO plugin. -->","yoast_head_json":{"title":"\u017darna AIRDUC PE 362 MD - ENVITEKA","description":"Skirta dujoms, dulk\u0117ms, milteliams ir skaiduloms perne\u0161ti. Da\u017eniausiai naudojama tabako pramon\u0117je: cigare\u010di\u0173 gamyba, tabako perne\u0161imas. Pristatymas 1-2","robots":{"index":"index","follow":"follow","max-snippet":"max-snippet:-1","max-image-preview":"max-image-preview:large","max-video-preview":"max-video-preview:-1"},"canonical":"https:\/\/enviteka.lt\/en\/product\/zarna-airduc-pe-362-md\/","og_locale":"en_US","og_type":"article","og_title":"\u017darna AIRDUC PE 362 MD - ENVITEKA","og_description":"Skirta dujoms, dulk\u0117ms, milteliams ir skaiduloms perne\u0161ti. Da\u017eniausiai naudojama tabako pramon\u0117je: cigare\u010di\u0173 gamyba, tabako perne\u0161imas. Pristatymas 1-2","og_url":"https:\/\/enviteka.lt\/en\/product\/zarna-airduc-pe-362-md\/","og_site_name":"ENVITEKA","article_modified_time":"2025-03-28T16:51:50+00:00","og_image":[{"width":1006,"height":613,"url":"https:\/\/enviteka.lt\/wp-content\/uploads\/2025\/03\/airduc_pe_362_zarna_enviteka.jpg","type":"image\/jpeg"}],"twitter_card":"summary_large_image","twitter_misc":{"Est. reading time":"2 minutes"},"schema":{"@context":"https:\/\/schema.org","@graph":[{"@type":"WebPage","@id":"https:\/\/enviteka.lt\/produktas\/zarna-airduc-pe-362-md\/","url":"https:\/\/enviteka.lt\/produktas\/zarna-airduc-pe-362-md\/","name":"\u017darna AIRDUC PE 362 MD - ENVITEKA","isPartOf":{"@id":"https:\/\/enviteka.lt\/#website"},"primaryImageOfPage":{"@id":"https:\/\/enviteka.lt\/produktas\/zarna-airduc-pe-362-md\/#primaryimage"},"image":{"@id":"https:\/\/enviteka.lt\/produktas\/zarna-airduc-pe-362-md\/#primaryimage"},"thumbnailUrl":"https:\/\/enviteka.lt\/wp-content\/uploads\/2025\/03\/airduc_pe_362_zarna_enviteka.jpg","datePublished":"2025-03-28T16:46:53+00:00","dateModified":"2025-03-28T16:51:50+00:00","description":"Skirta dujoms, dulk\u0117ms, milteliams ir skaiduloms perne\u0161ti. Da\u017eniausiai naudojama tabako pramon\u0117je: cigare\u010di\u0173 gamyba, tabako perne\u0161imas. Pristatymas 1-2","breadcrumb":{"@id":"https:\/\/enviteka.lt\/produktas\/zarna-airduc-pe-362-md\/#breadcrumb"},"inLanguage":"en-US","potentialAction":[{"@type":"ReadAction","target":["https:\/\/enviteka.lt\/produktas\/zarna-airduc-pe-362-md\/"]}]},{"@type":"ImageObject","inLanguage":"en-US","@id":"https:\/\/enviteka.lt\/produktas\/zarna-airduc-pe-362-md\/#primaryimage","url":"https:\/\/enviteka.lt\/wp-content\/uploads\/2025\/03\/airduc_pe_362_zarna_enviteka.jpg","contentUrl":"https:\/\/enviteka.lt\/wp-content\/uploads\/2025\/03\/airduc_pe_362_zarna_enviteka.jpg","width":1006,"height":613},{"@type":"BreadcrumbList","@id":"https:\/\/enviteka.lt\/produktas\/zarna-airduc-pe-362-md\/#breadcrumb","itemListElement":[{"@type":"ListItem","position":1,"name":"Home","item":"https:\/\/enviteka.lt\/"},{"@type":"ListItem","position":2,"name":"Produktai","item":"https:\/\/enviteka.lt\/produktai\/"},{"@type":"ListItem","position":3,"name":"\u017darna AIRDUC PE 362 MD"}]},{"@type":"WebSite","@id":"https:\/\/enviteka.lt\/#website","url":"https:\/\/enviteka.lt\/","name":"ENVITEKA","description":"pramonin\u0117s \u012frangos tiek\u0117jas","publisher":{"@id":"https:\/\/enviteka.lt\/#organization"},"potentialAction":[{"@type":"SearchAction","target":{"@type":"EntryPoint","urlTemplate":"https:\/\/enviteka.lt\/?s={search_term_string}"},"query-input":{"@type":"PropertyValueSpecification","valueRequired":true,"valueName":"search_term_string"}}],"inLanguage":"en-US"},{"@type":"Organization","@id":"https:\/\/enviteka.lt\/#organization","name":"ENVITEKA","url":"https:\/\/enviteka.lt\/","logo":{"@type":"ImageObject","inLanguage":"en-US","@id":"https:\/\/enviteka.lt\/#\/schema\/logo\/image\/","url":"https:\/\/enviteka.lt\/wp-content\/uploads\/2024\/10\/enviteka-high-resolution-logo-transparent-e1742852093377.png","contentUrl":"https:\/\/enviteka.lt\/wp-content\/uploads\/2024\/10\/enviteka-high-resolution-logo-transparent-e1742852093377.png","width":424,"height":150,"caption":"ENVITEKA"},"image":{"@id":"https:\/\/enviteka.lt\/#\/schema\/logo\/image\/"}}]}},"_links":{"self":[{"href":"https:\/\/enviteka.lt\/en\/wp-json\/wp\/v2\/product\/1242","targetHints":{"allow":["GET"]}}],"collection":[{"href":"https:\/\/enviteka.lt\/en\/wp-json\/wp\/v2\/product"}],"about":[{"href":"https:\/\/enviteka.lt\/en\/wp-json\/wp\/v2\/types\/product"}],"wp:featuredmedia":[{"embeddable":true,"href":"https:\/\/enviteka.lt\/en\/wp-json\/wp\/v2\/media\/1243"}],"wp:attachment":[{"href":"https:\/\/enviteka.lt\/en\/wp-json\/wp\/v2\/media?parent=1242"}],"wp:term":[{"taxonomy":"product_brand","embeddable":true,"href":"https:\/\/enviteka.lt\/en\/wp-json\/wp\/v2\/product_brand?post=1242"},{"taxonomy":"product_cat","embeddable":true,"href":"https:\/\/enviteka.lt\/en\/wp-json\/wp\/v2\/product_cat?post=1242"},{"taxonomy":"product_tag","embeddable":true,"href":"https:\/\/enviteka.lt\/en\/wp-json\/wp\/v2\/product_tag?post=1242"}],"curies":[{"name":"wp","href":"https:\/\/api.w.org\/{rel}","templated":true}]}}