{"id":1236,"date":"2025-03-28T16:30:46","date_gmt":"2025-03-28T16:30:46","guid":{"rendered":"https:\/\/enviteka.lt\/?post_type=product&#038;p=1236"},"modified":"2025-03-28T16:34:22","modified_gmt":"2025-03-28T16:34:22","slug":"zarna-3455-milkcord-sp","status":"publish","type":"product","link":"https:\/\/enviteka.lt\/en\/product\/zarna-3455-milkcord-sp\/","title":{"rendered":"\u017darna 3455 MILKCORD\/SP"},"content":{"rendered":"<p><strong>Maisto produkt\u0173 siurbimo\/i\u0161krovimo \u017earna<\/strong><\/p>\n<p><strong>Paskirtis<\/strong><\/p>\n<p>Skirta maisto produkt\u0173 skys\u010di\u0173 ir biri\u0173 med\u017eiag\u0173 siurbimui bei i\u0161krovimui<\/p>\n<p>Tinka transportuoti pien\u0105 ir pieno produktus, aliejus, vaisi\u0173 sultis, riebius maisto produktus bei silpnai alkoholinius g\u0117rimus (iki 15% alkoholio)<\/p>\n<p>Naudojama mobiliam pieno pri\u0117mimui<\/p>\n<p><strong>Savyb\u0117s<\/strong><\/p>\n<p>Bekvap\u0117 ir beskon\u0117<\/p>\n<p>Atspari alkoholiui iki 15%<\/p>\n<p>Vakuumo atsparumas: iki 0,8 bar<\/p>\n<p>Sprogimo sl\u0117gis: 30 bar<\/p>\n<p>Atitinka standartus: EN ISO 1307:2008, FDA (CFR 21 \u00a7 177.2600), EU 1935\/2004, BfR XXI:2002 (2 kategorija)<\/p>\n<p><strong>Temperat\u016bros diapazonas<\/strong><\/p>\n<p>Darbin\u0117 temperat\u016bra: -20\u00b0C iki +90\u00b0C<\/p>\n<p>Maksimali garinio valymo temperat\u016bra: 130\u00b0C<\/p>\n<p>Maksimalus garinio valymo laikas: 30 min be sl\u0117gio<\/p>\n<p><strong>Konstrukcija<\/strong><\/p>\n<p>Vidinis sluoksnis: NBR (nitrilo kau\u010diukas)<\/p>\n<p>I\u0161orinis sluoksnis: modifikuotas elastomeras, audinio ra\u0161to pavir\u0161ius<\/p>\n<p>Vidinis pavir\u0161ius: besi\u016blis, lygus, bekvapis ir beskonis<\/p>\n<p>Sutvirtinimas: tekstiliniai sluoksniai ir plienin\u0117 spiral\u0117<\/p>\n<p>Papildomas sustiprinimas pirmin\u0117se dilimo vietose<\/p>\n<p>\u012evair\u016bs diametrai nuo ir ilgiai pagal u\u017esakym\u0105<\/p>\n<p>Vidinis skersmuo nuo 32 mm iki 102 mm, kreipkit\u0117s d\u0117l reikiamo skersmens ir ilgio.<\/p>\n<p class=\"\" data-start=\"1488\" data-end=\"1675\"><strong>Pristatymas 1-2 d.d.<\/strong><\/p>\n<p><strong>Susisiekite su mumis:<\/strong><\/p>\n<p>Nor\u0117dami gauti daugiau informacijos arba u\u017esisakyti, pra\u0161ome susisiekti su m\u016bs\u0173 komanda. Pad\u0117sime pasirinkti geriausi\u0105 sprendim\u0105 pagal j\u016bs\u0173 poreikius, u\u017etikrinsime geriausi\u0105 kain\u0105 rinkoje ir greit\u0105 pristatym\u0105.<\/p>","protected":false},"excerpt":{"rendered":"<p>Maisto produkt\u0173 siurbimo\/i\u0161krovimo \u017earna Paskirtis Skirta maisto produkt\u0173 skys\u010di\u0173 ir biri\u0173 med\u017eiag\u0173 siurbimui bei i\u0161krovimui Tinka transportuoti pien\u0105 ir pieno [&hellip;]<\/p>","protected":false},"featured_media":1235,"template":"","meta":{"site-sidebar-layout":"default","site-content-layout":"","ast-site-content-layout":"default","site-content-style":"default","site-sidebar-style":"default","ast-global-header-display":"","ast-banner-title-visibility":"","ast-main-header-display":"","ast-hfb-above-header-display":"","ast-hfb-below-header-display":"","ast-hfb-mobile-header-display":"","site-post-title":"","ast-breadcrumbs-content":"","ast-featured-img":"","footer-sml-layout":"","ast-disable-related-posts":"","theme-transparent-header-meta":"default","adv-header-id-meta":"","stick-header-meta":"","header-above-stick-meta":"","header-main-stick-meta":"","header-below-stick-meta":"","astra-migrate-meta-layouts":"set","ast-page-background-enabled":"default","ast-page-background-meta":{"desktop":{"background-color":"var(--ast-global-color-4)","background-image":"","background-repeat":"repeat","background-position":"center center","background-size":"auto","background-attachment":"scroll","background-type":"","background-media":"","overlay-type":"","overlay-color":"","overlay-opacity":"","overlay-gradient":""},"tablet":{"background-color":"","background-image":"","background-repeat":"repeat","background-position":"center center","background-size":"auto","background-attachment":"scroll","background-type":"","background-media":"","overlay-type":"","overlay-color":"","overlay-opacity":"","overlay-gradient":""},"mobile":{"background-color":"","background-image":"","background-repeat":"repeat","background-position":"center center","background-size":"auto","background-attachment":"scroll","background-type":"","background-media":"","overlay-type":"","overlay-color":"","overlay-opacity":"","overlay-gradient":""}},"ast-content-background-meta":{"desktop":{"background-color":"var(--ast-global-color-5)","background-image":"","background-repeat":"repeat","background-position":"center center","background-size":"auto","background-attachment":"scroll","background-type":"","background-media":"","overlay-type":"","overlay-color":"","overlay-opacity":"","overlay-gradient":""},"tablet":{"background-color":"var(--ast-global-color-5)","background-image":"","background-repeat":"repeat","background-position":"center center","background-size":"auto","background-attachment":"scroll","background-type":"","background-media":"","overlay-type":"","overlay-color":"","overlay-opacity":"","overlay-gradient":""},"mobile":{"background-color":"var(--ast-global-color-5)","background-image":"","background-repeat":"repeat","background-position":"center center","background-size":"auto","background-attachment":"scroll","background-type":"","background-media":"","overlay-type":"","overlay-color":"","overlay-opacity":"","overlay-gradient":""}}},"product_brand":[],"product_cat":[108],"product_tag":[],"class_list":{"0":"post-1236","1":"product","2":"type-product","3":"status-publish","4":"has-post-thumbnail","6":"product_cat-maisto-produktu-ir-farmacijos-zarnos","7":"desktop-align-left","8":"tablet-align-left","9":"mobile-align-left","11":"first","12":"instock","13":"shipping-taxable","14":"purchasable","15":"product-type-simple"},"yoast_head":"<!-- This site is optimized with the Yoast SEO plugin v27.3 - https:\/\/yoast.com\/product\/yoast-seo-wordpress\/ -->\n<title>\u017darna 3455 MILKCORD\/SP - ENVITEKA<\/title>\n<meta name=\"description\" content=\"\u017darna tinka transportuoti pien\u0105 ir pieno produktus, aliejus, vaisi\u0173 sultis, riebius maisto produktus bei silpnai alkoholinius g\u0117rimus (iki 15% alkoholio). Pristatymas 1-2 d\" \/>\n<meta name=\"robots\" content=\"index, follow, max-snippet:-1, max-image-preview:large, max-video-preview:-1\" \/>\n<link rel=\"canonical\" href=\"https:\/\/enviteka.lt\/en\/product\/zarna-3455-milkcord-sp\/\" \/>\n<meta property=\"og:locale\" content=\"en_US\" \/>\n<meta property=\"og:type\" content=\"article\" \/>\n<meta property=\"og:title\" content=\"\u017darna 3455 MILKCORD\/SP - ENVITEKA\" \/>\n<meta property=\"og:description\" content=\"\u017darna tinka transportuoti pien\u0105 ir pieno produktus, aliejus, vaisi\u0173 sultis, riebius maisto produktus bei silpnai alkoholinius g\u0117rimus (iki 15% alkoholio). Pristatymas 1-2 d\" \/>\n<meta property=\"og:url\" content=\"https:\/\/enviteka.lt\/en\/product\/zarna-3455-milkcord-sp\/\" \/>\n<meta property=\"og:site_name\" content=\"ENVITEKA\" \/>\n<meta property=\"article:modified_time\" content=\"2025-03-28T16:34:22+00:00\" \/>\n<meta property=\"og:image\" content=\"https:\/\/enviteka.lt\/wp-content\/uploads\/2025\/03\/airduc-pur-356-zarna-1.jpg\" \/>\n\t<meta property=\"og:image:width\" content=\"996\" \/>\n\t<meta property=\"og:image:height\" content=\"614\" \/>\n\t<meta property=\"og:image:type\" content=\"image\/jpeg\" \/>\n<meta name=\"twitter:card\" content=\"summary_large_image\" \/>\n<meta name=\"twitter:label1\" content=\"Est. reading time\" \/>\n\t<meta name=\"twitter:data1\" content=\"2 minutes\" \/>\n<script type=\"application\/ld+json\" class=\"yoast-schema-graph\">{\"@context\":\"https:\\\/\\\/schema.org\",\"@graph\":[{\"@type\":\"WebPage\",\"@id\":\"https:\\\/\\\/enviteka.lt\\\/produktas\\\/zarna-3455-milkcord-sp\\\/\",\"url\":\"https:\\\/\\\/enviteka.lt\\\/produktas\\\/zarna-3455-milkcord-sp\\\/\",\"name\":\"\u017darna 3455 MILKCORD\\\/SP - ENVITEKA\",\"isPartOf\":{\"@id\":\"https:\\\/\\\/enviteka.lt\\\/#website\"},\"primaryImageOfPage\":{\"@id\":\"https:\\\/\\\/enviteka.lt\\\/produktas\\\/zarna-3455-milkcord-sp\\\/#primaryimage\"},\"image\":{\"@id\":\"https:\\\/\\\/enviteka.lt\\\/produktas\\\/zarna-3455-milkcord-sp\\\/#primaryimage\"},\"thumbnailUrl\":\"https:\\\/\\\/enviteka.lt\\\/wp-content\\\/uploads\\\/2025\\\/03\\\/airduc-pur-356-zarna-1.jpg\",\"datePublished\":\"2025-03-28T16:30:46+00:00\",\"dateModified\":\"2025-03-28T16:34:22+00:00\",\"description\":\"\u017darna tinka transportuoti pien\u0105 ir pieno produktus, aliejus, vaisi\u0173 sultis, riebius maisto produktus bei silpnai alkoholinius g\u0117rimus (iki 15% alkoholio). Pristatymas 1-2 d\",\"breadcrumb\":{\"@id\":\"https:\\\/\\\/enviteka.lt\\\/produktas\\\/zarna-3455-milkcord-sp\\\/#breadcrumb\"},\"inLanguage\":\"en-US\",\"potentialAction\":[{\"@type\":\"ReadAction\",\"target\":[\"https:\\\/\\\/enviteka.lt\\\/produktas\\\/zarna-3455-milkcord-sp\\\/\"]}]},{\"@type\":\"ImageObject\",\"inLanguage\":\"en-US\",\"@id\":\"https:\\\/\\\/enviteka.lt\\\/produktas\\\/zarna-3455-milkcord-sp\\\/#primaryimage\",\"url\":\"https:\\\/\\\/enviteka.lt\\\/wp-content\\\/uploads\\\/2025\\\/03\\\/airduc-pur-356-zarna-1.jpg\",\"contentUrl\":\"https:\\\/\\\/enviteka.lt\\\/wp-content\\\/uploads\\\/2025\\\/03\\\/airduc-pur-356-zarna-1.jpg\",\"width\":996,\"height\":614},{\"@type\":\"BreadcrumbList\",\"@id\":\"https:\\\/\\\/enviteka.lt\\\/produktas\\\/zarna-3455-milkcord-sp\\\/#breadcrumb\",\"itemListElement\":[{\"@type\":\"ListItem\",\"position\":1,\"name\":\"Home\",\"item\":\"https:\\\/\\\/enviteka.lt\\\/\"},{\"@type\":\"ListItem\",\"position\":2,\"name\":\"Produktai\",\"item\":\"https:\\\/\\\/enviteka.lt\\\/produktai\\\/\"},{\"@type\":\"ListItem\",\"position\":3,\"name\":\"\u017darna 3455 MILKCORD\\\/SP\"}]},{\"@type\":\"WebSite\",\"@id\":\"https:\\\/\\\/enviteka.lt\\\/#website\",\"url\":\"https:\\\/\\\/enviteka.lt\\\/\",\"name\":\"ENVITEKA\",\"description\":\"pramonin\u0117s \u012frangos tiek\u0117jas\",\"publisher\":{\"@id\":\"https:\\\/\\\/enviteka.lt\\\/#organization\"},\"potentialAction\":[{\"@type\":\"SearchAction\",\"target\":{\"@type\":\"EntryPoint\",\"urlTemplate\":\"https:\\\/\\\/enviteka.lt\\\/?s={search_term_string}\"},\"query-input\":{\"@type\":\"PropertyValueSpecification\",\"valueRequired\":true,\"valueName\":\"search_term_string\"}}],\"inLanguage\":\"en-US\"},{\"@type\":\"Organization\",\"@id\":\"https:\\\/\\\/enviteka.lt\\\/#organization\",\"name\":\"ENVITEKA\",\"url\":\"https:\\\/\\\/enviteka.lt\\\/\",\"logo\":{\"@type\":\"ImageObject\",\"inLanguage\":\"en-US\",\"@id\":\"https:\\\/\\\/enviteka.lt\\\/#\\\/schema\\\/logo\\\/image\\\/\",\"url\":\"https:\\\/\\\/enviteka.lt\\\/wp-content\\\/uploads\\\/2024\\\/10\\\/enviteka-high-resolution-logo-transparent-e1742852093377.png\",\"contentUrl\":\"https:\\\/\\\/enviteka.lt\\\/wp-content\\\/uploads\\\/2024\\\/10\\\/enviteka-high-resolution-logo-transparent-e1742852093377.png\",\"width\":424,\"height\":150,\"caption\":\"ENVITEKA\"},\"image\":{\"@id\":\"https:\\\/\\\/enviteka.lt\\\/#\\\/schema\\\/logo\\\/image\\\/\"}}]}<\/script>\n<!-- \/ Yoast SEO plugin. -->","yoast_head_json":{"title":"\u017darna 3455 MILKCORD\/SP - ENVITEKA","description":"\u017darna tinka transportuoti pien\u0105 ir pieno produktus, aliejus, vaisi\u0173 sultis, riebius maisto produktus bei silpnai alkoholinius g\u0117rimus (iki 15% alkoholio). Pristatymas 1-2 d","robots":{"index":"index","follow":"follow","max-snippet":"max-snippet:-1","max-image-preview":"max-image-preview:large","max-video-preview":"max-video-preview:-1"},"canonical":"https:\/\/enviteka.lt\/en\/product\/zarna-3455-milkcord-sp\/","og_locale":"en_US","og_type":"article","og_title":"\u017darna 3455 MILKCORD\/SP - ENVITEKA","og_description":"\u017darna tinka transportuoti pien\u0105 ir pieno produktus, aliejus, vaisi\u0173 sultis, riebius maisto produktus bei silpnai alkoholinius g\u0117rimus (iki 15% alkoholio). Pristatymas 1-2 d","og_url":"https:\/\/enviteka.lt\/en\/product\/zarna-3455-milkcord-sp\/","og_site_name":"ENVITEKA","article_modified_time":"2025-03-28T16:34:22+00:00","og_image":[{"width":996,"height":614,"url":"https:\/\/enviteka.lt\/wp-content\/uploads\/2025\/03\/airduc-pur-356-zarna-1.jpg","type":"image\/jpeg"}],"twitter_card":"summary_large_image","twitter_misc":{"Est. reading time":"2 minutes"},"schema":{"@context":"https:\/\/schema.org","@graph":[{"@type":"WebPage","@id":"https:\/\/enviteka.lt\/produktas\/zarna-3455-milkcord-sp\/","url":"https:\/\/enviteka.lt\/produktas\/zarna-3455-milkcord-sp\/","name":"\u017darna 3455 MILKCORD\/SP - ENVITEKA","isPartOf":{"@id":"https:\/\/enviteka.lt\/#website"},"primaryImageOfPage":{"@id":"https:\/\/enviteka.lt\/produktas\/zarna-3455-milkcord-sp\/#primaryimage"},"image":{"@id":"https:\/\/enviteka.lt\/produktas\/zarna-3455-milkcord-sp\/#primaryimage"},"thumbnailUrl":"https:\/\/enviteka.lt\/wp-content\/uploads\/2025\/03\/airduc-pur-356-zarna-1.jpg","datePublished":"2025-03-28T16:30:46+00:00","dateModified":"2025-03-28T16:34:22+00:00","description":"\u017darna tinka transportuoti pien\u0105 ir pieno produktus, aliejus, vaisi\u0173 sultis, riebius maisto produktus bei silpnai alkoholinius g\u0117rimus (iki 15% alkoholio). Pristatymas 1-2 d","breadcrumb":{"@id":"https:\/\/enviteka.lt\/produktas\/zarna-3455-milkcord-sp\/#breadcrumb"},"inLanguage":"en-US","potentialAction":[{"@type":"ReadAction","target":["https:\/\/enviteka.lt\/produktas\/zarna-3455-milkcord-sp\/"]}]},{"@type":"ImageObject","inLanguage":"en-US","@id":"https:\/\/enviteka.lt\/produktas\/zarna-3455-milkcord-sp\/#primaryimage","url":"https:\/\/enviteka.lt\/wp-content\/uploads\/2025\/03\/airduc-pur-356-zarna-1.jpg","contentUrl":"https:\/\/enviteka.lt\/wp-content\/uploads\/2025\/03\/airduc-pur-356-zarna-1.jpg","width":996,"height":614},{"@type":"BreadcrumbList","@id":"https:\/\/enviteka.lt\/produktas\/zarna-3455-milkcord-sp\/#breadcrumb","itemListElement":[{"@type":"ListItem","position":1,"name":"Home","item":"https:\/\/enviteka.lt\/"},{"@type":"ListItem","position":2,"name":"Produktai","item":"https:\/\/enviteka.lt\/produktai\/"},{"@type":"ListItem","position":3,"name":"\u017darna 3455 MILKCORD\/SP"}]},{"@type":"WebSite","@id":"https:\/\/enviteka.lt\/#website","url":"https:\/\/enviteka.lt\/","name":"ENVITEKA","description":"pramonin\u0117s \u012frangos tiek\u0117jas","publisher":{"@id":"https:\/\/enviteka.lt\/#organization"},"potentialAction":[{"@type":"SearchAction","target":{"@type":"EntryPoint","urlTemplate":"https:\/\/enviteka.lt\/?s={search_term_string}"},"query-input":{"@type":"PropertyValueSpecification","valueRequired":true,"valueName":"search_term_string"}}],"inLanguage":"en-US"},{"@type":"Organization","@id":"https:\/\/enviteka.lt\/#organization","name":"ENVITEKA","url":"https:\/\/enviteka.lt\/","logo":{"@type":"ImageObject","inLanguage":"en-US","@id":"https:\/\/enviteka.lt\/#\/schema\/logo\/image\/","url":"https:\/\/enviteka.lt\/wp-content\/uploads\/2024\/10\/enviteka-high-resolution-logo-transparent-e1742852093377.png","contentUrl":"https:\/\/enviteka.lt\/wp-content\/uploads\/2024\/10\/enviteka-high-resolution-logo-transparent-e1742852093377.png","width":424,"height":150,"caption":"ENVITEKA"},"image":{"@id":"https:\/\/enviteka.lt\/#\/schema\/logo\/image\/"}}]}},"_links":{"self":[{"href":"https:\/\/enviteka.lt\/en\/wp-json\/wp\/v2\/product\/1236","targetHints":{"allow":["GET"]}}],"collection":[{"href":"https:\/\/enviteka.lt\/en\/wp-json\/wp\/v2\/product"}],"about":[{"href":"https:\/\/enviteka.lt\/en\/wp-json\/wp\/v2\/types\/product"}],"wp:featuredmedia":[{"embeddable":true,"href":"https:\/\/enviteka.lt\/en\/wp-json\/wp\/v2\/media\/1235"}],"wp:attachment":[{"href":"https:\/\/enviteka.lt\/en\/wp-json\/wp\/v2\/media?parent=1236"}],"wp:term":[{"taxonomy":"product_brand","embeddable":true,"href":"https:\/\/enviteka.lt\/en\/wp-json\/wp\/v2\/product_brand?post=1236"},{"taxonomy":"product_cat","embeddable":true,"href":"https:\/\/enviteka.lt\/en\/wp-json\/wp\/v2\/product_cat?post=1236"},{"taxonomy":"product_tag","embeddable":true,"href":"https:\/\/enviteka.lt\/en\/wp-json\/wp\/v2\/product_tag?post=1236"}],"curies":[{"name":"wp","href":"https:\/\/api.w.org\/{rel}","templated":true}]}}