{"id":1231,"date":"2025-03-27T20:05:07","date_gmt":"2025-03-27T20:05:07","guid":{"rendered":"https:\/\/enviteka.lt\/?post_type=product&#038;p=1231"},"modified":"2025-04-04T17:48:29","modified_gmt":"2025-04-04T17:48:29","slug":"zarna-airduc-pur-inox-356-as-xhd","status":"publish","type":"product","link":"https:\/\/enviteka.lt\/en\/product\/zarna-airduc-pur-inox-356-as-xhd\/","title":{"rendered":"\u017darna AIRDUC PUR-INOX 356 AS XHD"},"content":{"rendered":"<p><strong>Antistatin\u0117 maisto ir farmacijos pramon\u0117s \u017earna | Super sunki, ner\u016bdijantis plienas (INOX)<\/strong><\/p>\n<p><strong>Pritaikymas<\/strong><\/p>\n<p><strong>Auk\u0161tos kokyb\u0117s antistatin\u0117 maisto ir farmacijos \u017earna yra skirta:<\/strong><\/p>\n<p>Maisto ir farmacijos pramonei \u2013 maisto produkt\u0173, farmacini\u0173 milteli\u0173, granuli\u0173 ir kit\u0173 med\u017eiag\u0173 transportavimui.<\/p>\n<p>Vakuumin\u0117ms sistemoms \u2013 vakuuminiai bunkeriai, siurbimo konvejeriai, dozavimo sistemos.<\/p>\n<p>Granuliavimo ma\u0161inoms ir table\u010di\u0173 presams.<\/p>\n<p>Pneumatin\u0117ms transportavimo sistemoms \u2013 silosams, cisternoms, gr\u016bd\u0173 ir biri\u0173 produkt\u0173 perve\u017eimui.<\/p>\n<p>Pramoniniams dulki\u0173 siurbliams ir oro valymo sistemoms.<\/p>\n<p>Popieriaus ir celiulioz\u0117s pramonei \u2013 nuotek\u0173 ir oro i\u0161traukimo taikymams.<\/p>\n<p>Gyvulininkystei \u2013 gyv\u016bn\u0173 pa\u0161aro transportavimui.<\/p>\n<p><strong>Savyb\u0117s<\/strong><\/p>\n<p>Super sunki konstrukcija \u2013 skirta intensyviam naudojimui.<\/p>\n<p>Itin atspari abrazyvui \u2013 su sutvirtinimu po viela ir siauru \u017earnos \u017eingsniu.<\/p>\n<p>Labai auk\u0161tas sl\u0117gio ir vakuumo atsparumas \u2013 tinkama net ekstremalioms darbo s\u0105lygoms.<\/p>\n<p>Patvirtinta maisto ir farmacijos pramonei \u2013 atitinka ES 10\/2011, EC 1935\/2004 ir FDA 21 CFR 177.2600 reikalavimus.<\/p>\n<p>Bekvap\u0117\u00a0 \u2013 idealus pasirinkimas maisto produkt\u0173 transportavimui.<\/p>\n<p>Atspari alyvoms, benzinui ir chemikalams \u2013 ilgaam\u017ei\u0161kumas net ir agresyviose aplinkose.<\/p>\n<p>Atitinka RoHS ir REACH reikalavimus \u2013 ekologi\u0161kas ir saugus sprendimas.<\/p>\n<p>Pla\u010dus temperat\u016br\u0173 diapazonas \u2013 nuo -40\u00b0C iki 90\u00b0C (trumpalaikis iki 125\u00b0C).<\/p>\n<p>Atitinka ATEX 2014\/34\/EU \u2013 tinkama naudojimui sprogiose aplinkose (zonos 20, 21, 22, 0, 1, 2).<\/p>\n<p><strong>Techniniai duomenys<\/strong><\/p>\n<p>AIRDUC\u00ae profilio konstrukcija<\/p>\n<p>Spiral\u0117s viela \u2013 ner\u016bdijantis plienas (INOX)<\/p>\n<p>Sienel\u0117s med\u017eiaga \u2013 antistatinis eter-poliuretanas (Pre-PUR\u00ae)<\/p>\n<p>Sienel\u0117s storis \u2013 nuo 2,0 iki 2,5 mm<\/p>\n<p>\u012evair\u016bs diametrai nuo ir ilgiai pagal u\u017esakym\u0105<\/p>\n<p>Vidinis skersmuo nuo 32 mm iki 152 mm, kreipkit\u0117s d\u0117l reikiamo skersmens ir ilgio.<\/p>\n<p class=\"\" data-start=\"1488\" data-end=\"1675\"><strong>Pristatymas 1-2 d.d.<\/strong><\/p>\n<p><strong>Susisiekite su mumis:<\/strong><\/p>\n<p>Nor\u0117dami gauti daugiau informacijos arba u\u017esisakyti, pra\u0161ome susisiekti su m\u016bs\u0173 komanda. Pad\u0117sime pasirinkti geriausi\u0105 sprendim\u0105 pagal j\u016bs\u0173 poreikius, u\u017etikrinsime geriausi\u0105 kain\u0105 rinkoje ir greit\u0105 pristatym\u0105.<\/p>","protected":false},"excerpt":{"rendered":"<p>Antistatin\u0117 maisto ir farmacijos pramon\u0117s \u017earna | Super sunki, ner\u016bdijantis plienas (INOX) Pritaikymas Auk\u0161tos kokyb\u0117s antistatin\u0117 maisto ir farmacijos \u017earna [&hellip;]<\/p>","protected":false},"featured_media":1232,"template":"","meta":{"site-sidebar-layout":"default","site-content-layout":"","ast-site-content-layout":"default","site-content-style":"default","site-sidebar-style":"default","ast-global-header-display":"","ast-banner-title-visibility":"","ast-main-header-display":"","ast-hfb-above-header-display":"","ast-hfb-below-header-display":"","ast-hfb-mobile-header-display":"","site-post-title":"","ast-breadcrumbs-content":"","ast-featured-img":"","footer-sml-layout":"","ast-disable-related-posts":"","theme-transparent-header-meta":"default","adv-header-id-meta":"","stick-header-meta":"","header-above-stick-meta":"","header-main-stick-meta":"","header-below-stick-meta":"","astra-migrate-meta-layouts":"set","ast-page-background-enabled":"default","ast-page-background-meta":{"desktop":{"background-color":"var(--ast-global-color-4)","background-image":"","background-repeat":"repeat","background-position":"center center","background-size":"auto","background-attachment":"scroll","background-type":"","background-media":"","overlay-type":"","overlay-color":"","overlay-opacity":"","overlay-gradient":""},"tablet":{"background-color":"","background-image":"","background-repeat":"repeat","background-position":"center center","background-size":"auto","background-attachment":"scroll","background-type":"","background-media":"","overlay-type":"","overlay-color":"","overlay-opacity":"","overlay-gradient":""},"mobile":{"background-color":"","background-image":"","background-repeat":"repeat","background-position":"center center","background-size":"auto","background-attachment":"scroll","background-type":"","background-media":"","overlay-type":"","overlay-color":"","overlay-opacity":"","overlay-gradient":""}},"ast-content-background-meta":{"desktop":{"background-color":"var(--ast-global-color-5)","background-image":"","background-repeat":"repeat","background-position":"center center","background-size":"auto","background-attachment":"scroll","background-type":"","background-media":"","overlay-type":"","overlay-color":"","overlay-opacity":"","overlay-gradient":""},"tablet":{"background-color":"var(--ast-global-color-5)","background-image":"","background-repeat":"repeat","background-position":"center center","background-size":"auto","background-attachment":"scroll","background-type":"","background-media":"","overlay-type":"","overlay-color":"","overlay-opacity":"","overlay-gradient":""},"mobile":{"background-color":"var(--ast-global-color-5)","background-image":"","background-repeat":"repeat","background-position":"center center","background-size":"auto","background-attachment":"scroll","background-type":"","background-media":"","overlay-type":"","overlay-color":"","overlay-opacity":"","overlay-gradient":""}}},"product_brand":[],"product_cat":[121],"product_tag":[],"class_list":{"0":"post-1231","1":"product","2":"type-product","3":"status-publish","4":"has-post-thumbnail","6":"product_cat-poliuretano-zarnos-pu-zarnos","7":"desktop-align-left","8":"tablet-align-left","9":"mobile-align-left","11":"first","12":"instock","13":"shipping-taxable","14":"purchasable","15":"product-type-simple"},"yoast_head":"<!-- This site is optimized with the Yoast SEO plugin v27.3 - https:\/\/yoast.com\/product\/yoast-seo-wordpress\/ -->\n<title>\u017darna AIRDUC PUR-INOX 356 AS XHD - ENVITEKA<\/title>\n<meta name=\"description\" content=\"Puikiai tinka maisto perdirbimo, farmacijos, \u017eem\u0117s \u016bkio srityse. Pristatymas 1-2 d.\" \/>\n<meta name=\"robots\" content=\"index, follow, max-snippet:-1, max-image-preview:large, max-video-preview:-1\" \/>\n<link rel=\"canonical\" href=\"https:\/\/enviteka.lt\/en\/product\/zarna-airduc-pur-inox-356-as-xhd\/\" \/>\n<meta property=\"og:locale\" content=\"en_US\" \/>\n<meta property=\"og:type\" content=\"article\" \/>\n<meta property=\"og:title\" content=\"\u017darna AIRDUC PUR-INOX 356 AS XHD - ENVITEKA\" \/>\n<meta property=\"og:description\" content=\"Puikiai tinka maisto perdirbimo, farmacijos, \u017eem\u0117s \u016bkio srityse. Pristatymas 1-2 d.\" \/>\n<meta property=\"og:url\" content=\"https:\/\/enviteka.lt\/en\/product\/zarna-airduc-pur-inox-356-as-xhd\/\" \/>\n<meta property=\"og:site_name\" content=\"ENVITEKA\" \/>\n<meta property=\"article:modified_time\" content=\"2025-04-04T17:48:29+00:00\" \/>\n<meta property=\"og:image\" content=\"https:\/\/enviteka.lt\/wp-content\/uploads\/2025\/03\/AIRDUC-PUR-INOX-356-ZARNA.jpg\" \/>\n\t<meta property=\"og:image:width\" content=\"1067\" \/>\n\t<meta property=\"og:image:height\" content=\"651\" \/>\n\t<meta property=\"og:image:type\" content=\"image\/jpeg\" \/>\n<meta name=\"twitter:card\" content=\"summary_large_image\" \/>\n<meta name=\"twitter:label1\" content=\"Est. reading time\" \/>\n\t<meta name=\"twitter:data1\" content=\"2 minutes\" \/>\n<script type=\"application\/ld+json\" class=\"yoast-schema-graph\">{\"@context\":\"https:\\\/\\\/schema.org\",\"@graph\":[{\"@type\":\"WebPage\",\"@id\":\"https:\\\/\\\/enviteka.lt\\\/produktas\\\/zarna-airduc-pur-inox-356-as-xhd\\\/\",\"url\":\"https:\\\/\\\/enviteka.lt\\\/produktas\\\/zarna-airduc-pur-inox-356-as-xhd\\\/\",\"name\":\"\u017darna AIRDUC PUR-INOX 356 AS XHD - ENVITEKA\",\"isPartOf\":{\"@id\":\"https:\\\/\\\/enviteka.lt\\\/#website\"},\"primaryImageOfPage\":{\"@id\":\"https:\\\/\\\/enviteka.lt\\\/produktas\\\/zarna-airduc-pur-inox-356-as-xhd\\\/#primaryimage\"},\"image\":{\"@id\":\"https:\\\/\\\/enviteka.lt\\\/produktas\\\/zarna-airduc-pur-inox-356-as-xhd\\\/#primaryimage\"},\"thumbnailUrl\":\"https:\\\/\\\/enviteka.lt\\\/wp-content\\\/uploads\\\/2025\\\/03\\\/AIRDUC-PUR-INOX-356-ZARNA.jpg\",\"datePublished\":\"2025-03-27T20:05:07+00:00\",\"dateModified\":\"2025-04-04T17:48:29+00:00\",\"description\":\"Puikiai tinka maisto perdirbimo, farmacijos, \u017eem\u0117s \u016bkio srityse. Pristatymas 1-2 d.\",\"breadcrumb\":{\"@id\":\"https:\\\/\\\/enviteka.lt\\\/produktas\\\/zarna-airduc-pur-inox-356-as-xhd\\\/#breadcrumb\"},\"inLanguage\":\"en-US\",\"potentialAction\":[{\"@type\":\"ReadAction\",\"target\":[\"https:\\\/\\\/enviteka.lt\\\/produktas\\\/zarna-airduc-pur-inox-356-as-xhd\\\/\"]}]},{\"@type\":\"ImageObject\",\"inLanguage\":\"en-US\",\"@id\":\"https:\\\/\\\/enviteka.lt\\\/produktas\\\/zarna-airduc-pur-inox-356-as-xhd\\\/#primaryimage\",\"url\":\"https:\\\/\\\/enviteka.lt\\\/wp-content\\\/uploads\\\/2025\\\/03\\\/AIRDUC-PUR-INOX-356-ZARNA.jpg\",\"contentUrl\":\"https:\\\/\\\/enviteka.lt\\\/wp-content\\\/uploads\\\/2025\\\/03\\\/AIRDUC-PUR-INOX-356-ZARNA.jpg\",\"width\":1067,\"height\":651},{\"@type\":\"BreadcrumbList\",\"@id\":\"https:\\\/\\\/enviteka.lt\\\/produktas\\\/zarna-airduc-pur-inox-356-as-xhd\\\/#breadcrumb\",\"itemListElement\":[{\"@type\":\"ListItem\",\"position\":1,\"name\":\"Home\",\"item\":\"https:\\\/\\\/enviteka.lt\\\/\"},{\"@type\":\"ListItem\",\"position\":2,\"name\":\"Produktai\",\"item\":\"https:\\\/\\\/enviteka.lt\\\/produktai\\\/\"},{\"@type\":\"ListItem\",\"position\":3,\"name\":\"\u017darna AIRDUC PUR-INOX 356 AS XHD\"}]},{\"@type\":\"WebSite\",\"@id\":\"https:\\\/\\\/enviteka.lt\\\/#website\",\"url\":\"https:\\\/\\\/enviteka.lt\\\/\",\"name\":\"ENVITEKA\",\"description\":\"pramonin\u0117s \u012frangos tiek\u0117jas\",\"publisher\":{\"@id\":\"https:\\\/\\\/enviteka.lt\\\/#organization\"},\"potentialAction\":[{\"@type\":\"SearchAction\",\"target\":{\"@type\":\"EntryPoint\",\"urlTemplate\":\"https:\\\/\\\/enviteka.lt\\\/?s={search_term_string}\"},\"query-input\":{\"@type\":\"PropertyValueSpecification\",\"valueRequired\":true,\"valueName\":\"search_term_string\"}}],\"inLanguage\":\"en-US\"},{\"@type\":\"Organization\",\"@id\":\"https:\\\/\\\/enviteka.lt\\\/#organization\",\"name\":\"ENVITEKA\",\"url\":\"https:\\\/\\\/enviteka.lt\\\/\",\"logo\":{\"@type\":\"ImageObject\",\"inLanguage\":\"en-US\",\"@id\":\"https:\\\/\\\/enviteka.lt\\\/#\\\/schema\\\/logo\\\/image\\\/\",\"url\":\"https:\\\/\\\/enviteka.lt\\\/wp-content\\\/uploads\\\/2024\\\/10\\\/enviteka-high-resolution-logo-transparent-e1742852093377.png\",\"contentUrl\":\"https:\\\/\\\/enviteka.lt\\\/wp-content\\\/uploads\\\/2024\\\/10\\\/enviteka-high-resolution-logo-transparent-e1742852093377.png\",\"width\":424,\"height\":150,\"caption\":\"ENVITEKA\"},\"image\":{\"@id\":\"https:\\\/\\\/enviteka.lt\\\/#\\\/schema\\\/logo\\\/image\\\/\"}}]}<\/script>\n<!-- \/ Yoast SEO plugin. -->","yoast_head_json":{"title":"\u017darna AIRDUC PUR-INOX 356 AS XHD - ENVITEKA","description":"Puikiai tinka maisto perdirbimo, farmacijos, \u017eem\u0117s \u016bkio srityse. Pristatymas 1-2 d.","robots":{"index":"index","follow":"follow","max-snippet":"max-snippet:-1","max-image-preview":"max-image-preview:large","max-video-preview":"max-video-preview:-1"},"canonical":"https:\/\/enviteka.lt\/en\/product\/zarna-airduc-pur-inox-356-as-xhd\/","og_locale":"en_US","og_type":"article","og_title":"\u017darna AIRDUC PUR-INOX 356 AS XHD - ENVITEKA","og_description":"Puikiai tinka maisto perdirbimo, farmacijos, \u017eem\u0117s \u016bkio srityse. Pristatymas 1-2 d.","og_url":"https:\/\/enviteka.lt\/en\/product\/zarna-airduc-pur-inox-356-as-xhd\/","og_site_name":"ENVITEKA","article_modified_time":"2025-04-04T17:48:29+00:00","og_image":[{"width":1067,"height":651,"url":"https:\/\/enviteka.lt\/wp-content\/uploads\/2025\/03\/AIRDUC-PUR-INOX-356-ZARNA.jpg","type":"image\/jpeg"}],"twitter_card":"summary_large_image","twitter_misc":{"Est. reading time":"2 minutes"},"schema":{"@context":"https:\/\/schema.org","@graph":[{"@type":"WebPage","@id":"https:\/\/enviteka.lt\/produktas\/zarna-airduc-pur-inox-356-as-xhd\/","url":"https:\/\/enviteka.lt\/produktas\/zarna-airduc-pur-inox-356-as-xhd\/","name":"\u017darna AIRDUC PUR-INOX 356 AS XHD - ENVITEKA","isPartOf":{"@id":"https:\/\/enviteka.lt\/#website"},"primaryImageOfPage":{"@id":"https:\/\/enviteka.lt\/produktas\/zarna-airduc-pur-inox-356-as-xhd\/#primaryimage"},"image":{"@id":"https:\/\/enviteka.lt\/produktas\/zarna-airduc-pur-inox-356-as-xhd\/#primaryimage"},"thumbnailUrl":"https:\/\/enviteka.lt\/wp-content\/uploads\/2025\/03\/AIRDUC-PUR-INOX-356-ZARNA.jpg","datePublished":"2025-03-27T20:05:07+00:00","dateModified":"2025-04-04T17:48:29+00:00","description":"Puikiai tinka maisto perdirbimo, farmacijos, \u017eem\u0117s \u016bkio srityse. Pristatymas 1-2 d.","breadcrumb":{"@id":"https:\/\/enviteka.lt\/produktas\/zarna-airduc-pur-inox-356-as-xhd\/#breadcrumb"},"inLanguage":"en-US","potentialAction":[{"@type":"ReadAction","target":["https:\/\/enviteka.lt\/produktas\/zarna-airduc-pur-inox-356-as-xhd\/"]}]},{"@type":"ImageObject","inLanguage":"en-US","@id":"https:\/\/enviteka.lt\/produktas\/zarna-airduc-pur-inox-356-as-xhd\/#primaryimage","url":"https:\/\/enviteka.lt\/wp-content\/uploads\/2025\/03\/AIRDUC-PUR-INOX-356-ZARNA.jpg","contentUrl":"https:\/\/enviteka.lt\/wp-content\/uploads\/2025\/03\/AIRDUC-PUR-INOX-356-ZARNA.jpg","width":1067,"height":651},{"@type":"BreadcrumbList","@id":"https:\/\/enviteka.lt\/produktas\/zarna-airduc-pur-inox-356-as-xhd\/#breadcrumb","itemListElement":[{"@type":"ListItem","position":1,"name":"Home","item":"https:\/\/enviteka.lt\/"},{"@type":"ListItem","position":2,"name":"Produktai","item":"https:\/\/enviteka.lt\/produktai\/"},{"@type":"ListItem","position":3,"name":"\u017darna AIRDUC PUR-INOX 356 AS XHD"}]},{"@type":"WebSite","@id":"https:\/\/enviteka.lt\/#website","url":"https:\/\/enviteka.lt\/","name":"ENVITEKA","description":"pramonin\u0117s \u012frangos tiek\u0117jas","publisher":{"@id":"https:\/\/enviteka.lt\/#organization"},"potentialAction":[{"@type":"SearchAction","target":{"@type":"EntryPoint","urlTemplate":"https:\/\/enviteka.lt\/?s={search_term_string}"},"query-input":{"@type":"PropertyValueSpecification","valueRequired":true,"valueName":"search_term_string"}}],"inLanguage":"en-US"},{"@type":"Organization","@id":"https:\/\/enviteka.lt\/#organization","name":"ENVITEKA","url":"https:\/\/enviteka.lt\/","logo":{"@type":"ImageObject","inLanguage":"en-US","@id":"https:\/\/enviteka.lt\/#\/schema\/logo\/image\/","url":"https:\/\/enviteka.lt\/wp-content\/uploads\/2024\/10\/enviteka-high-resolution-logo-transparent-e1742852093377.png","contentUrl":"https:\/\/enviteka.lt\/wp-content\/uploads\/2024\/10\/enviteka-high-resolution-logo-transparent-e1742852093377.png","width":424,"height":150,"caption":"ENVITEKA"},"image":{"@id":"https:\/\/enviteka.lt\/#\/schema\/logo\/image\/"}}]}},"_links":{"self":[{"href":"https:\/\/enviteka.lt\/en\/wp-json\/wp\/v2\/product\/1231","targetHints":{"allow":["GET"]}}],"collection":[{"href":"https:\/\/enviteka.lt\/en\/wp-json\/wp\/v2\/product"}],"about":[{"href":"https:\/\/enviteka.lt\/en\/wp-json\/wp\/v2\/types\/product"}],"wp:featuredmedia":[{"embeddable":true,"href":"https:\/\/enviteka.lt\/en\/wp-json\/wp\/v2\/media\/1232"}],"wp:attachment":[{"href":"https:\/\/enviteka.lt\/en\/wp-json\/wp\/v2\/media?parent=1231"}],"wp:term":[{"taxonomy":"product_brand","embeddable":true,"href":"https:\/\/enviteka.lt\/en\/wp-json\/wp\/v2\/product_brand?post=1231"},{"taxonomy":"product_cat","embeddable":true,"href":"https:\/\/enviteka.lt\/en\/wp-json\/wp\/v2\/product_cat?post=1231"},{"taxonomy":"product_tag","embeddable":true,"href":"https:\/\/enviteka.lt\/en\/wp-json\/wp\/v2\/product_tag?post=1231"}],"curies":[{"name":"wp","href":"https:\/\/api.w.org\/{rel}","templated":true}]}}