{"id":1229,"date":"2025-03-27T19:53:05","date_gmt":"2025-03-27T19:53:05","guid":{"rendered":"https:\/\/enviteka.lt\/?post_type=product&#038;p=1229"},"modified":"2025-04-04T17:51:33","modified_gmt":"2025-04-04T17:51:33","slug":"zarna-airduc-pur-356-xhd","status":"publish","type":"product","link":"https:\/\/enviteka.lt\/en\/product\/zarna-airduc-pur-356-xhd\/","title":{"rendered":"\u017darna AIRDUC PUR 356 XHD"},"content":{"rendered":"<p>Ypa\u010d stipri maisto ir farmacijos \u017earna<\/p>\n<p><strong>Pritaikymas<\/strong><\/p>\n<p>Auk\u0161tas abrazyvini\u0173 med\u017eiag\u0173 pralaidumas \u2013 sunkios med\u017eiagos,\u00a0 akmenys<\/p>\n<p>Maisto ir farmacijos pramon\u0117 \u2013 maisto ir farmacijos preki\u0173 perve\u017eimas<\/p>\n<p>Maisto produkt\u0173 transportavimas \u2013 ry\u017eiai, gr\u016bdai, cukrus, pieno milteliai, milteliai, kava, arbata, gr\u016bdai, miltai, \u0161aldyti maisto produktai<\/p>\n<p>Vacuumo perve\u017eimo sistemos \u2013 vakuuminiai bunkeri\u0173, siurbimo konvejeriai, dozavimo sistemos<\/p>\n<p>Granuliavimo ma\u0161inos \/ tablet\u0117s presai<\/p>\n<p>Mai\u0161ytuvai, d\u017eiovykl\u0117s, pakavimo ma\u0161inos \u2013 dideli\u0173 mai\u0161\u0173 (Big Bag) u\u017ekrovimas ir i\u0161krovimas, mal\u016bnai<\/p>\n<p>\u017dem\u0117s \u016bkio pramon\u0117 \u2013 pneumatini\u0173 gr\u016bd\u0173 konvejeri\u0173 sistemos<\/p>\n<p>Gyv\u016bn\u0173 pa\u0161ar\u0173 perve\u017eimas \u2013 perve\u017eimas gyv\u016bn\u0173 fermose, pastatuose, pa\u0161ar\u0173 gamyklose<\/p>\n<p>Popieriaus mal\u016bnai ir celiulioz\u0117s pramon\u0117 \u2013 nuotekos, oro i\u0161traukimas<\/p>\n<p>Silosai ir cisternos \u2013\u00a0 u\u017epildymas ir i\u0161krovimas, taip pat sauso maisto (pvz., ry\u017ei\u0173, gr\u016bd\u0173, cukraus, pieno milteli\u0173, milt\u0173) transportavimas<\/p>\n<p><strong>Savyb\u0117s<\/strong><\/p>\n<p>Sunki konstrukcija, skirta ekstremalioms darbo s\u0105lygoms ir sunkioms aplinkoms<\/p>\n<p>Ypa\u010d atspari abrazyvui su sustiprinimu po viela ir siauru \u017earnos \u017eingsniu<\/p>\n<p>Labai auk\u0161tas spaudimo, vakuumo ir suspaudimo atsparumas<\/p>\n<p>Patvirtinta maisto ir farmacijos naudojimui nepriklausom\u0173 testavimo laboratorij\u0173 pagal: ES direktyv\u0105 10\/2011, EC 1935\/2004 ir ES 2015\/174<\/p>\n<p>FDA 21 CFR 177.2600<\/p>\n<p>Patvirtinta maisto simulantams A, B, C, E ir D2 (pagal ES direktyv\u0105 10\/2011) ir EC 1935\/2004<\/p>\n<p>Be kvapo ir skonio \u2013 saugi maisto kontaktui<\/p>\n<p>Atspari mikrobams ir hidrolizei, i\u0161laiko ilgaam\u017ei\u0161kum\u0105 per laik\u0105<\/p>\n<p>Geras atsparumas alyvoms, benzinui ir chemikalams<\/p>\n<p>Labai geras \u017eemos temperat\u016bros lankstumas \u2013 puikiai veikia net ekstremaliose s\u0105lygose<\/p>\n<p>Atitinka DIN 26057 Type 4 \u2013 u\u017etikrina patikimum\u0105 sunkiomis pramonin\u0117mis s\u0105lygomis<\/p>\n<p>Pagaminta laikantis GMP EC 2023\/2006 reikalavim\u0173<\/p>\n<p>Atitinka RoHS gaires ir REACH atitiktis<\/p>\n<p><strong>Temperat\u016bros diapazonas<\/strong><\/p>\n<p>-40\u00b0C iki 90\u00b0C<\/p>\n<p>Trumpalaikis poveikis iki 125\u00b0C sud\u0117tingoms operacijoms<\/p>\n<p><strong>Konstrukcija<\/strong><\/p>\n<p>AIRDUC\u00ae profilio \u017earna su:<\/p>\n<p>Pavasario plieno viela tvirtai \u012fmontuota sienel\u0117je<\/p>\n<p>Speciali auk\u0161tos kokyb\u0117s eter-poliuretano (Pre-PUR\u00ae) sienel\u0117 maksimaliam lankstumui ir ilgaam\u017ei\u0161kumui<\/p>\n<p>Sienel\u0117s storis: apie 2,0 \u2013 2,5 mm<\/p>\n<p>Sustiprinimas pagrindin\u0117se abrazyvose vietose d\u0117l didesnio patvarumo<\/p>\n<p>\u012evair\u016bs diametrai nuo ir ilgiai pagal u\u017esakym\u0105<\/p>\n<p>Vidinis skersmuo nuo 32 mm iki 127 mm, kreipkit\u0117s d\u0117l reikiamo skersmens ir ilgio.<\/p>\n<p class=\"\" data-start=\"1488\" data-end=\"1675\"><strong>Pristatymas 1-2 d.d.<\/strong><\/p>\n<p><strong>Susisiekite su mumis:<\/strong><\/p>\n<p>Nor\u0117dami gauti daugiau informacijos arba u\u017esisakyti, pra\u0161ome susisiekti su m\u016bs\u0173 komanda. Pad\u0117sime pasirinkti geriausi\u0105 sprendim\u0105 pagal j\u016bs\u0173 poreikius, u\u017etikrinsime geriausi\u0105 kain\u0105 rinkoje ir greit\u0105 pristatym\u0105.<\/p>","protected":false},"excerpt":{"rendered":"<p>Ypa\u010d stipri maisto ir farmacijos \u017earna Pritaikymas Auk\u0161tas abrazyvini\u0173 med\u017eiag\u0173 pralaidumas \u2013 sunkios med\u017eiagos,\u00a0 akmenys Maisto ir farmacijos pramon\u0117 \u2013 [&hellip;]<\/p>","protected":false},"featured_media":1230,"template":"","meta":{"site-sidebar-layout":"default","site-content-layout":"","ast-site-content-layout":"default","site-content-style":"default","site-sidebar-style":"default","ast-global-header-display":"","ast-banner-title-visibility":"","ast-main-header-display":"","ast-hfb-above-header-display":"","ast-hfb-below-header-display":"","ast-hfb-mobile-header-display":"","site-post-title":"","ast-breadcrumbs-content":"","ast-featured-img":"","footer-sml-layout":"","ast-disable-related-posts":"","theme-transparent-header-meta":"default","adv-header-id-meta":"","stick-header-meta":"","header-above-stick-meta":"","header-main-stick-meta":"","header-below-stick-meta":"","astra-migrate-meta-layouts":"set","ast-page-background-enabled":"default","ast-page-background-meta":{"desktop":{"background-color":"var(--ast-global-color-4)","background-image":"","background-repeat":"repeat","background-position":"center center","background-size":"auto","background-attachment":"scroll","background-type":"","background-media":"","overlay-type":"","overlay-color":"","overlay-opacity":"","overlay-gradient":""},"tablet":{"background-color":"","background-image":"","background-repeat":"repeat","background-position":"center center","background-size":"auto","background-attachment":"scroll","background-type":"","background-media":"","overlay-type":"","overlay-color":"","overlay-opacity":"","overlay-gradient":""},"mobile":{"background-color":"","background-image":"","background-repeat":"repeat","background-position":"center center","background-size":"auto","background-attachment":"scroll","background-type":"","background-media":"","overlay-type":"","overlay-color":"","overlay-opacity":"","overlay-gradient":""}},"ast-content-background-meta":{"desktop":{"background-color":"var(--ast-global-color-5)","background-image":"","background-repeat":"repeat","background-position":"center center","background-size":"auto","background-attachment":"scroll","background-type":"","background-media":"","overlay-type":"","overlay-color":"","overlay-opacity":"","overlay-gradient":""},"tablet":{"background-color":"var(--ast-global-color-5)","background-image":"","background-repeat":"repeat","background-position":"center center","background-size":"auto","background-attachment":"scroll","background-type":"","background-media":"","overlay-type":"","overlay-color":"","overlay-opacity":"","overlay-gradient":""},"mobile":{"background-color":"var(--ast-global-color-5)","background-image":"","background-repeat":"repeat","background-position":"center center","background-size":"auto","background-attachment":"scroll","background-type":"","background-media":"","overlay-type":"","overlay-color":"","overlay-opacity":"","overlay-gradient":""}}},"product_brand":[],"product_cat":[108,121,109],"product_tag":[],"class_list":{"0":"post-1229","1":"product","2":"type-product","3":"status-publish","4":"has-post-thumbnail","6":"product_cat-maisto-produktu-ir-farmacijos-zarnos","7":"product_cat-poliuretano-zarnos-pu-zarnos","8":"product_cat-zarnos-medienos-apdirbimo-pramonei","9":"desktop-align-left","10":"tablet-align-left","11":"mobile-align-left","13":"first","14":"instock","15":"shipping-taxable","16":"purchasable","17":"product-type-simple"},"yoast_head":"<!-- This site is optimized with the Yoast SEO plugin v27.3 - https:\/\/yoast.com\/product\/yoast-seo-wordpress\/ -->\n<title>\u017darna AIRDUC PUR 356 XHD - ENVITEKA<\/title>\n<meta name=\"description\" content=\"Puikiai tinka maisto perdirbimo, farmacijos, \u017eem\u0117s \u016bkio srityse. Pristatymas 1-2 d.\" \/>\n<meta name=\"robots\" content=\"index, follow, max-snippet:-1, max-image-preview:large, max-video-preview:-1\" \/>\n<link rel=\"canonical\" href=\"https:\/\/enviteka.lt\/en\/product\/zarna-airduc-pur-356-xhd\/\" \/>\n<meta property=\"og:locale\" content=\"en_US\" \/>\n<meta property=\"og:type\" content=\"article\" \/>\n<meta property=\"og:title\" content=\"\u017darna AIRDUC PUR 356 XHD - ENVITEKA\" \/>\n<meta property=\"og:description\" content=\"Puikiai tinka maisto perdirbimo, farmacijos, \u017eem\u0117s \u016bkio srityse. Pristatymas 1-2 d.\" \/>\n<meta property=\"og:url\" content=\"https:\/\/enviteka.lt\/en\/product\/zarna-airduc-pur-356-xhd\/\" \/>\n<meta property=\"og:site_name\" content=\"ENVITEKA\" \/>\n<meta property=\"article:modified_time\" content=\"2025-04-04T17:51:33+00:00\" \/>\n<meta property=\"og:image\" content=\"https:\/\/enviteka.lt\/wp-content\/uploads\/2025\/03\/airduc-pur-356-zarna-maisto-pramonei.jpg\" \/>\n\t<meta property=\"og:image:width\" content=\"1111\" \/>\n\t<meta property=\"og:image:height\" content=\"675\" \/>\n\t<meta property=\"og:image:type\" content=\"image\/jpeg\" \/>\n<meta name=\"twitter:card\" content=\"summary_large_image\" \/>\n<meta name=\"twitter:label1\" content=\"Est. reading time\" \/>\n\t<meta name=\"twitter:data1\" content=\"2 minutes\" \/>\n<script type=\"application\/ld+json\" class=\"yoast-schema-graph\">{\"@context\":\"https:\\\/\\\/schema.org\",\"@graph\":[{\"@type\":\"WebPage\",\"@id\":\"https:\\\/\\\/enviteka.lt\\\/produktas\\\/zarna-airduc-pur-356-xhd\\\/\",\"url\":\"https:\\\/\\\/enviteka.lt\\\/produktas\\\/zarna-airduc-pur-356-xhd\\\/\",\"name\":\"\u017darna AIRDUC PUR 356 XHD - ENVITEKA\",\"isPartOf\":{\"@id\":\"https:\\\/\\\/enviteka.lt\\\/#website\"},\"primaryImageOfPage\":{\"@id\":\"https:\\\/\\\/enviteka.lt\\\/produktas\\\/zarna-airduc-pur-356-xhd\\\/#primaryimage\"},\"image\":{\"@id\":\"https:\\\/\\\/enviteka.lt\\\/produktas\\\/zarna-airduc-pur-356-xhd\\\/#primaryimage\"},\"thumbnailUrl\":\"https:\\\/\\\/enviteka.lt\\\/wp-content\\\/uploads\\\/2025\\\/03\\\/airduc-pur-356-zarna-maisto-pramonei.jpg\",\"datePublished\":\"2025-03-27T19:53:05+00:00\",\"dateModified\":\"2025-04-04T17:51:33+00:00\",\"description\":\"Puikiai tinka maisto perdirbimo, farmacijos, \u017eem\u0117s \u016bkio srityse. Pristatymas 1-2 d.\",\"breadcrumb\":{\"@id\":\"https:\\\/\\\/enviteka.lt\\\/produktas\\\/zarna-airduc-pur-356-xhd\\\/#breadcrumb\"},\"inLanguage\":\"en-US\",\"potentialAction\":[{\"@type\":\"ReadAction\",\"target\":[\"https:\\\/\\\/enviteka.lt\\\/produktas\\\/zarna-airduc-pur-356-xhd\\\/\"]}]},{\"@type\":\"ImageObject\",\"inLanguage\":\"en-US\",\"@id\":\"https:\\\/\\\/enviteka.lt\\\/produktas\\\/zarna-airduc-pur-356-xhd\\\/#primaryimage\",\"url\":\"https:\\\/\\\/enviteka.lt\\\/wp-content\\\/uploads\\\/2025\\\/03\\\/airduc-pur-356-zarna-maisto-pramonei.jpg\",\"contentUrl\":\"https:\\\/\\\/enviteka.lt\\\/wp-content\\\/uploads\\\/2025\\\/03\\\/airduc-pur-356-zarna-maisto-pramonei.jpg\",\"width\":1111,\"height\":675},{\"@type\":\"BreadcrumbList\",\"@id\":\"https:\\\/\\\/enviteka.lt\\\/produktas\\\/zarna-airduc-pur-356-xhd\\\/#breadcrumb\",\"itemListElement\":[{\"@type\":\"ListItem\",\"position\":1,\"name\":\"Home\",\"item\":\"https:\\\/\\\/enviteka.lt\\\/\"},{\"@type\":\"ListItem\",\"position\":2,\"name\":\"Produktai\",\"item\":\"https:\\\/\\\/enviteka.lt\\\/produktai\\\/\"},{\"@type\":\"ListItem\",\"position\":3,\"name\":\"\u017darna AIRDUC PUR 356 XHD\"}]},{\"@type\":\"WebSite\",\"@id\":\"https:\\\/\\\/enviteka.lt\\\/#website\",\"url\":\"https:\\\/\\\/enviteka.lt\\\/\",\"name\":\"ENVITEKA\",\"description\":\"pramonin\u0117s \u012frangos tiek\u0117jas\",\"publisher\":{\"@id\":\"https:\\\/\\\/enviteka.lt\\\/#organization\"},\"potentialAction\":[{\"@type\":\"SearchAction\",\"target\":{\"@type\":\"EntryPoint\",\"urlTemplate\":\"https:\\\/\\\/enviteka.lt\\\/?s={search_term_string}\"},\"query-input\":{\"@type\":\"PropertyValueSpecification\",\"valueRequired\":true,\"valueName\":\"search_term_string\"}}],\"inLanguage\":\"en-US\"},{\"@type\":\"Organization\",\"@id\":\"https:\\\/\\\/enviteka.lt\\\/#organization\",\"name\":\"ENVITEKA\",\"url\":\"https:\\\/\\\/enviteka.lt\\\/\",\"logo\":{\"@type\":\"ImageObject\",\"inLanguage\":\"en-US\",\"@id\":\"https:\\\/\\\/enviteka.lt\\\/#\\\/schema\\\/logo\\\/image\\\/\",\"url\":\"https:\\\/\\\/enviteka.lt\\\/wp-content\\\/uploads\\\/2024\\\/10\\\/enviteka-high-resolution-logo-transparent-e1742852093377.png\",\"contentUrl\":\"https:\\\/\\\/enviteka.lt\\\/wp-content\\\/uploads\\\/2024\\\/10\\\/enviteka-high-resolution-logo-transparent-e1742852093377.png\",\"width\":424,\"height\":150,\"caption\":\"ENVITEKA\"},\"image\":{\"@id\":\"https:\\\/\\\/enviteka.lt\\\/#\\\/schema\\\/logo\\\/image\\\/\"}}]}<\/script>\n<!-- \/ Yoast SEO plugin. -->","yoast_head_json":{"title":"\u017darna AIRDUC PUR 356 XHD - ENVITEKA","description":"Puikiai tinka maisto perdirbimo, farmacijos, \u017eem\u0117s \u016bkio srityse. Pristatymas 1-2 d.","robots":{"index":"index","follow":"follow","max-snippet":"max-snippet:-1","max-image-preview":"max-image-preview:large","max-video-preview":"max-video-preview:-1"},"canonical":"https:\/\/enviteka.lt\/en\/product\/zarna-airduc-pur-356-xhd\/","og_locale":"en_US","og_type":"article","og_title":"\u017darna AIRDUC PUR 356 XHD - ENVITEKA","og_description":"Puikiai tinka maisto perdirbimo, farmacijos, \u017eem\u0117s \u016bkio srityse. Pristatymas 1-2 d.","og_url":"https:\/\/enviteka.lt\/en\/product\/zarna-airduc-pur-356-xhd\/","og_site_name":"ENVITEKA","article_modified_time":"2025-04-04T17:51:33+00:00","og_image":[{"width":1111,"height":675,"url":"https:\/\/enviteka.lt\/wp-content\/uploads\/2025\/03\/airduc-pur-356-zarna-maisto-pramonei.jpg","type":"image\/jpeg"}],"twitter_card":"summary_large_image","twitter_misc":{"Est. reading time":"2 minutes"},"schema":{"@context":"https:\/\/schema.org","@graph":[{"@type":"WebPage","@id":"https:\/\/enviteka.lt\/produktas\/zarna-airduc-pur-356-xhd\/","url":"https:\/\/enviteka.lt\/produktas\/zarna-airduc-pur-356-xhd\/","name":"\u017darna AIRDUC PUR 356 XHD - ENVITEKA","isPartOf":{"@id":"https:\/\/enviteka.lt\/#website"},"primaryImageOfPage":{"@id":"https:\/\/enviteka.lt\/produktas\/zarna-airduc-pur-356-xhd\/#primaryimage"},"image":{"@id":"https:\/\/enviteka.lt\/produktas\/zarna-airduc-pur-356-xhd\/#primaryimage"},"thumbnailUrl":"https:\/\/enviteka.lt\/wp-content\/uploads\/2025\/03\/airduc-pur-356-zarna-maisto-pramonei.jpg","datePublished":"2025-03-27T19:53:05+00:00","dateModified":"2025-04-04T17:51:33+00:00","description":"Puikiai tinka maisto perdirbimo, farmacijos, \u017eem\u0117s \u016bkio srityse. Pristatymas 1-2 d.","breadcrumb":{"@id":"https:\/\/enviteka.lt\/produktas\/zarna-airduc-pur-356-xhd\/#breadcrumb"},"inLanguage":"en-US","potentialAction":[{"@type":"ReadAction","target":["https:\/\/enviteka.lt\/produktas\/zarna-airduc-pur-356-xhd\/"]}]},{"@type":"ImageObject","inLanguage":"en-US","@id":"https:\/\/enviteka.lt\/produktas\/zarna-airduc-pur-356-xhd\/#primaryimage","url":"https:\/\/enviteka.lt\/wp-content\/uploads\/2025\/03\/airduc-pur-356-zarna-maisto-pramonei.jpg","contentUrl":"https:\/\/enviteka.lt\/wp-content\/uploads\/2025\/03\/airduc-pur-356-zarna-maisto-pramonei.jpg","width":1111,"height":675},{"@type":"BreadcrumbList","@id":"https:\/\/enviteka.lt\/produktas\/zarna-airduc-pur-356-xhd\/#breadcrumb","itemListElement":[{"@type":"ListItem","position":1,"name":"Home","item":"https:\/\/enviteka.lt\/"},{"@type":"ListItem","position":2,"name":"Produktai","item":"https:\/\/enviteka.lt\/produktai\/"},{"@type":"ListItem","position":3,"name":"\u017darna AIRDUC PUR 356 XHD"}]},{"@type":"WebSite","@id":"https:\/\/enviteka.lt\/#website","url":"https:\/\/enviteka.lt\/","name":"ENVITEKA","description":"pramonin\u0117s \u012frangos tiek\u0117jas","publisher":{"@id":"https:\/\/enviteka.lt\/#organization"},"potentialAction":[{"@type":"SearchAction","target":{"@type":"EntryPoint","urlTemplate":"https:\/\/enviteka.lt\/?s={search_term_string}"},"query-input":{"@type":"PropertyValueSpecification","valueRequired":true,"valueName":"search_term_string"}}],"inLanguage":"en-US"},{"@type":"Organization","@id":"https:\/\/enviteka.lt\/#organization","name":"ENVITEKA","url":"https:\/\/enviteka.lt\/","logo":{"@type":"ImageObject","inLanguage":"en-US","@id":"https:\/\/enviteka.lt\/#\/schema\/logo\/image\/","url":"https:\/\/enviteka.lt\/wp-content\/uploads\/2024\/10\/enviteka-high-resolution-logo-transparent-e1742852093377.png","contentUrl":"https:\/\/enviteka.lt\/wp-content\/uploads\/2024\/10\/enviteka-high-resolution-logo-transparent-e1742852093377.png","width":424,"height":150,"caption":"ENVITEKA"},"image":{"@id":"https:\/\/enviteka.lt\/#\/schema\/logo\/image\/"}}]}},"_links":{"self":[{"href":"https:\/\/enviteka.lt\/en\/wp-json\/wp\/v2\/product\/1229","targetHints":{"allow":["GET"]}}],"collection":[{"href":"https:\/\/enviteka.lt\/en\/wp-json\/wp\/v2\/product"}],"about":[{"href":"https:\/\/enviteka.lt\/en\/wp-json\/wp\/v2\/types\/product"}],"wp:featuredmedia":[{"embeddable":true,"href":"https:\/\/enviteka.lt\/en\/wp-json\/wp\/v2\/media\/1230"}],"wp:attachment":[{"href":"https:\/\/enviteka.lt\/en\/wp-json\/wp\/v2\/media?parent=1229"}],"wp:term":[{"taxonomy":"product_brand","embeddable":true,"href":"https:\/\/enviteka.lt\/en\/wp-json\/wp\/v2\/product_brand?post=1229"},{"taxonomy":"product_cat","embeddable":true,"href":"https:\/\/enviteka.lt\/en\/wp-json\/wp\/v2\/product_cat?post=1229"},{"taxonomy":"product_tag","embeddable":true,"href":"https:\/\/enviteka.lt\/en\/wp-json\/wp\/v2\/product_tag?post=1229"}],"curies":[{"name":"wp","href":"https:\/\/api.w.org\/{rel}","templated":true}]}}