{"id":1221,"date":"2025-03-27T19:10:27","date_gmt":"2025-03-27T19:10:27","guid":{"rendered":"https:\/\/enviteka.lt\/?post_type=product&#038;p=1221"},"modified":"2025-04-04T17:52:35","modified_gmt":"2025-04-04T17:52:35","slug":"zarna-airduc-pur-351-md","status":"publish","type":"product","link":"https:\/\/enviteka.lt\/en\/product\/zarna-airduc-pur-351-md\/","title":{"rendered":"\u017darna AIRDUC PUR 351 MD"},"content":{"rendered":"<p><strong>Vidutinio sunkumo ir sustiprinta maisto bei farmacijos pramon\u0117s \u017earna<\/strong><\/p>\n<p><strong>Paskirtis<\/strong><\/p>\n<p>Dulki\u0173, biri\u0173 med\u017eiag\u0173, granuli\u0173 ir duj\u0173 transportavimas<br \/>\nMaisto ir farmacijos pramon\u0117 \u2013 tinkama s\u0105ly\u010diui su maisto produktais ir farmacin\u0117mis med\u017eiagomis<br \/>\nSaus\u0173 maisto produkt\u0173 perne\u0161imas \u2013 ry\u017eiai, gr\u016bdai, cukrus, pieno milteliai, kava, arbata, miltai, \u0161aldyti produktai<br \/>\nVakuuminiai transportavimo \u012frenginiai \u2013 vakuuminiai bunkeriai, siurbimo konvejeriai, dozavimo sistemos<br \/>\n\u012erenginiai ir procesai \u2013 mai\u0161ykl\u0117s, d\u017eiovyklos, pakavimo ma\u0161inos, biri\u0173 produkt\u0173 pakrovimas\/i\u0161krovimas (Big Bag), mal\u016bnai<br \/>\nNaudojimas sprogiose zonose<br \/>\nVentiliacijos sistemose, \u0161variose patalpose, puslaidininki\u0173 gamyboje<br \/>\nPopieriaus ir celiulioz\u0117s pramon\u0117 \u2013 oro i\u0161traukimas, atliek\u0173 \u0161alinimas<br \/>\nMedicinos \u012franga ir technologijos \u2013 kabeli\u0173 apsauga, oro tiekimas, i\u0161traukimo \u017earna<br \/>\nKomunalin\u0117 technika \u2013 lap\u0173 siurblys, \u017eoliapjov\u0117s, \u0161laito pjovimo ma\u0161inos<\/p>\n<p><strong>Savyb\u0117s<\/strong><\/p>\n<p>Vidutinio sunkumo, itin atspari dilimui<br \/>\nKonstrukcija u\u017etikrina didel\u012f atsparum\u0105 mechanin\u0117ms apkrovoms<br \/>\nMaistui tinkama sienel\u0117, atitinka: EU 10\/2011, EC 1935\/2004, EU 2015\/174, FDA 21 CFR 177.2600<br \/>\nBekvap\u0117<br \/>\nAtspari mikrobams ir hidrolizei<br \/>\nAtspari alyvai, benzinui ir chemin\u0117ms med\u017eiagoms<br \/>\nNuolatinis antistati\u0161kumas pagal ISO 8031: elektrinis ir pavir\u0161inis var\u017eis &lt;10\u2079 \u2126<br \/>\nAtitinka ATEX 2014\/34\/EU ir TRGS 727 reikalavimus: tinkama degi\u0173 dulki\u0173, biri\u0173 med\u017eiag\u0173, degi\u0173 ir nedegi\u0173 skys\u010di\u0173 transportavimui (Zonos 0, 1, 2, 20, 21, 22)<br \/>\nPagaminta pagal GMP EC 2023\/2006 standart\u0105<br \/>\nAtitinka RoHS ir REACH reglamentus<\/p>\n<p><strong>Temperat\u016bros diapazonas<\/strong><\/p>\n<p>Darbin\u0117 temperat\u016bra: nuo -40\u00b0C iki +90\u00b0C<br \/>\nTrumpalaikis atsparumas: iki +125\u00b0C<\/p>\n<p><strong>Konstrukcija<\/strong><\/p>\n<p>AIRDUC\u00ae profilin\u0117 \u017earna<br \/>\nSpyruoklinio plieno viela, tvirtai \u012fkomponuota sienel\u0117je<br \/>\nSienel\u0117: nuolat antistatinis auk\u0161tos kokyb\u0117s eterio poliuretanas (Pre-PUR\u00ae)<br \/>\nSienel\u0117s storis: ~0,7 mm<\/p>\n<p>\u012evair\u016bs diametrai nuo ir ilgiai pagal u\u017esakym\u0105<\/p>\n<p>Vidinis skersmuo nuo 25mm iki 500m, kreipkit\u0117s d\u0117l reikiamo skersmens ir ilgio.<\/p>\n<p class=\"\" data-start=\"1488\" data-end=\"1675\"><strong>Pristatymas 1-2 d.d.<\/strong><\/p>\n<p><strong>Susisiekite su mumis:<\/strong><\/p>\n<p>Nor\u0117dami gauti daugiau informacijos arba u\u017esisakyti, pra\u0161ome susisiekti su m\u016bs\u0173 komanda. Pad\u0117sime pasirinkti geriausi\u0105 sprendim\u0105 pagal j\u016bs\u0173 poreikius, u\u017etikrinsime geriausi\u0105 kain\u0105 rinkoje ir greit\u0105 pristatym\u0105.<\/p>","protected":false},"excerpt":{"rendered":"<p>Vidutinio sunkumo ir sustiprinta maisto bei farmacijos pramon\u0117s \u017earna Paskirtis Dulki\u0173, biri\u0173 med\u017eiag\u0173, granuli\u0173 ir duj\u0173 transportavimas Maisto ir farmacijos [&hellip;]<\/p>","protected":false},"featured_media":1222,"template":"","meta":{"site-sidebar-layout":"default","site-content-layout":"","ast-site-content-layout":"default","site-content-style":"default","site-sidebar-style":"default","ast-global-header-display":"","ast-banner-title-visibility":"","ast-main-header-display":"","ast-hfb-above-header-display":"","ast-hfb-below-header-display":"","ast-hfb-mobile-header-display":"","site-post-title":"","ast-breadcrumbs-content":"","ast-featured-img":"","footer-sml-layout":"","ast-disable-related-posts":"","theme-transparent-header-meta":"default","adv-header-id-meta":"","stick-header-meta":"","header-above-stick-meta":"","header-main-stick-meta":"","header-below-stick-meta":"","astra-migrate-meta-layouts":"set","ast-page-background-enabled":"default","ast-page-background-meta":{"desktop":{"background-color":"var(--ast-global-color-4)","background-image":"","background-repeat":"repeat","background-position":"center center","background-size":"auto","background-attachment":"scroll","background-type":"","background-media":"","overlay-type":"","overlay-color":"","overlay-opacity":"","overlay-gradient":""},"tablet":{"background-color":"","background-image":"","background-repeat":"repeat","background-position":"center center","background-size":"auto","background-attachment":"scroll","background-type":"","background-media":"","overlay-type":"","overlay-color":"","overlay-opacity":"","overlay-gradient":""},"mobile":{"background-color":"","background-image":"","background-repeat":"repeat","background-position":"center center","background-size":"auto","background-attachment":"scroll","background-type":"","background-media":"","overlay-type":"","overlay-color":"","overlay-opacity":"","overlay-gradient":""}},"ast-content-background-meta":{"desktop":{"background-color":"var(--ast-global-color-5)","background-image":"","background-repeat":"repeat","background-position":"center center","background-size":"auto","background-attachment":"scroll","background-type":"","background-media":"","overlay-type":"","overlay-color":"","overlay-opacity":"","overlay-gradient":""},"tablet":{"background-color":"var(--ast-global-color-5)","background-image":"","background-repeat":"repeat","background-position":"center center","background-size":"auto","background-attachment":"scroll","background-type":"","background-media":"","overlay-type":"","overlay-color":"","overlay-opacity":"","overlay-gradient":""},"mobile":{"background-color":"var(--ast-global-color-5)","background-image":"","background-repeat":"repeat","background-position":"center center","background-size":"auto","background-attachment":"scroll","background-type":"","background-media":"","overlay-type":"","overlay-color":"","overlay-opacity":"","overlay-gradient":""}}},"product_brand":[],"product_cat":[108,121,109],"product_tag":[],"class_list":{"0":"post-1221","1":"product","2":"type-product","3":"status-publish","4":"has-post-thumbnail","6":"product_cat-maisto-produktu-ir-farmacijos-zarnos","7":"product_cat-poliuretano-zarnos-pu-zarnos","8":"product_cat-zarnos-medienos-apdirbimo-pramonei","9":"desktop-align-left","10":"tablet-align-left","11":"mobile-align-left","13":"first","14":"instock","15":"shipping-taxable","16":"purchasable","17":"product-type-simple"},"yoast_head":"<!-- This site is optimized with the Yoast SEO plugin v27.3 - https:\/\/yoast.com\/product\/yoast-seo-wordpress\/ -->\n<title>\u017darna AIRDUC PUR 351 MD - ENVITEKA<\/title>\n<meta name=\"description\" content=\"Tinkama maisto produktams ir farmaciniams gaminiams. \u012evair\u016bs diametrai nuo ir ilgiai pagal u\u017esakym\u0105. Pristatymas 1-2 d.d.\" \/>\n<meta name=\"robots\" content=\"index, follow, max-snippet:-1, max-image-preview:large, max-video-preview:-1\" \/>\n<link rel=\"canonical\" href=\"https:\/\/enviteka.lt\/en\/product\/zarna-airduc-pur-351-md\/\" \/>\n<meta property=\"og:locale\" content=\"en_US\" \/>\n<meta property=\"og:type\" content=\"article\" \/>\n<meta property=\"og:title\" content=\"\u017darna AIRDUC PUR 351 MD - ENVITEKA\" \/>\n<meta property=\"og:description\" content=\"Tinkama maisto produktams ir farmaciniams gaminiams. \u012evair\u016bs diametrai nuo ir ilgiai pagal u\u017esakym\u0105. Pristatymas 1-2 d.d.\" \/>\n<meta property=\"og:url\" content=\"https:\/\/enviteka.lt\/en\/product\/zarna-airduc-pur-351-md\/\" \/>\n<meta property=\"og:site_name\" content=\"ENVITEKA\" \/>\n<meta property=\"article:modified_time\" content=\"2025-04-04T17:52:35+00:00\" \/>\n<meta property=\"og:image\" content=\"https:\/\/enviteka.lt\/wp-content\/uploads\/2025\/03\/AIRDUC-PUR-351-ZARNA.jpg\" \/>\n\t<meta property=\"og:image:width\" content=\"1047\" \/>\n\t<meta property=\"og:image:height\" content=\"636\" \/>\n\t<meta property=\"og:image:type\" content=\"image\/jpeg\" \/>\n<meta name=\"twitter:card\" content=\"summary_large_image\" \/>\n<meta name=\"twitter:label1\" content=\"Est. reading time\" \/>\n\t<meta name=\"twitter:data1\" content=\"2 minutes\" \/>\n<script type=\"application\/ld+json\" class=\"yoast-schema-graph\">{\"@context\":\"https:\\\/\\\/schema.org\",\"@graph\":[{\"@type\":\"WebPage\",\"@id\":\"https:\\\/\\\/enviteka.lt\\\/produktas\\\/zarna-airduc-pur-351-md\\\/\",\"url\":\"https:\\\/\\\/enviteka.lt\\\/produktas\\\/zarna-airduc-pur-351-md\\\/\",\"name\":\"\u017darna AIRDUC PUR 351 MD - ENVITEKA\",\"isPartOf\":{\"@id\":\"https:\\\/\\\/enviteka.lt\\\/#website\"},\"primaryImageOfPage\":{\"@id\":\"https:\\\/\\\/enviteka.lt\\\/produktas\\\/zarna-airduc-pur-351-md\\\/#primaryimage\"},\"image\":{\"@id\":\"https:\\\/\\\/enviteka.lt\\\/produktas\\\/zarna-airduc-pur-351-md\\\/#primaryimage\"},\"thumbnailUrl\":\"https:\\\/\\\/enviteka.lt\\\/wp-content\\\/uploads\\\/2025\\\/03\\\/AIRDUC-PUR-351-ZARNA.jpg\",\"datePublished\":\"2025-03-27T19:10:27+00:00\",\"dateModified\":\"2025-04-04T17:52:35+00:00\",\"description\":\"Tinkama maisto produktams ir farmaciniams gaminiams. \u012evair\u016bs diametrai nuo ir ilgiai pagal u\u017esakym\u0105. Pristatymas 1-2 d.d.\",\"breadcrumb\":{\"@id\":\"https:\\\/\\\/enviteka.lt\\\/produktas\\\/zarna-airduc-pur-351-md\\\/#breadcrumb\"},\"inLanguage\":\"en-US\",\"potentialAction\":[{\"@type\":\"ReadAction\",\"target\":[\"https:\\\/\\\/enviteka.lt\\\/produktas\\\/zarna-airduc-pur-351-md\\\/\"]}]},{\"@type\":\"ImageObject\",\"inLanguage\":\"en-US\",\"@id\":\"https:\\\/\\\/enviteka.lt\\\/produktas\\\/zarna-airduc-pur-351-md\\\/#primaryimage\",\"url\":\"https:\\\/\\\/enviteka.lt\\\/wp-content\\\/uploads\\\/2025\\\/03\\\/AIRDUC-PUR-351-ZARNA.jpg\",\"contentUrl\":\"https:\\\/\\\/enviteka.lt\\\/wp-content\\\/uploads\\\/2025\\\/03\\\/AIRDUC-PUR-351-ZARNA.jpg\",\"width\":1047,\"height\":636},{\"@type\":\"BreadcrumbList\",\"@id\":\"https:\\\/\\\/enviteka.lt\\\/produktas\\\/zarna-airduc-pur-351-md\\\/#breadcrumb\",\"itemListElement\":[{\"@type\":\"ListItem\",\"position\":1,\"name\":\"Home\",\"item\":\"https:\\\/\\\/enviteka.lt\\\/\"},{\"@type\":\"ListItem\",\"position\":2,\"name\":\"Produktai\",\"item\":\"https:\\\/\\\/enviteka.lt\\\/produktai\\\/\"},{\"@type\":\"ListItem\",\"position\":3,\"name\":\"\u017darna AIRDUC PUR 351 MD\"}]},{\"@type\":\"WebSite\",\"@id\":\"https:\\\/\\\/enviteka.lt\\\/#website\",\"url\":\"https:\\\/\\\/enviteka.lt\\\/\",\"name\":\"ENVITEKA\",\"description\":\"pramonin\u0117s \u012frangos tiek\u0117jas\",\"publisher\":{\"@id\":\"https:\\\/\\\/enviteka.lt\\\/#organization\"},\"potentialAction\":[{\"@type\":\"SearchAction\",\"target\":{\"@type\":\"EntryPoint\",\"urlTemplate\":\"https:\\\/\\\/enviteka.lt\\\/?s={search_term_string}\"},\"query-input\":{\"@type\":\"PropertyValueSpecification\",\"valueRequired\":true,\"valueName\":\"search_term_string\"}}],\"inLanguage\":\"en-US\"},{\"@type\":\"Organization\",\"@id\":\"https:\\\/\\\/enviteka.lt\\\/#organization\",\"name\":\"ENVITEKA\",\"url\":\"https:\\\/\\\/enviteka.lt\\\/\",\"logo\":{\"@type\":\"ImageObject\",\"inLanguage\":\"en-US\",\"@id\":\"https:\\\/\\\/enviteka.lt\\\/#\\\/schema\\\/logo\\\/image\\\/\",\"url\":\"https:\\\/\\\/enviteka.lt\\\/wp-content\\\/uploads\\\/2024\\\/10\\\/enviteka-high-resolution-logo-transparent-e1742852093377.png\",\"contentUrl\":\"https:\\\/\\\/enviteka.lt\\\/wp-content\\\/uploads\\\/2024\\\/10\\\/enviteka-high-resolution-logo-transparent-e1742852093377.png\",\"width\":424,\"height\":150,\"caption\":\"ENVITEKA\"},\"image\":{\"@id\":\"https:\\\/\\\/enviteka.lt\\\/#\\\/schema\\\/logo\\\/image\\\/\"}}]}<\/script>\n<!-- \/ Yoast SEO plugin. -->","yoast_head_json":{"title":"\u017darna AIRDUC PUR 351 MD - ENVITEKA","description":"Tinkama maisto produktams ir farmaciniams gaminiams. \u012evair\u016bs diametrai nuo ir ilgiai pagal u\u017esakym\u0105. Pristatymas 1-2 d.d.","robots":{"index":"index","follow":"follow","max-snippet":"max-snippet:-1","max-image-preview":"max-image-preview:large","max-video-preview":"max-video-preview:-1"},"canonical":"https:\/\/enviteka.lt\/en\/product\/zarna-airduc-pur-351-md\/","og_locale":"en_US","og_type":"article","og_title":"\u017darna AIRDUC PUR 351 MD - ENVITEKA","og_description":"Tinkama maisto produktams ir farmaciniams gaminiams. \u012evair\u016bs diametrai nuo ir ilgiai pagal u\u017esakym\u0105. Pristatymas 1-2 d.d.","og_url":"https:\/\/enviteka.lt\/en\/product\/zarna-airduc-pur-351-md\/","og_site_name":"ENVITEKA","article_modified_time":"2025-04-04T17:52:35+00:00","og_image":[{"width":1047,"height":636,"url":"https:\/\/enviteka.lt\/wp-content\/uploads\/2025\/03\/AIRDUC-PUR-351-ZARNA.jpg","type":"image\/jpeg"}],"twitter_card":"summary_large_image","twitter_misc":{"Est. reading time":"2 minutes"},"schema":{"@context":"https:\/\/schema.org","@graph":[{"@type":"WebPage","@id":"https:\/\/enviteka.lt\/produktas\/zarna-airduc-pur-351-md\/","url":"https:\/\/enviteka.lt\/produktas\/zarna-airduc-pur-351-md\/","name":"\u017darna AIRDUC PUR 351 MD - ENVITEKA","isPartOf":{"@id":"https:\/\/enviteka.lt\/#website"},"primaryImageOfPage":{"@id":"https:\/\/enviteka.lt\/produktas\/zarna-airduc-pur-351-md\/#primaryimage"},"image":{"@id":"https:\/\/enviteka.lt\/produktas\/zarna-airduc-pur-351-md\/#primaryimage"},"thumbnailUrl":"https:\/\/enviteka.lt\/wp-content\/uploads\/2025\/03\/AIRDUC-PUR-351-ZARNA.jpg","datePublished":"2025-03-27T19:10:27+00:00","dateModified":"2025-04-04T17:52:35+00:00","description":"Tinkama maisto produktams ir farmaciniams gaminiams. \u012evair\u016bs diametrai nuo ir ilgiai pagal u\u017esakym\u0105. Pristatymas 1-2 d.d.","breadcrumb":{"@id":"https:\/\/enviteka.lt\/produktas\/zarna-airduc-pur-351-md\/#breadcrumb"},"inLanguage":"en-US","potentialAction":[{"@type":"ReadAction","target":["https:\/\/enviteka.lt\/produktas\/zarna-airduc-pur-351-md\/"]}]},{"@type":"ImageObject","inLanguage":"en-US","@id":"https:\/\/enviteka.lt\/produktas\/zarna-airduc-pur-351-md\/#primaryimage","url":"https:\/\/enviteka.lt\/wp-content\/uploads\/2025\/03\/AIRDUC-PUR-351-ZARNA.jpg","contentUrl":"https:\/\/enviteka.lt\/wp-content\/uploads\/2025\/03\/AIRDUC-PUR-351-ZARNA.jpg","width":1047,"height":636},{"@type":"BreadcrumbList","@id":"https:\/\/enviteka.lt\/produktas\/zarna-airduc-pur-351-md\/#breadcrumb","itemListElement":[{"@type":"ListItem","position":1,"name":"Home","item":"https:\/\/enviteka.lt\/"},{"@type":"ListItem","position":2,"name":"Produktai","item":"https:\/\/enviteka.lt\/produktai\/"},{"@type":"ListItem","position":3,"name":"\u017darna AIRDUC PUR 351 MD"}]},{"@type":"WebSite","@id":"https:\/\/enviteka.lt\/#website","url":"https:\/\/enviteka.lt\/","name":"ENVITEKA","description":"pramonin\u0117s \u012frangos tiek\u0117jas","publisher":{"@id":"https:\/\/enviteka.lt\/#organization"},"potentialAction":[{"@type":"SearchAction","target":{"@type":"EntryPoint","urlTemplate":"https:\/\/enviteka.lt\/?s={search_term_string}"},"query-input":{"@type":"PropertyValueSpecification","valueRequired":true,"valueName":"search_term_string"}}],"inLanguage":"en-US"},{"@type":"Organization","@id":"https:\/\/enviteka.lt\/#organization","name":"ENVITEKA","url":"https:\/\/enviteka.lt\/","logo":{"@type":"ImageObject","inLanguage":"en-US","@id":"https:\/\/enviteka.lt\/#\/schema\/logo\/image\/","url":"https:\/\/enviteka.lt\/wp-content\/uploads\/2024\/10\/enviteka-high-resolution-logo-transparent-e1742852093377.png","contentUrl":"https:\/\/enviteka.lt\/wp-content\/uploads\/2024\/10\/enviteka-high-resolution-logo-transparent-e1742852093377.png","width":424,"height":150,"caption":"ENVITEKA"},"image":{"@id":"https:\/\/enviteka.lt\/#\/schema\/logo\/image\/"}}]}},"_links":{"self":[{"href":"https:\/\/enviteka.lt\/en\/wp-json\/wp\/v2\/product\/1221","targetHints":{"allow":["GET"]}}],"collection":[{"href":"https:\/\/enviteka.lt\/en\/wp-json\/wp\/v2\/product"}],"about":[{"href":"https:\/\/enviteka.lt\/en\/wp-json\/wp\/v2\/types\/product"}],"wp:featuredmedia":[{"embeddable":true,"href":"https:\/\/enviteka.lt\/en\/wp-json\/wp\/v2\/media\/1222"}],"wp:attachment":[{"href":"https:\/\/enviteka.lt\/en\/wp-json\/wp\/v2\/media?parent=1221"}],"wp:term":[{"taxonomy":"product_brand","embeddable":true,"href":"https:\/\/enviteka.lt\/en\/wp-json\/wp\/v2\/product_brand?post=1221"},{"taxonomy":"product_cat","embeddable":true,"href":"https:\/\/enviteka.lt\/en\/wp-json\/wp\/v2\/product_cat?post=1221"},{"taxonomy":"product_tag","embeddable":true,"href":"https:\/\/enviteka.lt\/en\/wp-json\/wp\/v2\/product_tag?post=1221"}],"curies":[{"name":"wp","href":"https:\/\/api.w.org\/{rel}","templated":true}]}}