{"id":1207,"date":"2025-03-27T17:43:03","date_gmt":"2025-03-27T17:43:03","guid":{"rendered":"https:\/\/enviteka.lt\/?post_type=product&#038;p=1207"},"modified":"2025-04-04T17:53:46","modified_gmt":"2025-04-04T17:53:46","slug":"zarna-protape-pur-c-335","status":"publish","type":"product","link":"https:\/\/enviteka.lt\/en\/product\/zarna-protape-pur-c-335\/","title":{"rendered":"\u017darna PROTAPE PUR-C 335"},"content":{"rendered":"<p><strong>Paskirtis<\/strong><\/p>\n<p>\u017darna yra specialiai sukurtos naudoti maisto ir farmacijos pramon\u0117je. Ji idealiai tinka:<\/p>\n<p>Saus\u0173 maisto produkt\u0173 transportavimui: ry\u017eiai, gr\u016bdai, cukrus, pieno milteliai, milteliai, kava, arbata, miltai, \u0161aldyti produktai.<br \/>\n\u012erenginiams ir procesams: mai\u0161ykl\u0117s, d\u017eiovyklos, pakavimo ma\u0161inos, biri\u0173 produkt\u0173 pakrovimas ir i\u0161krovimas (Big Bag), mal\u016bnai.<br \/>\nNaudojimui sprogioje aplinkoje.<\/p>\n<p><strong>Savyb\u0117s<\/strong><\/p>\n<p>Itin lanksti ir atspari dilimui<br \/>\nAtspari vibracijai<br \/>\nMaistinio standarto sienel\u0117, atitinkanti EU 10\/2011, EC 1935\/2004, EU 2015\/174, FDA 21 CFR 177.2600<br \/>\nBekvap\u0117<br \/>\nAtspari mikrobams ir hidrolizei<br \/>\nAtspari alyvai, benzinui ir chemin\u0117ms med\u017eiagoms<br \/>\nPuikus lankstumas net esant \u017eemai temperat\u016brai<br \/>\nNuolatinis antistatinis efektas pagal ISO 8031 (elektrin\u0117 ir pavir\u0161iaus var\u017ea &lt;10\u2079 \u2126)<br \/>\nAtitinka ATEX 2014\/34\/EU \u2013 tinkama naudoti pavojingose zonose (1, 2 ir 22)<br \/>\nPagaminta pagal GMP EC 2023\/2006<br \/>\nAtitinka RoHS ir REACH reikalavimus<\/p>\n<p><strong>Temperat\u016bros diapazonas<\/strong><\/p>\n<p>Darbin\u0117 temperat\u016bra: nuo -40\u00b0C iki +90\u00b0C<br \/>\nTrumpalaik\u0117 temperat\u016bra: iki +125\u00b0C<\/p>\n<p><strong>Konstrukcija<\/strong><\/p>\n<p>Patentuota PROTAPE\u00ae juostin\u0117 \u017earna<br \/>\nVidus ir i\u0161or\u0117 \u2013 lyg\u016bs<br \/>\nSienel\u0117: auk\u0161tos kokyb\u0117s antistatinis eterio poliuretanas (Pre-PUR\u00ae), 1,0 mm storio<br \/>\n\u012e\u017eeminimo viela<\/p>\n<p>\u012evair\u016bs diametrai ir ilgiai pagal u\u017esakym\u0105<br \/>\nStandartin\u0117 spalva: skaidri<br \/>\nGalimas individualus \u017eenklinimas pagal kliento pageidavimus<\/p>\n<p><strong>Susisiekite su mumis:<\/strong><\/p>\n<p>Nor\u0117dami gauti daugiau informacijos arba u\u017esisakyti, pra\u0161ome susisiekti su m\u016bs\u0173 komanda. Pad\u0117sime pasirinkti geriausi\u0105 sprendim\u0105 pagal j\u016bs\u0173 poreikius ir u\u017etikrinsime greit\u0105 pristatym\u0105.<\/p>","protected":false},"excerpt":{"rendered":"<p>Paskirtis \u017darna yra specialiai sukurtos naudoti maisto ir farmacijos pramon\u0117je. Ji idealiai tinka: Saus\u0173 maisto produkt\u0173 transportavimui: ry\u017eiai, gr\u016bdai, cukrus, [&hellip;]<\/p>","protected":false},"featured_media":1208,"template":"","meta":{"site-sidebar-layout":"default","site-content-layout":"","ast-site-content-layout":"default","site-content-style":"default","site-sidebar-style":"default","ast-global-header-display":"","ast-banner-title-visibility":"","ast-main-header-display":"","ast-hfb-above-header-display":"","ast-hfb-below-header-display":"","ast-hfb-mobile-header-display":"","site-post-title":"","ast-breadcrumbs-content":"","ast-featured-img":"","footer-sml-layout":"","ast-disable-related-posts":"","theme-transparent-header-meta":"default","adv-header-id-meta":"","stick-header-meta":"","header-above-stick-meta":"","header-main-stick-meta":"","header-below-stick-meta":"","astra-migrate-meta-layouts":"set","ast-page-background-enabled":"default","ast-page-background-meta":{"desktop":{"background-color":"var(--ast-global-color-4)","background-image":"","background-repeat":"repeat","background-position":"center center","background-size":"auto","background-attachment":"scroll","background-type":"","background-media":"","overlay-type":"","overlay-color":"","overlay-opacity":"","overlay-gradient":""},"tablet":{"background-color":"","background-image":"","background-repeat":"repeat","background-position":"center center","background-size":"auto","background-attachment":"scroll","background-type":"","background-media":"","overlay-type":"","overlay-color":"","overlay-opacity":"","overlay-gradient":""},"mobile":{"background-color":"","background-image":"","background-repeat":"repeat","background-position":"center center","background-size":"auto","background-attachment":"scroll","background-type":"","background-media":"","overlay-type":"","overlay-color":"","overlay-opacity":"","overlay-gradient":""}},"ast-content-background-meta":{"desktop":{"background-color":"var(--ast-global-color-5)","background-image":"","background-repeat":"repeat","background-position":"center center","background-size":"auto","background-attachment":"scroll","background-type":"","background-media":"","overlay-type":"","overlay-color":"","overlay-opacity":"","overlay-gradient":""},"tablet":{"background-color":"var(--ast-global-color-5)","background-image":"","background-repeat":"repeat","background-position":"center center","background-size":"auto","background-attachment":"scroll","background-type":"","background-media":"","overlay-type":"","overlay-color":"","overlay-opacity":"","overlay-gradient":""},"mobile":{"background-color":"var(--ast-global-color-5)","background-image":"","background-repeat":"repeat","background-position":"center center","background-size":"auto","background-attachment":"scroll","background-type":"","background-media":"","overlay-type":"","overlay-color":"","overlay-opacity":"","overlay-gradient":""}}},"product_brand":[],"product_cat":[108,121,109],"product_tag":[],"class_list":{"0":"post-1207","1":"product","2":"type-product","3":"status-publish","4":"has-post-thumbnail","6":"product_cat-maisto-produktu-ir-farmacijos-zarnos","7":"product_cat-poliuretano-zarnos-pu-zarnos","8":"product_cat-zarnos-medienos-apdirbimo-pramonei","9":"desktop-align-left","10":"tablet-align-left","11":"mobile-align-left","13":"first","14":"instock","15":"shipping-taxable","16":"purchasable","17":"product-type-simple"},"yoast_head":"<!-- This site is optimized with the Yoast SEO plugin v27.3 - https:\/\/yoast.com\/product\/yoast-seo-wordpress\/ -->\n<title>\u017darna PROTAPE PUR-C 335 - ENVITEKA<\/title>\n<meta name=\"description\" content=\"\u012erenginiams ir procesams: mai\u0161ykl\u0117s, d\u017eiovyklos, pakavimo ma\u0161inos, biri\u0173 produkt\u0173 pakrovimas ir i\u0161krovimas.\" \/>\n<meta name=\"robots\" content=\"index, follow, max-snippet:-1, max-image-preview:large, max-video-preview:-1\" \/>\n<link rel=\"canonical\" href=\"https:\/\/enviteka.lt\/en\/product\/zarna-protape-pur-c-335\/\" \/>\n<meta property=\"og:locale\" content=\"en_US\" \/>\n<meta property=\"og:type\" content=\"article\" \/>\n<meta property=\"og:title\" content=\"\u017darna PROTAPE PUR-C 335 - ENVITEKA\" \/>\n<meta property=\"og:description\" content=\"\u012erenginiams ir procesams: mai\u0161ykl\u0117s, d\u017eiovyklos, pakavimo ma\u0161inos, biri\u0173 produkt\u0173 pakrovimas ir i\u0161krovimas.\" \/>\n<meta property=\"og:url\" content=\"https:\/\/enviteka.lt\/en\/product\/zarna-protape-pur-c-335\/\" \/>\n<meta property=\"og:site_name\" content=\"ENVITEKA\" \/>\n<meta property=\"article:modified_time\" content=\"2025-04-04T17:53:46+00:00\" \/>\n<meta property=\"og:image\" content=\"https:\/\/enviteka.lt\/wp-content\/uploads\/2025\/03\/protape-pur.jpg\" \/>\n\t<meta property=\"og:image:width\" content=\"1392\" \/>\n\t<meta property=\"og:image:height\" content=\"831\" \/>\n\t<meta property=\"og:image:type\" content=\"image\/jpeg\" \/>\n<meta name=\"twitter:card\" content=\"summary_large_image\" \/>\n<meta name=\"twitter:label1\" content=\"Est. reading time\" \/>\n\t<meta name=\"twitter:data1\" content=\"2 minutes\" \/>\n<script type=\"application\/ld+json\" class=\"yoast-schema-graph\">{\"@context\":\"https:\\\/\\\/schema.org\",\"@graph\":[{\"@type\":\"WebPage\",\"@id\":\"https:\\\/\\\/enviteka.lt\\\/produktas\\\/zarna-protape-pur-c-335\\\/\",\"url\":\"https:\\\/\\\/enviteka.lt\\\/produktas\\\/zarna-protape-pur-c-335\\\/\",\"name\":\"\u017darna PROTAPE PUR-C 335 - ENVITEKA\",\"isPartOf\":{\"@id\":\"https:\\\/\\\/enviteka.lt\\\/#website\"},\"primaryImageOfPage\":{\"@id\":\"https:\\\/\\\/enviteka.lt\\\/produktas\\\/zarna-protape-pur-c-335\\\/#primaryimage\"},\"image\":{\"@id\":\"https:\\\/\\\/enviteka.lt\\\/produktas\\\/zarna-protape-pur-c-335\\\/#primaryimage\"},\"thumbnailUrl\":\"https:\\\/\\\/enviteka.lt\\\/wp-content\\\/uploads\\\/2025\\\/03\\\/protape-pur.jpg\",\"datePublished\":\"2025-03-27T17:43:03+00:00\",\"dateModified\":\"2025-04-04T17:53:46+00:00\",\"description\":\"\u012erenginiams ir procesams: mai\u0161ykl\u0117s, d\u017eiovyklos, pakavimo ma\u0161inos, biri\u0173 produkt\u0173 pakrovimas ir i\u0161krovimas.\",\"breadcrumb\":{\"@id\":\"https:\\\/\\\/enviteka.lt\\\/produktas\\\/zarna-protape-pur-c-335\\\/#breadcrumb\"},\"inLanguage\":\"en-US\",\"potentialAction\":[{\"@type\":\"ReadAction\",\"target\":[\"https:\\\/\\\/enviteka.lt\\\/produktas\\\/zarna-protape-pur-c-335\\\/\"]}]},{\"@type\":\"ImageObject\",\"inLanguage\":\"en-US\",\"@id\":\"https:\\\/\\\/enviteka.lt\\\/produktas\\\/zarna-protape-pur-c-335\\\/#primaryimage\",\"url\":\"https:\\\/\\\/enviteka.lt\\\/wp-content\\\/uploads\\\/2025\\\/03\\\/protape-pur.jpg\",\"contentUrl\":\"https:\\\/\\\/enviteka.lt\\\/wp-content\\\/uploads\\\/2025\\\/03\\\/protape-pur.jpg\",\"width\":1392,\"height\":831},{\"@type\":\"BreadcrumbList\",\"@id\":\"https:\\\/\\\/enviteka.lt\\\/produktas\\\/zarna-protape-pur-c-335\\\/#breadcrumb\",\"itemListElement\":[{\"@type\":\"ListItem\",\"position\":1,\"name\":\"Home\",\"item\":\"https:\\\/\\\/enviteka.lt\\\/\"},{\"@type\":\"ListItem\",\"position\":2,\"name\":\"Produktai\",\"item\":\"https:\\\/\\\/enviteka.lt\\\/produktai\\\/\"},{\"@type\":\"ListItem\",\"position\":3,\"name\":\"\u017darna PROTAPE PUR-C 335\"}]},{\"@type\":\"WebSite\",\"@id\":\"https:\\\/\\\/enviteka.lt\\\/#website\",\"url\":\"https:\\\/\\\/enviteka.lt\\\/\",\"name\":\"ENVITEKA\",\"description\":\"pramonin\u0117s \u012frangos tiek\u0117jas\",\"publisher\":{\"@id\":\"https:\\\/\\\/enviteka.lt\\\/#organization\"},\"potentialAction\":[{\"@type\":\"SearchAction\",\"target\":{\"@type\":\"EntryPoint\",\"urlTemplate\":\"https:\\\/\\\/enviteka.lt\\\/?s={search_term_string}\"},\"query-input\":{\"@type\":\"PropertyValueSpecification\",\"valueRequired\":true,\"valueName\":\"search_term_string\"}}],\"inLanguage\":\"en-US\"},{\"@type\":\"Organization\",\"@id\":\"https:\\\/\\\/enviteka.lt\\\/#organization\",\"name\":\"ENVITEKA\",\"url\":\"https:\\\/\\\/enviteka.lt\\\/\",\"logo\":{\"@type\":\"ImageObject\",\"inLanguage\":\"en-US\",\"@id\":\"https:\\\/\\\/enviteka.lt\\\/#\\\/schema\\\/logo\\\/image\\\/\",\"url\":\"https:\\\/\\\/enviteka.lt\\\/wp-content\\\/uploads\\\/2024\\\/10\\\/enviteka-high-resolution-logo-transparent-e1742852093377.png\",\"contentUrl\":\"https:\\\/\\\/enviteka.lt\\\/wp-content\\\/uploads\\\/2024\\\/10\\\/enviteka-high-resolution-logo-transparent-e1742852093377.png\",\"width\":424,\"height\":150,\"caption\":\"ENVITEKA\"},\"image\":{\"@id\":\"https:\\\/\\\/enviteka.lt\\\/#\\\/schema\\\/logo\\\/image\\\/\"}}]}<\/script>\n<!-- \/ Yoast SEO plugin. -->","yoast_head_json":{"title":"\u017darna PROTAPE PUR-C 335 - ENVITEKA","description":"\u012erenginiams ir procesams: mai\u0161ykl\u0117s, d\u017eiovyklos, pakavimo ma\u0161inos, biri\u0173 produkt\u0173 pakrovimas ir i\u0161krovimas.","robots":{"index":"index","follow":"follow","max-snippet":"max-snippet:-1","max-image-preview":"max-image-preview:large","max-video-preview":"max-video-preview:-1"},"canonical":"https:\/\/enviteka.lt\/en\/product\/zarna-protape-pur-c-335\/","og_locale":"en_US","og_type":"article","og_title":"\u017darna PROTAPE PUR-C 335 - ENVITEKA","og_description":"\u012erenginiams ir procesams: mai\u0161ykl\u0117s, d\u017eiovyklos, pakavimo ma\u0161inos, biri\u0173 produkt\u0173 pakrovimas ir i\u0161krovimas.","og_url":"https:\/\/enviteka.lt\/en\/product\/zarna-protape-pur-c-335\/","og_site_name":"ENVITEKA","article_modified_time":"2025-04-04T17:53:46+00:00","og_image":[{"width":1392,"height":831,"url":"https:\/\/enviteka.lt\/wp-content\/uploads\/2025\/03\/protape-pur.jpg","type":"image\/jpeg"}],"twitter_card":"summary_large_image","twitter_misc":{"Est. reading time":"2 minutes"},"schema":{"@context":"https:\/\/schema.org","@graph":[{"@type":"WebPage","@id":"https:\/\/enviteka.lt\/produktas\/zarna-protape-pur-c-335\/","url":"https:\/\/enviteka.lt\/produktas\/zarna-protape-pur-c-335\/","name":"\u017darna PROTAPE PUR-C 335 - ENVITEKA","isPartOf":{"@id":"https:\/\/enviteka.lt\/#website"},"primaryImageOfPage":{"@id":"https:\/\/enviteka.lt\/produktas\/zarna-protape-pur-c-335\/#primaryimage"},"image":{"@id":"https:\/\/enviteka.lt\/produktas\/zarna-protape-pur-c-335\/#primaryimage"},"thumbnailUrl":"https:\/\/enviteka.lt\/wp-content\/uploads\/2025\/03\/protape-pur.jpg","datePublished":"2025-03-27T17:43:03+00:00","dateModified":"2025-04-04T17:53:46+00:00","description":"\u012erenginiams ir procesams: mai\u0161ykl\u0117s, d\u017eiovyklos, pakavimo ma\u0161inos, biri\u0173 produkt\u0173 pakrovimas ir i\u0161krovimas.","breadcrumb":{"@id":"https:\/\/enviteka.lt\/produktas\/zarna-protape-pur-c-335\/#breadcrumb"},"inLanguage":"en-US","potentialAction":[{"@type":"ReadAction","target":["https:\/\/enviteka.lt\/produktas\/zarna-protape-pur-c-335\/"]}]},{"@type":"ImageObject","inLanguage":"en-US","@id":"https:\/\/enviteka.lt\/produktas\/zarna-protape-pur-c-335\/#primaryimage","url":"https:\/\/enviteka.lt\/wp-content\/uploads\/2025\/03\/protape-pur.jpg","contentUrl":"https:\/\/enviteka.lt\/wp-content\/uploads\/2025\/03\/protape-pur.jpg","width":1392,"height":831},{"@type":"BreadcrumbList","@id":"https:\/\/enviteka.lt\/produktas\/zarna-protape-pur-c-335\/#breadcrumb","itemListElement":[{"@type":"ListItem","position":1,"name":"Home","item":"https:\/\/enviteka.lt\/"},{"@type":"ListItem","position":2,"name":"Produktai","item":"https:\/\/enviteka.lt\/produktai\/"},{"@type":"ListItem","position":3,"name":"\u017darna PROTAPE PUR-C 335"}]},{"@type":"WebSite","@id":"https:\/\/enviteka.lt\/#website","url":"https:\/\/enviteka.lt\/","name":"ENVITEKA","description":"pramonin\u0117s \u012frangos tiek\u0117jas","publisher":{"@id":"https:\/\/enviteka.lt\/#organization"},"potentialAction":[{"@type":"SearchAction","target":{"@type":"EntryPoint","urlTemplate":"https:\/\/enviteka.lt\/?s={search_term_string}"},"query-input":{"@type":"PropertyValueSpecification","valueRequired":true,"valueName":"search_term_string"}}],"inLanguage":"en-US"},{"@type":"Organization","@id":"https:\/\/enviteka.lt\/#organization","name":"ENVITEKA","url":"https:\/\/enviteka.lt\/","logo":{"@type":"ImageObject","inLanguage":"en-US","@id":"https:\/\/enviteka.lt\/#\/schema\/logo\/image\/","url":"https:\/\/enviteka.lt\/wp-content\/uploads\/2024\/10\/enviteka-high-resolution-logo-transparent-e1742852093377.png","contentUrl":"https:\/\/enviteka.lt\/wp-content\/uploads\/2024\/10\/enviteka-high-resolution-logo-transparent-e1742852093377.png","width":424,"height":150,"caption":"ENVITEKA"},"image":{"@id":"https:\/\/enviteka.lt\/#\/schema\/logo\/image\/"}}]}},"_links":{"self":[{"href":"https:\/\/enviteka.lt\/en\/wp-json\/wp\/v2\/product\/1207","targetHints":{"allow":["GET"]}}],"collection":[{"href":"https:\/\/enviteka.lt\/en\/wp-json\/wp\/v2\/product"}],"about":[{"href":"https:\/\/enviteka.lt\/en\/wp-json\/wp\/v2\/types\/product"}],"wp:featuredmedia":[{"embeddable":true,"href":"https:\/\/enviteka.lt\/en\/wp-json\/wp\/v2\/media\/1208"}],"wp:attachment":[{"href":"https:\/\/enviteka.lt\/en\/wp-json\/wp\/v2\/media?parent=1207"}],"wp:term":[{"taxonomy":"product_brand","embeddable":true,"href":"https:\/\/enviteka.lt\/en\/wp-json\/wp\/v2\/product_brand?post=1207"},{"taxonomy":"product_cat","embeddable":true,"href":"https:\/\/enviteka.lt\/en\/wp-json\/wp\/v2\/product_cat?post=1207"},{"taxonomy":"product_tag","embeddable":true,"href":"https:\/\/enviteka.lt\/en\/wp-json\/wp\/v2\/product_tag?post=1207"}],"curies":[{"name":"wp","href":"https:\/\/api.w.org\/{rel}","templated":true}]}}