{"id":1158,"date":"2025-03-10T08:42:23","date_gmt":"2025-03-10T08:42:23","guid":{"rendered":"https:\/\/enviteka.lt\/?post_type=product&#038;p=1158"},"modified":"2025-03-10T08:44:56","modified_gmt":"2025-03-10T08:44:56","slug":"viengubas-pedalas-pa-40110-m2","status":"publish","type":"product","link":"https:\/\/enviteka.lt\/en\/product\/viengubas-pedalas-pa-40110-m2\/","title":{"rendered":"Viengubas pedalas PA 40110-M2"},"content":{"rendered":"<p><strong>PA 40110-M2<\/strong> \u2013 tai kompakti\u0161kas, patikimas ir ergonomi\u0161kas viengubas pedalas su greito veikimo kontakt\u0173 bloku.<\/p>\n<table data-start=\"1271\" data-end=\"1792\">\n<thead data-start=\"1271\" data-end=\"1328\">\n<tr data-start=\"1271\" data-end=\"1328\">\n<th data-start=\"1271\" data-end=\"1297\">Parametras<\/th>\n<th data-start=\"1297\" data-end=\"1328\">Reik\u0161m\u0117<\/th>\n<\/tr>\n<\/thead>\n<tbody data-start=\"1387\" data-end=\"1792\">\n<tr data-start=\"1387\" data-end=\"1444\">\n<td>Kontakt\u0173 blokas<\/td>\n<td>1NO + 1NC<\/td>\n<\/tr>\n<tr data-start=\"1445\" data-end=\"1502\">\n<td>Veikimo tipas<\/td>\n<td>Greito veikimo<\/td>\n<\/tr>\n<tr data-start=\"1503\" data-end=\"1560\">\n<td>Pozityvus atidarymas<\/td>\n<td>Taip<\/td>\n<\/tr>\n<tr data-start=\"1561\" data-end=\"1618\">\n<td>Korpusas<\/td>\n<td>Technopolimeras<\/td>\n<\/tr>\n<tr data-start=\"1619\" data-end=\"1676\">\n<td>Kabelio \u012fvadas<\/td>\n<td>1 x M20x1,5<\/td>\n<\/tr>\n<tr data-start=\"1677\" data-end=\"1734\">\n<td>Spalva<\/td>\n<td>Pilka (RAL 7035)<\/td>\n<\/tr>\n<tr data-start=\"1735\" data-end=\"1792\">\n<td>Apsaugos klas\u0117<\/td>\n<td>IP53<\/td>\n<\/tr>\n<\/tbody>\n<\/table>\n<p><strong>Susisiekite<\/strong> ir u\u017esisakykite dabar ir pasir\u016bpinkite efektyviu valdymu savo \u012frangoje!<\/p>","protected":false},"excerpt":{"rendered":"<p>PA 40110-M2 \u2013 tai kompakti\u0161kas, patikimas ir ergonomi\u0161kas viengubas pedalas su greito veikimo kontakt\u0173 bloku. Parametras Reik\u0161m\u0117 Kontakt\u0173 blokas 1NO [&hellip;]<\/p>","protected":false},"featured_media":1156,"template":"","meta":{"site-sidebar-layout":"default","site-content-layout":"","ast-site-content-layout":"default","site-content-style":"default","site-sidebar-style":"default","ast-global-header-display":"","ast-banner-title-visibility":"","ast-main-header-display":"","ast-hfb-above-header-display":"","ast-hfb-below-header-display":"","ast-hfb-mobile-header-display":"","site-post-title":"","ast-breadcrumbs-content":"","ast-featured-img":"","footer-sml-layout":"","ast-disable-related-posts":"","theme-transparent-header-meta":"default","adv-header-id-meta":"","stick-header-meta":"","header-above-stick-meta":"","header-main-stick-meta":"","header-below-stick-meta":"","astra-migrate-meta-layouts":"set","ast-page-background-enabled":"default","ast-page-background-meta":{"desktop":{"background-color":"var(--ast-global-color-4)","background-image":"","background-repeat":"repeat","background-position":"center center","background-size":"auto","background-attachment":"scroll","background-type":"","background-media":"","overlay-type":"","overlay-color":"","overlay-opacity":"","overlay-gradient":""},"tablet":{"background-color":"","background-image":"","background-repeat":"repeat","background-position":"center center","background-size":"auto","background-attachment":"scroll","background-type":"","background-media":"","overlay-type":"","overlay-color":"","overlay-opacity":"","overlay-gradient":""},"mobile":{"background-color":"","background-image":"","background-repeat":"repeat","background-position":"center center","background-size":"auto","background-attachment":"scroll","background-type":"","background-media":"","overlay-type":"","overlay-color":"","overlay-opacity":"","overlay-gradient":""}},"ast-content-background-meta":{"desktop":{"background-color":"var(--ast-global-color-5)","background-image":"","background-repeat":"repeat","background-position":"center center","background-size":"auto","background-attachment":"scroll","background-type":"","background-media":"","overlay-type":"","overlay-color":"","overlay-opacity":"","overlay-gradient":""},"tablet":{"background-color":"var(--ast-global-color-5)","background-image":"","background-repeat":"repeat","background-position":"center center","background-size":"auto","background-attachment":"scroll","background-type":"","background-media":"","overlay-type":"","overlay-color":"","overlay-opacity":"","overlay-gradient":""},"mobile":{"background-color":"var(--ast-global-color-5)","background-image":"","background-repeat":"repeat","background-position":"center center","background-size":"auto","background-attachment":"scroll","background-type":"","background-media":"","overlay-type":"","overlay-color":"","overlay-opacity":"","overlay-gradient":""}}},"product_brand":[],"product_cat":[15],"product_tag":[],"class_list":{"0":"post-1158","1":"product","2":"type-product","3":"status-publish","4":"has-post-thumbnail","6":"product_cat-pramoniniai-saugos-elementai","7":"desktop-align-left","8":"tablet-align-left","9":"mobile-align-left","11":"first","12":"instock","13":"shipping-taxable","14":"purchasable","15":"product-type-simple"},"yoast_head":"<!-- This site is optimized with the Yoast SEO plugin v27.5 - https:\/\/yoast.com\/product\/yoast-seo-wordpress\/ -->\n<title>Viengubas pedalas PA 40110-M2 - ENVITEKA<\/title>\n<meta name=\"description\" content=\"kompakti\u0161kas, patikimas ir ergonomi\u0161kas viengubas pedalas su greito veikimo kontakt\u0173 bloku.\" \/>\n<meta name=\"robots\" content=\"index, follow, max-snippet:-1, max-image-preview:large, max-video-preview:-1\" \/>\n<link rel=\"canonical\" href=\"https:\/\/enviteka.lt\/en\/product\/viengubas-pedalas-pa-40110-m2\/\" \/>\n<meta property=\"og:locale\" content=\"en_US\" \/>\n<meta property=\"og:type\" content=\"article\" \/>\n<meta property=\"og:title\" content=\"Viengubas pedalas PA 40110-M2 - ENVITEKA\" \/>\n<meta property=\"og:description\" content=\"kompakti\u0161kas, patikimas ir ergonomi\u0161kas viengubas pedalas su greito veikimo kontakt\u0173 bloku.\" \/>\n<meta property=\"og:url\" content=\"https:\/\/enviteka.lt\/en\/product\/viengubas-pedalas-pa-40110-m2\/\" \/>\n<meta property=\"og:site_name\" content=\"ENVITEKA\" \/>\n<meta property=\"article:modified_time\" content=\"2025-03-10T08:44:56+00:00\" \/>\n<meta property=\"og:image\" content=\"https:\/\/enviteka.lt\/wp-content\/uploads\/2025\/03\/pizzato-pedalas.jpg\" \/>\n\t<meta property=\"og:image:width\" content=\"261\" \/>\n\t<meta property=\"og:image:height\" content=\"301\" \/>\n\t<meta property=\"og:image:type\" content=\"image\/jpeg\" \/>\n<meta name=\"twitter:card\" content=\"summary_large_image\" \/>\n<meta name=\"twitter:label1\" content=\"Est. reading time\" \/>\n\t<meta name=\"twitter:data1\" content=\"1 minute\" \/>\n<script type=\"application\/ld+json\" class=\"yoast-schema-graph\">{\"@context\":\"https:\\\/\\\/schema.org\",\"@graph\":[{\"@type\":\"WebPage\",\"@id\":\"https:\\\/\\\/enviteka.lt\\\/produktas\\\/viengubas-pedalas-pa-40110-m2\\\/\",\"url\":\"https:\\\/\\\/enviteka.lt\\\/produktas\\\/viengubas-pedalas-pa-40110-m2\\\/\",\"name\":\"Viengubas pedalas PA 40110-M2 - ENVITEKA\",\"isPartOf\":{\"@id\":\"https:\\\/\\\/enviteka.lt\\\/#website\"},\"primaryImageOfPage\":{\"@id\":\"https:\\\/\\\/enviteka.lt\\\/produktas\\\/viengubas-pedalas-pa-40110-m2\\\/#primaryimage\"},\"image\":{\"@id\":\"https:\\\/\\\/enviteka.lt\\\/produktas\\\/viengubas-pedalas-pa-40110-m2\\\/#primaryimage\"},\"thumbnailUrl\":\"https:\\\/\\\/enviteka.lt\\\/wp-content\\\/uploads\\\/2025\\\/03\\\/pizzato-pedalas.jpg\",\"datePublished\":\"2025-03-10T08:42:23+00:00\",\"dateModified\":\"2025-03-10T08:44:56+00:00\",\"description\":\"kompakti\u0161kas, patikimas ir ergonomi\u0161kas viengubas pedalas su greito veikimo kontakt\u0173 bloku.\",\"breadcrumb\":{\"@id\":\"https:\\\/\\\/enviteka.lt\\\/produktas\\\/viengubas-pedalas-pa-40110-m2\\\/#breadcrumb\"},\"inLanguage\":\"en-US\",\"potentialAction\":[{\"@type\":\"ReadAction\",\"target\":[\"https:\\\/\\\/enviteka.lt\\\/produktas\\\/viengubas-pedalas-pa-40110-m2\\\/\"]}]},{\"@type\":\"ImageObject\",\"inLanguage\":\"en-US\",\"@id\":\"https:\\\/\\\/enviteka.lt\\\/produktas\\\/viengubas-pedalas-pa-40110-m2\\\/#primaryimage\",\"url\":\"https:\\\/\\\/enviteka.lt\\\/wp-content\\\/uploads\\\/2025\\\/03\\\/pizzato-pedalas.jpg\",\"contentUrl\":\"https:\\\/\\\/enviteka.lt\\\/wp-content\\\/uploads\\\/2025\\\/03\\\/pizzato-pedalas.jpg\",\"width\":261,\"height\":301},{\"@type\":\"BreadcrumbList\",\"@id\":\"https:\\\/\\\/enviteka.lt\\\/produktas\\\/viengubas-pedalas-pa-40110-m2\\\/#breadcrumb\",\"itemListElement\":[{\"@type\":\"ListItem\",\"position\":1,\"name\":\"Home\",\"item\":\"https:\\\/\\\/enviteka.lt\\\/\"},{\"@type\":\"ListItem\",\"position\":2,\"name\":\"Produktai\",\"item\":\"https:\\\/\\\/enviteka.lt\\\/produktai\\\/\"},{\"@type\":\"ListItem\",\"position\":3,\"name\":\"Viengubas pedalas PA 40110-M2\"}]},{\"@type\":\"WebSite\",\"@id\":\"https:\\\/\\\/enviteka.lt\\\/#website\",\"url\":\"https:\\\/\\\/enviteka.lt\\\/\",\"name\":\"ENVITEKA\",\"description\":\"pramonin\u0117s \u012frangos tiek\u0117jas\",\"publisher\":{\"@id\":\"https:\\\/\\\/enviteka.lt\\\/#organization\"},\"potentialAction\":[{\"@type\":\"SearchAction\",\"target\":{\"@type\":\"EntryPoint\",\"urlTemplate\":\"https:\\\/\\\/enviteka.lt\\\/?s={search_term_string}\"},\"query-input\":{\"@type\":\"PropertyValueSpecification\",\"valueRequired\":true,\"valueName\":\"search_term_string\"}}],\"inLanguage\":\"en-US\"},{\"@type\":\"Organization\",\"@id\":\"https:\\\/\\\/enviteka.lt\\\/#organization\",\"name\":\"ENVITEKA\",\"url\":\"https:\\\/\\\/enviteka.lt\\\/\",\"logo\":{\"@type\":\"ImageObject\",\"inLanguage\":\"en-US\",\"@id\":\"https:\\\/\\\/enviteka.lt\\\/#\\\/schema\\\/logo\\\/image\\\/\",\"url\":\"https:\\\/\\\/enviteka.lt\\\/wp-content\\\/uploads\\\/2024\\\/10\\\/enviteka-high-resolution-logo-transparent-e1742852093377.png\",\"contentUrl\":\"https:\\\/\\\/enviteka.lt\\\/wp-content\\\/uploads\\\/2024\\\/10\\\/enviteka-high-resolution-logo-transparent-e1742852093377.png\",\"width\":424,\"height\":150,\"caption\":\"ENVITEKA\"},\"image\":{\"@id\":\"https:\\\/\\\/enviteka.lt\\\/#\\\/schema\\\/logo\\\/image\\\/\"}}]}<\/script>\n<!-- \/ Yoast SEO plugin. -->","yoast_head_json":{"title":"Viengubas pedalas PA 40110-M2 - ENVITEKA","description":"kompakti\u0161kas, patikimas ir ergonomi\u0161kas viengubas pedalas su greito veikimo kontakt\u0173 bloku.","robots":{"index":"index","follow":"follow","max-snippet":"max-snippet:-1","max-image-preview":"max-image-preview:large","max-video-preview":"max-video-preview:-1"},"canonical":"https:\/\/enviteka.lt\/en\/product\/viengubas-pedalas-pa-40110-m2\/","og_locale":"en_US","og_type":"article","og_title":"Viengubas pedalas PA 40110-M2 - ENVITEKA","og_description":"kompakti\u0161kas, patikimas ir ergonomi\u0161kas viengubas pedalas su greito veikimo kontakt\u0173 bloku.","og_url":"https:\/\/enviteka.lt\/en\/product\/viengubas-pedalas-pa-40110-m2\/","og_site_name":"ENVITEKA","article_modified_time":"2025-03-10T08:44:56+00:00","og_image":[{"width":261,"height":301,"url":"https:\/\/enviteka.lt\/wp-content\/uploads\/2025\/03\/pizzato-pedalas.jpg","type":"image\/jpeg"}],"twitter_card":"summary_large_image","twitter_misc":{"Est. reading time":"1 minute"},"schema":{"@context":"https:\/\/schema.org","@graph":[{"@type":"WebPage","@id":"https:\/\/enviteka.lt\/produktas\/viengubas-pedalas-pa-40110-m2\/","url":"https:\/\/enviteka.lt\/produktas\/viengubas-pedalas-pa-40110-m2\/","name":"Viengubas pedalas PA 40110-M2 - ENVITEKA","isPartOf":{"@id":"https:\/\/enviteka.lt\/#website"},"primaryImageOfPage":{"@id":"https:\/\/enviteka.lt\/produktas\/viengubas-pedalas-pa-40110-m2\/#primaryimage"},"image":{"@id":"https:\/\/enviteka.lt\/produktas\/viengubas-pedalas-pa-40110-m2\/#primaryimage"},"thumbnailUrl":"https:\/\/enviteka.lt\/wp-content\/uploads\/2025\/03\/pizzato-pedalas.jpg","datePublished":"2025-03-10T08:42:23+00:00","dateModified":"2025-03-10T08:44:56+00:00","description":"kompakti\u0161kas, patikimas ir ergonomi\u0161kas viengubas pedalas su greito veikimo kontakt\u0173 bloku.","breadcrumb":{"@id":"https:\/\/enviteka.lt\/produktas\/viengubas-pedalas-pa-40110-m2\/#breadcrumb"},"inLanguage":"en-US","potentialAction":[{"@type":"ReadAction","target":["https:\/\/enviteka.lt\/produktas\/viengubas-pedalas-pa-40110-m2\/"]}]},{"@type":"ImageObject","inLanguage":"en-US","@id":"https:\/\/enviteka.lt\/produktas\/viengubas-pedalas-pa-40110-m2\/#primaryimage","url":"https:\/\/enviteka.lt\/wp-content\/uploads\/2025\/03\/pizzato-pedalas.jpg","contentUrl":"https:\/\/enviteka.lt\/wp-content\/uploads\/2025\/03\/pizzato-pedalas.jpg","width":261,"height":301},{"@type":"BreadcrumbList","@id":"https:\/\/enviteka.lt\/produktas\/viengubas-pedalas-pa-40110-m2\/#breadcrumb","itemListElement":[{"@type":"ListItem","position":1,"name":"Home","item":"https:\/\/enviteka.lt\/"},{"@type":"ListItem","position":2,"name":"Produktai","item":"https:\/\/enviteka.lt\/produktai\/"},{"@type":"ListItem","position":3,"name":"Viengubas pedalas PA 40110-M2"}]},{"@type":"WebSite","@id":"https:\/\/enviteka.lt\/#website","url":"https:\/\/enviteka.lt\/","name":"ENVITEKA","description":"pramonin\u0117s \u012frangos tiek\u0117jas","publisher":{"@id":"https:\/\/enviteka.lt\/#organization"},"potentialAction":[{"@type":"SearchAction","target":{"@type":"EntryPoint","urlTemplate":"https:\/\/enviteka.lt\/?s={search_term_string}"},"query-input":{"@type":"PropertyValueSpecification","valueRequired":true,"valueName":"search_term_string"}}],"inLanguage":"en-US"},{"@type":"Organization","@id":"https:\/\/enviteka.lt\/#organization","name":"ENVITEKA","url":"https:\/\/enviteka.lt\/","logo":{"@type":"ImageObject","inLanguage":"en-US","@id":"https:\/\/enviteka.lt\/#\/schema\/logo\/image\/","url":"https:\/\/enviteka.lt\/wp-content\/uploads\/2024\/10\/enviteka-high-resolution-logo-transparent-e1742852093377.png","contentUrl":"https:\/\/enviteka.lt\/wp-content\/uploads\/2024\/10\/enviteka-high-resolution-logo-transparent-e1742852093377.png","width":424,"height":150,"caption":"ENVITEKA"},"image":{"@id":"https:\/\/enviteka.lt\/#\/schema\/logo\/image\/"}}]}},"_links":{"self":[{"href":"https:\/\/enviteka.lt\/en\/wp-json\/wp\/v2\/product\/1158","targetHints":{"allow":["GET"]}}],"collection":[{"href":"https:\/\/enviteka.lt\/en\/wp-json\/wp\/v2\/product"}],"about":[{"href":"https:\/\/enviteka.lt\/en\/wp-json\/wp\/v2\/types\/product"}],"wp:featuredmedia":[{"embeddable":true,"href":"https:\/\/enviteka.lt\/en\/wp-json\/wp\/v2\/media\/1156"}],"wp:attachment":[{"href":"https:\/\/enviteka.lt\/en\/wp-json\/wp\/v2\/media?parent=1158"}],"wp:term":[{"taxonomy":"product_brand","embeddable":true,"href":"https:\/\/enviteka.lt\/en\/wp-json\/wp\/v2\/product_brand?post=1158"},{"taxonomy":"product_cat","embeddable":true,"href":"https:\/\/enviteka.lt\/en\/wp-json\/wp\/v2\/product_cat?post=1158"},{"taxonomy":"product_tag","embeddable":true,"href":"https:\/\/enviteka.lt\/en\/wp-json\/wp\/v2\/product_tag?post=1158"}],"curies":[{"name":"wp","href":"https:\/\/api.w.org\/{rel}","templated":true}]}}