{"id":1011,"date":"2025-03-01T12:08:42","date_gmt":"2025-03-01T12:08:42","guid":{"rendered":"https:\/\/enviteka.lt\/?post_type=product&#038;p=1011"},"modified":"2025-03-01T12:12:01","modified_gmt":"2025-03-01T12:12:01","slug":"cilindrai-advu-serijos","status":"publish","type":"product","link":"https:\/\/enviteka.lt\/en\/product\/cilindrai-advu-serijos\/","title":{"rendered":"Cilindrai ADVU serijos"},"content":{"rendered":"<p><strong>FESTO ADVU<\/strong> serijos cilindras \u2013 tai kompakti\u0161kas ir universalus cilindras, pasi\u017eymintis dvipusiu veikimu, kuris puikiai tinka tiek st\u016bmimo, tiek traukimo u\u017eduotims. Jis yra skirtas u\u017eduotims, kuriose reikalingas ma\u017eas montavimo auk\u0161tis ir efektyvus veikimas.<\/p>\n<p><strong>Pagrindin\u0117s savyb\u0117s:<\/strong><\/p>\n<p>Veikimo tipai: Dvipusio veikimo, Vienpusio veikimo (stumiamas\/traukiamas)<br \/>\nSkersmenys: 12, 16, 20, 25, 32, 40, 50, 63, 80, 100, 125 mm<br \/>\nEigos ilgis: 1 \u2013 400 mm \u2013 idealiai tinka trumpoms ir vidutin\u0117ms eigos reikm\u0117ms.<br \/>\nJ\u0117ga: 42 \u2013 7363 N, priklausomai nuo cilindro dyd\u017eio.<br \/>\nPad\u0117ties jutimas \u2013 u\u017etikrina tiksl\u0173 valdym\u0105 ir pozicionavim\u0105.<br \/>\nFiksuota amortizacija \u2013 suma\u017eina sm\u016bgius ir triuk\u0161m\u0105, u\u017etikrina skland\u0173 veikim\u0105.<br \/>\nVyrinis ir moteri\u0161kas srieginis tvirtinimas \u2013 suteikia lankstum\u0105 montuojant.<\/p>\n<p><strong>Susisiekite su mumis,<\/strong> jei norite su\u017einoti daugiau apie \u0161\u012f cilindr\u0105 ir kaip jis gali pad\u0117ti j\u016bs\u0173 pramon\u0117s proceso optimizavimui! \ud83d\ude0a<\/p>","protected":false},"excerpt":{"rendered":"<p>FESTO ADVU serijos cilindras \u2013 tai kompakti\u0161kas ir universalus cilindras, pasi\u017eymintis dvipusiu veikimu, kuris puikiai tinka tiek st\u016bmimo, tiek traukimo [&hellip;]<\/p>","protected":false},"featured_media":1012,"template":"","meta":{"site-sidebar-layout":"default","site-content-layout":"","ast-site-content-layout":"default","site-content-style":"default","site-sidebar-style":"default","ast-global-header-display":"","ast-banner-title-visibility":"","ast-main-header-display":"","ast-hfb-above-header-display":"","ast-hfb-below-header-display":"","ast-hfb-mobile-header-display":"","site-post-title":"","ast-breadcrumbs-content":"","ast-featured-img":"","footer-sml-layout":"","ast-disable-related-posts":"","theme-transparent-header-meta":"default","adv-header-id-meta":"","stick-header-meta":"","header-above-stick-meta":"","header-main-stick-meta":"","header-below-stick-meta":"","astra-migrate-meta-layouts":"set","ast-page-background-enabled":"default","ast-page-background-meta":{"desktop":{"background-color":"var(--ast-global-color-4)","background-image":"","background-repeat":"repeat","background-position":"center center","background-size":"auto","background-attachment":"scroll","background-type":"","background-media":"","overlay-type":"","overlay-color":"","overlay-opacity":"","overlay-gradient":""},"tablet":{"background-color":"","background-image":"","background-repeat":"repeat","background-position":"center center","background-size":"auto","background-attachment":"scroll","background-type":"","background-media":"","overlay-type":"","overlay-color":"","overlay-opacity":"","overlay-gradient":""},"mobile":{"background-color":"","background-image":"","background-repeat":"repeat","background-position":"center center","background-size":"auto","background-attachment":"scroll","background-type":"","background-media":"","overlay-type":"","overlay-color":"","overlay-opacity":"","overlay-gradient":""}},"ast-content-background-meta":{"desktop":{"background-color":"var(--ast-global-color-5)","background-image":"","background-repeat":"repeat","background-position":"center center","background-size":"auto","background-attachment":"scroll","background-type":"","background-media":"","overlay-type":"","overlay-color":"","overlay-opacity":"","overlay-gradient":""},"tablet":{"background-color":"var(--ast-global-color-5)","background-image":"","background-repeat":"repeat","background-position":"center center","background-size":"auto","background-attachment":"scroll","background-type":"","background-media":"","overlay-type":"","overlay-color":"","overlay-opacity":"","overlay-gradient":""},"mobile":{"background-color":"var(--ast-global-color-5)","background-image":"","background-repeat":"repeat","background-position":"center center","background-size":"auto","background-attachment":"scroll","background-type":"","background-media":"","overlay-type":"","overlay-color":"","overlay-opacity":"","overlay-gradient":""}}},"product_brand":[],"product_cat":[99],"product_tag":[],"class_list":{"0":"post-1011","1":"product","2":"type-product","3":"status-publish","4":"has-post-thumbnail","6":"product_cat-pneumatikos-cilindrai","7":"desktop-align-left","8":"tablet-align-left","9":"mobile-align-left","11":"first","12":"instock","13":"shipping-taxable","14":"purchasable","15":"product-type-simple"},"yoast_head":"<!-- This site is optimized with the Yoast SEO plugin v27.3 - https:\/\/yoast.com\/product\/yoast-seo-wordpress\/ -->\n<title>Cilindrai ADVU serijos - ENVITEKA<\/title>\n<meta name=\"description\" content=\"Skirtas u\u017eduotims, kuriose reikalingas ma\u017eas montavimo auk\u0161tis ir efektyvus veikimas.\" \/>\n<meta name=\"robots\" content=\"index, follow, max-snippet:-1, max-image-preview:large, max-video-preview:-1\" \/>\n<link rel=\"canonical\" href=\"https:\/\/enviteka.lt\/en\/product\/cilindrai-advu-serijos\/\" \/>\n<meta property=\"og:locale\" content=\"en_US\" \/>\n<meta property=\"og:type\" content=\"article\" \/>\n<meta property=\"og:title\" content=\"Cilindrai ADVU serijos - ENVITEKA\" \/>\n<meta property=\"og:description\" content=\"Skirtas u\u017eduotims, kuriose reikalingas ma\u017eas montavimo auk\u0161tis ir efektyvus veikimas.\" \/>\n<meta property=\"og:url\" content=\"https:\/\/enviteka.lt\/en\/product\/cilindrai-advu-serijos\/\" \/>\n<meta property=\"og:site_name\" content=\"ENVITEKA\" \/>\n<meta property=\"article:modified_time\" content=\"2025-03-01T12:12:01+00:00\" \/>\n<meta property=\"og:image\" content=\"https:\/\/enviteka.lt\/wp-content\/uploads\/2025\/03\/cilindras-ADVU.png\" \/>\n\t<meta property=\"og:image:width\" content=\"900\" \/>\n\t<meta property=\"og:image:height\" content=\"900\" \/>\n\t<meta property=\"og:image:type\" content=\"image\/png\" \/>\n<meta name=\"twitter:card\" content=\"summary_large_image\" \/>\n<meta name=\"twitter:label1\" content=\"Est. reading time\" \/>\n\t<meta name=\"twitter:data1\" content=\"1 minute\" \/>\n<script type=\"application\/ld+json\" class=\"yoast-schema-graph\">{\"@context\":\"https:\\\/\\\/schema.org\",\"@graph\":[{\"@type\":\"WebPage\",\"@id\":\"https:\\\/\\\/enviteka.lt\\\/produktas\\\/cilindrai-advu-serijos\\\/\",\"url\":\"https:\\\/\\\/enviteka.lt\\\/produktas\\\/cilindrai-advu-serijos\\\/\",\"name\":\"Cilindrai ADVU serijos - ENVITEKA\",\"isPartOf\":{\"@id\":\"https:\\\/\\\/enviteka.lt\\\/#website\"},\"primaryImageOfPage\":{\"@id\":\"https:\\\/\\\/enviteka.lt\\\/produktas\\\/cilindrai-advu-serijos\\\/#primaryimage\"},\"image\":{\"@id\":\"https:\\\/\\\/enviteka.lt\\\/produktas\\\/cilindrai-advu-serijos\\\/#primaryimage\"},\"thumbnailUrl\":\"https:\\\/\\\/enviteka.lt\\\/wp-content\\\/uploads\\\/2025\\\/03\\\/cilindras-ADVU.png\",\"datePublished\":\"2025-03-01T12:08:42+00:00\",\"dateModified\":\"2025-03-01T12:12:01+00:00\",\"description\":\"Skirtas u\u017eduotims, kuriose reikalingas ma\u017eas montavimo auk\u0161tis ir efektyvus veikimas.\",\"breadcrumb\":{\"@id\":\"https:\\\/\\\/enviteka.lt\\\/produktas\\\/cilindrai-advu-serijos\\\/#breadcrumb\"},\"inLanguage\":\"en-US\",\"potentialAction\":[{\"@type\":\"ReadAction\",\"target\":[\"https:\\\/\\\/enviteka.lt\\\/produktas\\\/cilindrai-advu-serijos\\\/\"]}]},{\"@type\":\"ImageObject\",\"inLanguage\":\"en-US\",\"@id\":\"https:\\\/\\\/enviteka.lt\\\/produktas\\\/cilindrai-advu-serijos\\\/#primaryimage\",\"url\":\"https:\\\/\\\/enviteka.lt\\\/wp-content\\\/uploads\\\/2025\\\/03\\\/cilindras-ADVU.png\",\"contentUrl\":\"https:\\\/\\\/enviteka.lt\\\/wp-content\\\/uploads\\\/2025\\\/03\\\/cilindras-ADVU.png\",\"width\":900,\"height\":900},{\"@type\":\"BreadcrumbList\",\"@id\":\"https:\\\/\\\/enviteka.lt\\\/produktas\\\/cilindrai-advu-serijos\\\/#breadcrumb\",\"itemListElement\":[{\"@type\":\"ListItem\",\"position\":1,\"name\":\"Home\",\"item\":\"https:\\\/\\\/enviteka.lt\\\/\"},{\"@type\":\"ListItem\",\"position\":2,\"name\":\"Produktai\",\"item\":\"https:\\\/\\\/enviteka.lt\\\/produktai\\\/\"},{\"@type\":\"ListItem\",\"position\":3,\"name\":\"Cilindrai ADVU serijos\"}]},{\"@type\":\"WebSite\",\"@id\":\"https:\\\/\\\/enviteka.lt\\\/#website\",\"url\":\"https:\\\/\\\/enviteka.lt\\\/\",\"name\":\"ENVITEKA\",\"description\":\"pramonin\u0117s \u012frangos tiek\u0117jas\",\"publisher\":{\"@id\":\"https:\\\/\\\/enviteka.lt\\\/#organization\"},\"potentialAction\":[{\"@type\":\"SearchAction\",\"target\":{\"@type\":\"EntryPoint\",\"urlTemplate\":\"https:\\\/\\\/enviteka.lt\\\/?s={search_term_string}\"},\"query-input\":{\"@type\":\"PropertyValueSpecification\",\"valueRequired\":true,\"valueName\":\"search_term_string\"}}],\"inLanguage\":\"en-US\"},{\"@type\":\"Organization\",\"@id\":\"https:\\\/\\\/enviteka.lt\\\/#organization\",\"name\":\"ENVITEKA\",\"url\":\"https:\\\/\\\/enviteka.lt\\\/\",\"logo\":{\"@type\":\"ImageObject\",\"inLanguage\":\"en-US\",\"@id\":\"https:\\\/\\\/enviteka.lt\\\/#\\\/schema\\\/logo\\\/image\\\/\",\"url\":\"https:\\\/\\\/enviteka.lt\\\/wp-content\\\/uploads\\\/2024\\\/10\\\/enviteka-high-resolution-logo-transparent-e1742852093377.png\",\"contentUrl\":\"https:\\\/\\\/enviteka.lt\\\/wp-content\\\/uploads\\\/2024\\\/10\\\/enviteka-high-resolution-logo-transparent-e1742852093377.png\",\"width\":424,\"height\":150,\"caption\":\"ENVITEKA\"},\"image\":{\"@id\":\"https:\\\/\\\/enviteka.lt\\\/#\\\/schema\\\/logo\\\/image\\\/\"}}]}<\/script>\n<!-- \/ Yoast SEO plugin. -->","yoast_head_json":{"title":"Cilindrai ADVU serijos - ENVITEKA","description":"Skirtas u\u017eduotims, kuriose reikalingas ma\u017eas montavimo auk\u0161tis ir efektyvus veikimas.","robots":{"index":"index","follow":"follow","max-snippet":"max-snippet:-1","max-image-preview":"max-image-preview:large","max-video-preview":"max-video-preview:-1"},"canonical":"https:\/\/enviteka.lt\/en\/product\/cilindrai-advu-serijos\/","og_locale":"en_US","og_type":"article","og_title":"Cilindrai ADVU serijos - ENVITEKA","og_description":"Skirtas u\u017eduotims, kuriose reikalingas ma\u017eas montavimo auk\u0161tis ir efektyvus veikimas.","og_url":"https:\/\/enviteka.lt\/en\/product\/cilindrai-advu-serijos\/","og_site_name":"ENVITEKA","article_modified_time":"2025-03-01T12:12:01+00:00","og_image":[{"width":900,"height":900,"url":"https:\/\/enviteka.lt\/wp-content\/uploads\/2025\/03\/cilindras-ADVU.png","type":"image\/png"}],"twitter_card":"summary_large_image","twitter_misc":{"Est. reading time":"1 minute"},"schema":{"@context":"https:\/\/schema.org","@graph":[{"@type":"WebPage","@id":"https:\/\/enviteka.lt\/produktas\/cilindrai-advu-serijos\/","url":"https:\/\/enviteka.lt\/produktas\/cilindrai-advu-serijos\/","name":"Cilindrai ADVU serijos - ENVITEKA","isPartOf":{"@id":"https:\/\/enviteka.lt\/#website"},"primaryImageOfPage":{"@id":"https:\/\/enviteka.lt\/produktas\/cilindrai-advu-serijos\/#primaryimage"},"image":{"@id":"https:\/\/enviteka.lt\/produktas\/cilindrai-advu-serijos\/#primaryimage"},"thumbnailUrl":"https:\/\/enviteka.lt\/wp-content\/uploads\/2025\/03\/cilindras-ADVU.png","datePublished":"2025-03-01T12:08:42+00:00","dateModified":"2025-03-01T12:12:01+00:00","description":"Skirtas u\u017eduotims, kuriose reikalingas ma\u017eas montavimo auk\u0161tis ir efektyvus veikimas.","breadcrumb":{"@id":"https:\/\/enviteka.lt\/produktas\/cilindrai-advu-serijos\/#breadcrumb"},"inLanguage":"en-US","potentialAction":[{"@type":"ReadAction","target":["https:\/\/enviteka.lt\/produktas\/cilindrai-advu-serijos\/"]}]},{"@type":"ImageObject","inLanguage":"en-US","@id":"https:\/\/enviteka.lt\/produktas\/cilindrai-advu-serijos\/#primaryimage","url":"https:\/\/enviteka.lt\/wp-content\/uploads\/2025\/03\/cilindras-ADVU.png","contentUrl":"https:\/\/enviteka.lt\/wp-content\/uploads\/2025\/03\/cilindras-ADVU.png","width":900,"height":900},{"@type":"BreadcrumbList","@id":"https:\/\/enviteka.lt\/produktas\/cilindrai-advu-serijos\/#breadcrumb","itemListElement":[{"@type":"ListItem","position":1,"name":"Home","item":"https:\/\/enviteka.lt\/"},{"@type":"ListItem","position":2,"name":"Produktai","item":"https:\/\/enviteka.lt\/produktai\/"},{"@type":"ListItem","position":3,"name":"Cilindrai ADVU serijos"}]},{"@type":"WebSite","@id":"https:\/\/enviteka.lt\/#website","url":"https:\/\/enviteka.lt\/","name":"ENVITEKA","description":"pramonin\u0117s \u012frangos tiek\u0117jas","publisher":{"@id":"https:\/\/enviteka.lt\/#organization"},"potentialAction":[{"@type":"SearchAction","target":{"@type":"EntryPoint","urlTemplate":"https:\/\/enviteka.lt\/?s={search_term_string}"},"query-input":{"@type":"PropertyValueSpecification","valueRequired":true,"valueName":"search_term_string"}}],"inLanguage":"en-US"},{"@type":"Organization","@id":"https:\/\/enviteka.lt\/#organization","name":"ENVITEKA","url":"https:\/\/enviteka.lt\/","logo":{"@type":"ImageObject","inLanguage":"en-US","@id":"https:\/\/enviteka.lt\/#\/schema\/logo\/image\/","url":"https:\/\/enviteka.lt\/wp-content\/uploads\/2024\/10\/enviteka-high-resolution-logo-transparent-e1742852093377.png","contentUrl":"https:\/\/enviteka.lt\/wp-content\/uploads\/2024\/10\/enviteka-high-resolution-logo-transparent-e1742852093377.png","width":424,"height":150,"caption":"ENVITEKA"},"image":{"@id":"https:\/\/enviteka.lt\/#\/schema\/logo\/image\/"}}]}},"_links":{"self":[{"href":"https:\/\/enviteka.lt\/en\/wp-json\/wp\/v2\/product\/1011","targetHints":{"allow":["GET"]}}],"collection":[{"href":"https:\/\/enviteka.lt\/en\/wp-json\/wp\/v2\/product"}],"about":[{"href":"https:\/\/enviteka.lt\/en\/wp-json\/wp\/v2\/types\/product"}],"wp:featuredmedia":[{"embeddable":true,"href":"https:\/\/enviteka.lt\/en\/wp-json\/wp\/v2\/media\/1012"}],"wp:attachment":[{"href":"https:\/\/enviteka.lt\/en\/wp-json\/wp\/v2\/media?parent=1011"}],"wp:term":[{"taxonomy":"product_brand","embeddable":true,"href":"https:\/\/enviteka.lt\/en\/wp-json\/wp\/v2\/product_brand?post=1011"},{"taxonomy":"product_cat","embeddable":true,"href":"https:\/\/enviteka.lt\/en\/wp-json\/wp\/v2\/product_cat?post=1011"},{"taxonomy":"product_tag","embeddable":true,"href":"https:\/\/enviteka.lt\/en\/wp-json\/wp\/v2\/product_tag?post=1011"}],"curies":[{"name":"wp","href":"https:\/\/api.w.org\/{rel}","templated":true}]}}