{"id":1008,"date":"2025-03-01T12:03:15","date_gmt":"2025-03-01T12:03:15","guid":{"rendered":"https:\/\/enviteka.lt\/?post_type=product&#038;p=1008"},"modified":"2025-03-01T12:06:39","modified_gmt":"2025-03-01T12:06:39","slug":"cilindrai-dpdm-ir-dmm-serijos","status":"publish","type":"product","link":"https:\/\/enviteka.lt\/en\/product\/cilindrai-dpdm-ir-dmm-serijos\/","title":{"rendered":"Cilindrai DPDM ir DMM serijos"},"content":{"rendered":"<p><strong>FESTO DPDM ir DMM<\/strong> serijos cilindrai \u2013 tai kompakti\u0161ki cilindrai, kuri\u0173 montavimas yra itin paprastas, nes jie turi \u012fvairias montavimo s\u0105sajas. Jie puikiai tinka u\u017eduotims, kur reikalingas efektyvus ir kompakti\u0161kas sprendimas.<\/p>\n<p><strong>Pagrindin\u0117s savyb\u0117s:<\/strong><\/p>\n<p>Veikimo tipai: dvipusio veikimo, vienpusio veikimo<br \/>\nSkersmenys: 6, 10, 16, 20, 25, 32 mm<br \/>\nEigos ilgis: 5 \u2013 50 mm \u2013 puikiai tinka trumpoms, tiksliai apibr\u0117\u017etoms eigos reikm\u0117ms.<br \/>\nJ\u0117ga: 9 \u2013 483 N, priklausomai nuo cilindro dyd\u017eio.<br \/>\nPad\u0117ties jutimas \u2013 lengva integruoti \u012f automatizuotas sistemas.<br \/>\nFiksuota amortizacija \u2013 u\u017etikrina skland\u0173 veikim\u0105 ir ma\u017eina nusid\u0117v\u0117jim\u0105.<\/p>\n<p>Norite su\u017einoti daugiau apie \u0161\u012f cilindr\u0105? <strong>Susisiekite su mumis,<\/strong> ir mes pad\u0117sime rasti geriausi\u0105 sprendim\u0105 u\u017e geriausi\u0105 kain\u0105!<\/p>","protected":false},"excerpt":{"rendered":"<p>FESTO DPDM ir DMM serijos cilindrai \u2013 tai kompakti\u0161ki cilindrai, kuri\u0173 montavimas yra itin paprastas, nes jie turi \u012fvairias montavimo [&hellip;]<\/p>","protected":false},"featured_media":1009,"template":"","meta":{"site-sidebar-layout":"default","site-content-layout":"","ast-site-content-layout":"default","site-content-style":"default","site-sidebar-style":"default","ast-global-header-display":"","ast-banner-title-visibility":"","ast-main-header-display":"","ast-hfb-above-header-display":"","ast-hfb-below-header-display":"","ast-hfb-mobile-header-display":"","site-post-title":"","ast-breadcrumbs-content":"","ast-featured-img":"","footer-sml-layout":"","ast-disable-related-posts":"","theme-transparent-header-meta":"default","adv-header-id-meta":"","stick-header-meta":"","header-above-stick-meta":"","header-main-stick-meta":"","header-below-stick-meta":"","astra-migrate-meta-layouts":"set","ast-page-background-enabled":"default","ast-page-background-meta":{"desktop":{"background-color":"var(--ast-global-color-4)","background-image":"","background-repeat":"repeat","background-position":"center center","background-size":"auto","background-attachment":"scroll","background-type":"","background-media":"","overlay-type":"","overlay-color":"","overlay-opacity":"","overlay-gradient":""},"tablet":{"background-color":"","background-image":"","background-repeat":"repeat","background-position":"center center","background-size":"auto","background-attachment":"scroll","background-type":"","background-media":"","overlay-type":"","overlay-color":"","overlay-opacity":"","overlay-gradient":""},"mobile":{"background-color":"","background-image":"","background-repeat":"repeat","background-position":"center center","background-size":"auto","background-attachment":"scroll","background-type":"","background-media":"","overlay-type":"","overlay-color":"","overlay-opacity":"","overlay-gradient":""}},"ast-content-background-meta":{"desktop":{"background-color":"var(--ast-global-color-5)","background-image":"","background-repeat":"repeat","background-position":"center center","background-size":"auto","background-attachment":"scroll","background-type":"","background-media":"","overlay-type":"","overlay-color":"","overlay-opacity":"","overlay-gradient":""},"tablet":{"background-color":"var(--ast-global-color-5)","background-image":"","background-repeat":"repeat","background-position":"center center","background-size":"auto","background-attachment":"scroll","background-type":"","background-media":"","overlay-type":"","overlay-color":"","overlay-opacity":"","overlay-gradient":""},"mobile":{"background-color":"var(--ast-global-color-5)","background-image":"","background-repeat":"repeat","background-position":"center center","background-size":"auto","background-attachment":"scroll","background-type":"","background-media":"","overlay-type":"","overlay-color":"","overlay-opacity":"","overlay-gradient":""}}},"product_brand":[],"product_cat":[99],"product_tag":[],"class_list":{"0":"post-1008","1":"product","2":"type-product","3":"status-publish","4":"has-post-thumbnail","6":"product_cat-pneumatikos-cilindrai","7":"desktop-align-left","8":"tablet-align-left","9":"mobile-align-left","11":"first","12":"instock","13":"shipping-taxable","14":"purchasable","15":"product-type-simple"},"yoast_head":"<!-- This site is optimized with the Yoast SEO plugin v27.3 - https:\/\/yoast.com\/product\/yoast-seo-wordpress\/ -->\n<title>Cilindrai DPDM ir DMM serijos - ENVITEKA<\/title>\n<meta name=\"description\" content=\"Montavimas yra itin paprastas, nes jie turi \u012fvairias montavimo s\u0105sajas. Jie puikiai tinka u\u017eduotims, kur reikalingas efektyvus ir kompakti\u0161kas sprendimas.\" \/>\n<meta name=\"robots\" content=\"index, follow, max-snippet:-1, max-image-preview:large, max-video-preview:-1\" \/>\n<link rel=\"canonical\" href=\"https:\/\/enviteka.lt\/en\/product\/cilindrai-dpdm-ir-dmm-serijos\/\" \/>\n<meta property=\"og:locale\" content=\"en_US\" \/>\n<meta property=\"og:type\" content=\"article\" \/>\n<meta property=\"og:title\" content=\"Cilindrai DPDM ir DMM serijos - ENVITEKA\" \/>\n<meta property=\"og:description\" content=\"Montavimas yra itin paprastas, nes jie turi \u012fvairias montavimo s\u0105sajas. Jie puikiai tinka u\u017eduotims, kur reikalingas efektyvus ir kompakti\u0161kas sprendimas.\" \/>\n<meta property=\"og:url\" content=\"https:\/\/enviteka.lt\/en\/product\/cilindrai-dpdm-ir-dmm-serijos\/\" \/>\n<meta property=\"og:site_name\" content=\"ENVITEKA\" \/>\n<meta property=\"article:modified_time\" content=\"2025-03-01T12:06:39+00:00\" \/>\n<meta property=\"og:image\" content=\"https:\/\/enviteka.lt\/wp-content\/uploads\/2025\/03\/cilindras_DPDM.png\" \/>\n\t<meta property=\"og:image:width\" content=\"900\" \/>\n\t<meta property=\"og:image:height\" content=\"900\" \/>\n\t<meta property=\"og:image:type\" content=\"image\/png\" \/>\n<meta name=\"twitter:card\" content=\"summary_large_image\" \/>\n<meta name=\"twitter:label1\" content=\"Est. reading time\" \/>\n\t<meta name=\"twitter:data1\" content=\"1 minute\" \/>\n<script type=\"application\/ld+json\" class=\"yoast-schema-graph\">{\"@context\":\"https:\\\/\\\/schema.org\",\"@graph\":[{\"@type\":\"WebPage\",\"@id\":\"https:\\\/\\\/enviteka.lt\\\/produktas\\\/cilindrai-dpdm-ir-dmm-serijos\\\/\",\"url\":\"https:\\\/\\\/enviteka.lt\\\/produktas\\\/cilindrai-dpdm-ir-dmm-serijos\\\/\",\"name\":\"Cilindrai DPDM ir DMM serijos - ENVITEKA\",\"isPartOf\":{\"@id\":\"https:\\\/\\\/enviteka.lt\\\/#website\"},\"primaryImageOfPage\":{\"@id\":\"https:\\\/\\\/enviteka.lt\\\/produktas\\\/cilindrai-dpdm-ir-dmm-serijos\\\/#primaryimage\"},\"image\":{\"@id\":\"https:\\\/\\\/enviteka.lt\\\/produktas\\\/cilindrai-dpdm-ir-dmm-serijos\\\/#primaryimage\"},\"thumbnailUrl\":\"https:\\\/\\\/enviteka.lt\\\/wp-content\\\/uploads\\\/2025\\\/03\\\/cilindras_DPDM.png\",\"datePublished\":\"2025-03-01T12:03:15+00:00\",\"dateModified\":\"2025-03-01T12:06:39+00:00\",\"description\":\"Montavimas yra itin paprastas, nes jie turi \u012fvairias montavimo s\u0105sajas. Jie puikiai tinka u\u017eduotims, kur reikalingas efektyvus ir kompakti\u0161kas sprendimas.\",\"breadcrumb\":{\"@id\":\"https:\\\/\\\/enviteka.lt\\\/produktas\\\/cilindrai-dpdm-ir-dmm-serijos\\\/#breadcrumb\"},\"inLanguage\":\"en-US\",\"potentialAction\":[{\"@type\":\"ReadAction\",\"target\":[\"https:\\\/\\\/enviteka.lt\\\/produktas\\\/cilindrai-dpdm-ir-dmm-serijos\\\/\"]}]},{\"@type\":\"ImageObject\",\"inLanguage\":\"en-US\",\"@id\":\"https:\\\/\\\/enviteka.lt\\\/produktas\\\/cilindrai-dpdm-ir-dmm-serijos\\\/#primaryimage\",\"url\":\"https:\\\/\\\/enviteka.lt\\\/wp-content\\\/uploads\\\/2025\\\/03\\\/cilindras_DPDM.png\",\"contentUrl\":\"https:\\\/\\\/enviteka.lt\\\/wp-content\\\/uploads\\\/2025\\\/03\\\/cilindras_DPDM.png\",\"width\":900,\"height\":900},{\"@type\":\"BreadcrumbList\",\"@id\":\"https:\\\/\\\/enviteka.lt\\\/produktas\\\/cilindrai-dpdm-ir-dmm-serijos\\\/#breadcrumb\",\"itemListElement\":[{\"@type\":\"ListItem\",\"position\":1,\"name\":\"Home\",\"item\":\"https:\\\/\\\/enviteka.lt\\\/\"},{\"@type\":\"ListItem\",\"position\":2,\"name\":\"Produktai\",\"item\":\"https:\\\/\\\/enviteka.lt\\\/produktai\\\/\"},{\"@type\":\"ListItem\",\"position\":3,\"name\":\"Cilindrai DPDM ir DMM serijos\"}]},{\"@type\":\"WebSite\",\"@id\":\"https:\\\/\\\/enviteka.lt\\\/#website\",\"url\":\"https:\\\/\\\/enviteka.lt\\\/\",\"name\":\"ENVITEKA\",\"description\":\"pramonin\u0117s \u012frangos tiek\u0117jas\",\"publisher\":{\"@id\":\"https:\\\/\\\/enviteka.lt\\\/#organization\"},\"potentialAction\":[{\"@type\":\"SearchAction\",\"target\":{\"@type\":\"EntryPoint\",\"urlTemplate\":\"https:\\\/\\\/enviteka.lt\\\/?s={search_term_string}\"},\"query-input\":{\"@type\":\"PropertyValueSpecification\",\"valueRequired\":true,\"valueName\":\"search_term_string\"}}],\"inLanguage\":\"en-US\"},{\"@type\":\"Organization\",\"@id\":\"https:\\\/\\\/enviteka.lt\\\/#organization\",\"name\":\"ENVITEKA\",\"url\":\"https:\\\/\\\/enviteka.lt\\\/\",\"logo\":{\"@type\":\"ImageObject\",\"inLanguage\":\"en-US\",\"@id\":\"https:\\\/\\\/enviteka.lt\\\/#\\\/schema\\\/logo\\\/image\\\/\",\"url\":\"https:\\\/\\\/enviteka.lt\\\/wp-content\\\/uploads\\\/2024\\\/10\\\/enviteka-high-resolution-logo-transparent-e1742852093377.png\",\"contentUrl\":\"https:\\\/\\\/enviteka.lt\\\/wp-content\\\/uploads\\\/2024\\\/10\\\/enviteka-high-resolution-logo-transparent-e1742852093377.png\",\"width\":424,\"height\":150,\"caption\":\"ENVITEKA\"},\"image\":{\"@id\":\"https:\\\/\\\/enviteka.lt\\\/#\\\/schema\\\/logo\\\/image\\\/\"}}]}<\/script>\n<!-- \/ Yoast SEO plugin. -->","yoast_head_json":{"title":"Cilindrai DPDM ir DMM serijos - ENVITEKA","description":"Montavimas yra itin paprastas, nes jie turi \u012fvairias montavimo s\u0105sajas. Jie puikiai tinka u\u017eduotims, kur reikalingas efektyvus ir kompakti\u0161kas sprendimas.","robots":{"index":"index","follow":"follow","max-snippet":"max-snippet:-1","max-image-preview":"max-image-preview:large","max-video-preview":"max-video-preview:-1"},"canonical":"https:\/\/enviteka.lt\/en\/product\/cilindrai-dpdm-ir-dmm-serijos\/","og_locale":"en_US","og_type":"article","og_title":"Cilindrai DPDM ir DMM serijos - ENVITEKA","og_description":"Montavimas yra itin paprastas, nes jie turi \u012fvairias montavimo s\u0105sajas. Jie puikiai tinka u\u017eduotims, kur reikalingas efektyvus ir kompakti\u0161kas sprendimas.","og_url":"https:\/\/enviteka.lt\/en\/product\/cilindrai-dpdm-ir-dmm-serijos\/","og_site_name":"ENVITEKA","article_modified_time":"2025-03-01T12:06:39+00:00","og_image":[{"width":900,"height":900,"url":"https:\/\/enviteka.lt\/wp-content\/uploads\/2025\/03\/cilindras_DPDM.png","type":"image\/png"}],"twitter_card":"summary_large_image","twitter_misc":{"Est. reading time":"1 minute"},"schema":{"@context":"https:\/\/schema.org","@graph":[{"@type":"WebPage","@id":"https:\/\/enviteka.lt\/produktas\/cilindrai-dpdm-ir-dmm-serijos\/","url":"https:\/\/enviteka.lt\/produktas\/cilindrai-dpdm-ir-dmm-serijos\/","name":"Cilindrai DPDM ir DMM serijos - ENVITEKA","isPartOf":{"@id":"https:\/\/enviteka.lt\/#website"},"primaryImageOfPage":{"@id":"https:\/\/enviteka.lt\/produktas\/cilindrai-dpdm-ir-dmm-serijos\/#primaryimage"},"image":{"@id":"https:\/\/enviteka.lt\/produktas\/cilindrai-dpdm-ir-dmm-serijos\/#primaryimage"},"thumbnailUrl":"https:\/\/enviteka.lt\/wp-content\/uploads\/2025\/03\/cilindras_DPDM.png","datePublished":"2025-03-01T12:03:15+00:00","dateModified":"2025-03-01T12:06:39+00:00","description":"Montavimas yra itin paprastas, nes jie turi \u012fvairias montavimo s\u0105sajas. Jie puikiai tinka u\u017eduotims, kur reikalingas efektyvus ir kompakti\u0161kas sprendimas.","breadcrumb":{"@id":"https:\/\/enviteka.lt\/produktas\/cilindrai-dpdm-ir-dmm-serijos\/#breadcrumb"},"inLanguage":"en-US","potentialAction":[{"@type":"ReadAction","target":["https:\/\/enviteka.lt\/produktas\/cilindrai-dpdm-ir-dmm-serijos\/"]}]},{"@type":"ImageObject","inLanguage":"en-US","@id":"https:\/\/enviteka.lt\/produktas\/cilindrai-dpdm-ir-dmm-serijos\/#primaryimage","url":"https:\/\/enviteka.lt\/wp-content\/uploads\/2025\/03\/cilindras_DPDM.png","contentUrl":"https:\/\/enviteka.lt\/wp-content\/uploads\/2025\/03\/cilindras_DPDM.png","width":900,"height":900},{"@type":"BreadcrumbList","@id":"https:\/\/enviteka.lt\/produktas\/cilindrai-dpdm-ir-dmm-serijos\/#breadcrumb","itemListElement":[{"@type":"ListItem","position":1,"name":"Home","item":"https:\/\/enviteka.lt\/"},{"@type":"ListItem","position":2,"name":"Produktai","item":"https:\/\/enviteka.lt\/produktai\/"},{"@type":"ListItem","position":3,"name":"Cilindrai DPDM ir DMM serijos"}]},{"@type":"WebSite","@id":"https:\/\/enviteka.lt\/#website","url":"https:\/\/enviteka.lt\/","name":"ENVITEKA","description":"pramonin\u0117s \u012frangos tiek\u0117jas","publisher":{"@id":"https:\/\/enviteka.lt\/#organization"},"potentialAction":[{"@type":"SearchAction","target":{"@type":"EntryPoint","urlTemplate":"https:\/\/enviteka.lt\/?s={search_term_string}"},"query-input":{"@type":"PropertyValueSpecification","valueRequired":true,"valueName":"search_term_string"}}],"inLanguage":"en-US"},{"@type":"Organization","@id":"https:\/\/enviteka.lt\/#organization","name":"ENVITEKA","url":"https:\/\/enviteka.lt\/","logo":{"@type":"ImageObject","inLanguage":"en-US","@id":"https:\/\/enviteka.lt\/#\/schema\/logo\/image\/","url":"https:\/\/enviteka.lt\/wp-content\/uploads\/2024\/10\/enviteka-high-resolution-logo-transparent-e1742852093377.png","contentUrl":"https:\/\/enviteka.lt\/wp-content\/uploads\/2024\/10\/enviteka-high-resolution-logo-transparent-e1742852093377.png","width":424,"height":150,"caption":"ENVITEKA"},"image":{"@id":"https:\/\/enviteka.lt\/#\/schema\/logo\/image\/"}}]}},"_links":{"self":[{"href":"https:\/\/enviteka.lt\/en\/wp-json\/wp\/v2\/product\/1008","targetHints":{"allow":["GET"]}}],"collection":[{"href":"https:\/\/enviteka.lt\/en\/wp-json\/wp\/v2\/product"}],"about":[{"href":"https:\/\/enviteka.lt\/en\/wp-json\/wp\/v2\/types\/product"}],"wp:featuredmedia":[{"embeddable":true,"href":"https:\/\/enviteka.lt\/en\/wp-json\/wp\/v2\/media\/1009"}],"wp:attachment":[{"href":"https:\/\/enviteka.lt\/en\/wp-json\/wp\/v2\/media?parent=1008"}],"wp:term":[{"taxonomy":"product_brand","embeddable":true,"href":"https:\/\/enviteka.lt\/en\/wp-json\/wp\/v2\/product_brand?post=1008"},{"taxonomy":"product_cat","embeddable":true,"href":"https:\/\/enviteka.lt\/en\/wp-json\/wp\/v2\/product_cat?post=1008"},{"taxonomy":"product_tag","embeddable":true,"href":"https:\/\/enviteka.lt\/en\/wp-json\/wp\/v2\/product_tag?post=1008"}],"curies":[{"name":"wp","href":"https:\/\/api.w.org\/{rel}","templated":true}]}}