{"id":1813,"date":"2025-04-17T10:46:49","date_gmt":"2025-04-17T10:46:49","guid":{"rendered":"https:\/\/enviteka.lt\/?page_id=1813"},"modified":"2025-04-17T10:47:07","modified_gmt":"2025-04-17T10:47:07","slug":"testuojam","status":"publish","type":"page","link":"https:\/\/enviteka.lt\/en\/testuojam\/","title":{"rendered":"testuojam"},"content":{"rendered":"<div data-elementor-type=\"wp-page\" data-elementor-id=\"1813\" class=\"elementor elementor-1813\" data-elementor-post-type=\"page\">\n\t\t\t\t<div class=\"elementor-element elementor-element-a33c5c5 e-flex e-con-boxed e-con e-parent\" data-id=\"a33c5c5\" data-element_type=\"container\" data-e-type=\"container\">\n\t\t\t\t\t<div class=\"e-con-inner\">\n\t\t\t\t<div class=\"elementor-element elementor-element-fd6bbcf elementor-widget elementor-widget-gallery\" data-id=\"fd6bbcf\" data-element_type=\"widget\" data-e-type=\"widget\" data-settings=\"{&quot;aspect_ratio&quot;:&quot;1:1&quot;,&quot;gallery_layout&quot;:&quot;grid&quot;,&quot;columns&quot;:4,&quot;columns_tablet&quot;:2,&quot;columns_mobile&quot;:1,&quot;gap&quot;:{&quot;unit&quot;:&quot;px&quot;,&quot;size&quot;:10,&quot;sizes&quot;:[]},&quot;gap_laptop&quot;:{&quot;unit&quot;:&quot;px&quot;,&quot;size&quot;:10,&quot;sizes&quot;:[]},&quot;gap_tablet&quot;:{&quot;unit&quot;:&quot;px&quot;,&quot;size&quot;:10,&quot;sizes&quot;:[]},&quot;gap_mobile&quot;:{&quot;unit&quot;:&quot;px&quot;,&quot;size&quot;:10,&quot;sizes&quot;:[]},&quot;link_to&quot;:&quot;file&quot;,&quot;content_hover_animation&quot;:&quot;fade-in&quot;}\" data-widget_type=\"gallery.default\">\n\t\t\t\t\t\t\t<div class=\"elementor-gallery__container\">\n\t\t\t\t\t\t\t<a class=\"e-gallery-item elementor-gallery-item elementor-animated-content\" href=\"https:\/\/enviteka.lt\/wp-content\/uploads\/2025\/04\/Vakuumines-sistemos.webp\" data-elementor-open-lightbox=\"yes\" data-elementor-lightbox-slideshow=\"fd6bbcf\" data-elementor-lightbox-title=\"Vakuumine\u0307s sistemos\" data-e-action-hash=\"#elementor-action%3Aaction%3Dlightbox%26settings%3DeyJpZCI6MTc5OSwidXJsIjoiaHR0cHM6XC9cL2Vudml0ZWthLmx0XC93cC1jb250ZW50XC91cGxvYWRzXC8yMDI1XC8wNFwvVmFrdXVtaW5lcy1zaXN0ZW1vcy53ZWJwIiwic2xpZGVzaG93IjoiZmQ2YmJjZiJ9\">\n\t\t\t\t\t<div class=\"e-gallery-image elementor-gallery-item__image\" data-thumbnail=\"https:\/\/enviteka.lt\/wp-content\/uploads\/2025\/04\/Vakuumines-sistemos.webp\" data-width=\"1080\" data-height=\"1080\" aria-label=\"Enviteka vakuumo sistemos\" role=\"img\" ><\/div>\n\t\t\t\t\t\t\t\t\t\t\t\t\t\t<\/a>\n\t\t\t\t\t\t\t<a class=\"e-gallery-item elementor-gallery-item elementor-animated-content\" href=\"https:\/\/enviteka.lt\/wp-content\/uploads\/2025\/04\/Saugos-elementai.webp\" data-elementor-open-lightbox=\"yes\" data-elementor-lightbox-slideshow=\"fd6bbcf\" data-elementor-lightbox-title=\"Saugos elementai\" data-e-action-hash=\"#elementor-action%3Aaction%3Dlightbox%26settings%3DeyJpZCI6MTgwMCwidXJsIjoiaHR0cHM6XC9cL2Vudml0ZWthLmx0XC93cC1jb250ZW50XC91cGxvYWRzXC8yMDI1XC8wNFwvU2F1Z29zLWVsZW1lbnRhaS53ZWJwIiwic2xpZGVzaG93IjoiZmQ2YmJjZiJ9\">\n\t\t\t\t\t<div class=\"e-gallery-image elementor-gallery-item__image\" data-thumbnail=\"https:\/\/enviteka.lt\/wp-content\/uploads\/2025\/04\/Saugos-elementai.webp\" data-width=\"1080\" data-height=\"1080\" aria-label=\"Industrial safety elements\" role=\"img\" ><\/div>\n\t\t\t\t\t\t\t\t\t\t\t\t\t\t<\/a>\n\t\t\t\t\t\t\t<a class=\"e-gallery-item elementor-gallery-item elementor-animated-content\" href=\"https:\/\/enviteka.lt\/wp-content\/uploads\/2025\/04\/Sandeliavimo-iranga.webp\" data-elementor-open-lightbox=\"yes\" data-elementor-lightbox-slideshow=\"fd6bbcf\" data-elementor-lightbox-title=\"Sande\u0307liavimo i\u0328ranga\" data-e-action-hash=\"#elementor-action%3Aaction%3Dlightbox%26settings%3DeyJpZCI6MTgwMSwidXJsIjoiaHR0cHM6XC9cL2Vudml0ZWthLmx0XC93cC1jb250ZW50XC91cGxvYWRzXC8yMDI1XC8wNFwvU2FuZGVsaWF2aW1vLWlyYW5nYS53ZWJwIiwic2xpZGVzaG93IjoiZmQ2YmJjZiJ9\">\n\t\t\t\t\t<div class=\"e-gallery-image elementor-gallery-item__image\" data-thumbnail=\"https:\/\/enviteka.lt\/wp-content\/uploads\/2025\/04\/Sandeliavimo-iranga.webp\" data-width=\"1080\" data-height=\"1080\" aria-label=\"enviteka Sande\u0307liavimo i\u0328ranga\" role=\"img\" ><\/div>\n\t\t\t\t\t\t\t\t\t\t\t\t\t\t<\/a>\n\t\t\t\t\t\t\t<a class=\"e-gallery-item elementor-gallery-item elementor-animated-content\" href=\"https:\/\/enviteka.lt\/wp-content\/uploads\/2025\/04\/Pramonine-guma.webp\" data-elementor-open-lightbox=\"yes\" data-elementor-lightbox-slideshow=\"fd6bbcf\" data-elementor-lightbox-title=\"Pramonine\u0307 guma\" data-e-action-hash=\"#elementor-action%3Aaction%3Dlightbox%26settings%3DeyJpZCI6MTgwMiwidXJsIjoiaHR0cHM6XC9cL2Vudml0ZWthLmx0XC93cC1jb250ZW50XC91cGxvYWRzXC8yMDI1XC8wNFwvUHJhbW9uaW5lLWd1bWEud2VicCIsInNsaWRlc2hvdyI6ImZkNmJiY2YifQ%3D%3D\">\n\t\t\t\t\t<div class=\"e-gallery-image elementor-gallery-item__image\" data-thumbnail=\"https:\/\/enviteka.lt\/wp-content\/uploads\/2025\/04\/Pramonine-guma.webp\" data-width=\"1080\" data-height=\"1080\" aria-label=\"Pramonine\u0307 guma\" role=\"img\" ><\/div>\n\t\t\t\t\t\t\t\t\t\t\t\t\t\t<\/a>\n\t\t\t\t\t\t\t<a class=\"e-gallery-item elementor-gallery-item elementor-animated-content\" href=\"https:\/\/enviteka.lt\/wp-content\/uploads\/2025\/04\/Pramoniniai-sepeciai.webp\" data-elementor-open-lightbox=\"yes\" data-elementor-lightbox-slideshow=\"fd6bbcf\" data-elementor-lightbox-title=\"Pramoniniai s\u030cepec\u030ciai\" data-e-action-hash=\"#elementor-action%3Aaction%3Dlightbox%26settings%3DeyJpZCI6MTgwMywidXJsIjoiaHR0cHM6XC9cL2Vudml0ZWthLmx0XC93cC1jb250ZW50XC91cGxvYWRzXC8yMDI1XC8wNFwvUHJhbW9uaW5pYWktc2VwZWNpYWkud2VicCIsInNsaWRlc2hvdyI6ImZkNmJiY2YifQ%3D%3D\">\n\t\t\t\t\t<div class=\"e-gallery-image elementor-gallery-item__image\" data-thumbnail=\"https:\/\/enviteka.lt\/wp-content\/uploads\/2025\/04\/Pramoniniai-sepeciai.webp\" data-width=\"1080\" data-height=\"1080\" aria-label=\"enviteka Pramoniniai s\u030cepec\u030ciai\" role=\"img\" ><\/div>\n\t\t\t\t\t\t\t\t\t\t\t\t\t\t<\/a>\n\t\t\t\t\t\t\t<a class=\"e-gallery-item elementor-gallery-item elementor-animated-content\" href=\"https:\/\/enviteka.lt\/wp-content\/uploads\/2025\/04\/Poliuretano-zarnos.webp\" data-elementor-open-lightbox=\"yes\" data-elementor-lightbox-slideshow=\"fd6bbcf\" data-elementor-lightbox-title=\"Poliuretano z\u030carnos\" data-e-action-hash=\"#elementor-action%3Aaction%3Dlightbox%26settings%3DeyJpZCI6MTgwNCwidXJsIjoiaHR0cHM6XC9cL2Vudml0ZWthLmx0XC93cC1jb250ZW50XC91cGxvYWRzXC8yMDI1XC8wNFwvUG9saXVyZXRhbm8temFybm9zLndlYnAiLCJzbGlkZXNob3ciOiJmZDZiYmNmIn0%3D\">\n\t\t\t\t\t<div class=\"e-gallery-image elementor-gallery-item__image\" data-thumbnail=\"https:\/\/enviteka.lt\/wp-content\/uploads\/2025\/04\/Poliuretano-zarnos.webp\" data-width=\"1080\" data-height=\"1080\" aria-label=\"Enviteka Poliuretano z\u030carnos\" role=\"img\" ><\/div>\n\t\t\t\t\t\t\t\t\t\t\t\t\t\t<\/a>\n\t\t\t\t\t\t\t<a class=\"e-gallery-item elementor-gallery-item elementor-animated-content\" href=\"https:\/\/enviteka.lt\/wp-content\/uploads\/2025\/04\/Pneumatika.webp\" data-elementor-open-lightbox=\"yes\" data-elementor-lightbox-slideshow=\"fd6bbcf\" data-elementor-lightbox-title=\"Pneumatika\" data-e-action-hash=\"#elementor-action%3Aaction%3Dlightbox%26settings%3DeyJpZCI6MTgwNSwidXJsIjoiaHR0cHM6XC9cL2Vudml0ZWthLmx0XC93cC1jb250ZW50XC91cGxvYWRzXC8yMDI1XC8wNFwvUG5ldW1hdGlrYS53ZWJwIiwic2xpZGVzaG93IjoiZmQ2YmJjZiJ9\">\n\t\t\t\t\t<div class=\"e-gallery-image elementor-gallery-item__image\" data-thumbnail=\"https:\/\/enviteka.lt\/wp-content\/uploads\/2025\/04\/Pneumatika.webp\" data-width=\"1080\" data-height=\"1080\" aria-label=\"Pneumatics\" role=\"img\" ><\/div>\n\t\t\t\t\t\t\t\t\t\t\t\t\t\t<\/a>\n\t\t\t\t\t\t\t<a class=\"e-gallery-item elementor-gallery-item elementor-animated-content\" href=\"https:\/\/enviteka.lt\/wp-content\/uploads\/2025\/04\/Konvejeriu-ritineliai.webp\" data-elementor-open-lightbox=\"yes\" data-elementor-lightbox-slideshow=\"fd6bbcf\" data-elementor-lightbox-title=\"Konvejeriu\u0328 ritine\u0307liai\" data-e-action-hash=\"#elementor-action%3Aaction%3Dlightbox%26settings%3DeyJpZCI6MTgwNiwidXJsIjoiaHR0cHM6XC9cL2Vudml0ZWthLmx0XC93cC1jb250ZW50XC91cGxvYWRzXC8yMDI1XC8wNFwvS29udmVqZXJpdS1yaXRpbmVsaWFpLndlYnAiLCJzbGlkZXNob3ciOiJmZDZiYmNmIn0%3D\">\n\t\t\t\t\t<div class=\"e-gallery-image elementor-gallery-item__image\" data-thumbnail=\"https:\/\/enviteka.lt\/wp-content\/uploads\/2025\/04\/Konvejeriu-ritineliai.webp\" data-width=\"1080\" data-height=\"1080\" aria-label=\"Conveyor rollers\" role=\"img\" ><\/div>\n\t\t\t\t\t\t\t\t\t\t\t\t\t\t<\/a>\n\t\t\t\t\t\t\t<a class=\"e-gallery-item elementor-gallery-item elementor-animated-content\" href=\"https:\/\/enviteka.lt\/wp-content\/uploads\/2025\/04\/Filtrai.webp\" data-elementor-open-lightbox=\"yes\" data-elementor-lightbox-slideshow=\"fd6bbcf\" data-elementor-lightbox-title=\"Filtrai\" data-e-action-hash=\"#elementor-action%3Aaction%3Dlightbox%26settings%3DeyJpZCI6MTgwNywidXJsIjoiaHR0cHM6XC9cL2Vudml0ZWthLmx0XC93cC1jb250ZW50XC91cGxvYWRzXC8yMDI1XC8wNFwvRmlsdHJhaS53ZWJwIiwic2xpZGVzaG93IjoiZmQ2YmJjZiJ9\">\n\t\t\t\t\t<div class=\"e-gallery-image elementor-gallery-item__image\" data-thumbnail=\"https:\/\/enviteka.lt\/wp-content\/uploads\/2025\/04\/Filtrai.webp\" data-width=\"1080\" data-height=\"1080\" aria-label=\"Enviteka Filtrai\" role=\"img\" ><\/div>\n\t\t\t\t\t\t\t\t\t\t\t\t\t\t<\/a>\n\t\t\t\t\t\t\t<a class=\"e-gallery-item elementor-gallery-item elementor-animated-content\" href=\"https:\/\/enviteka.lt\/wp-content\/uploads\/2025\/04\/Dirzai.webp\" data-elementor-open-lightbox=\"yes\" data-elementor-lightbox-slideshow=\"fd6bbcf\" data-elementor-lightbox-title=\"Dirz\u030cai\" data-e-action-hash=\"#elementor-action%3Aaction%3Dlightbox%26settings%3DeyJpZCI6MTgwOCwidXJsIjoiaHR0cHM6XC9cL2Vudml0ZWthLmx0XC93cC1jb250ZW50XC91cGxvYWRzXC8yMDI1XC8wNFwvRGlyemFpLndlYnAiLCJzbGlkZXNob3ciOiJmZDZiYmNmIn0%3D\">\n\t\t\t\t\t<div class=\"e-gallery-image elementor-gallery-item__image\" data-thumbnail=\"https:\/\/enviteka.lt\/wp-content\/uploads\/2025\/04\/Dirzai.webp\" data-width=\"1080\" data-height=\"1080\" aria-label=\"Belts\" role=\"img\" ><\/div>\n\t\t\t\t\t\t\t\t\t\t\t\t\t\t<\/a>\n\t\t\t\t\t\t\t<a class=\"e-gallery-item elementor-gallery-item elementor-animated-content\" href=\"https:\/\/enviteka.lt\/wp-content\/uploads\/2025\/04\/Daugiakrypciai-ratukai.webp\" data-elementor-open-lightbox=\"yes\" data-elementor-lightbox-slideshow=\"fd6bbcf\" data-elementor-lightbox-title=\"Daugiakrypc\u030ciai ratukai\" data-e-action-hash=\"#elementor-action%3Aaction%3Dlightbox%26settings%3DeyJpZCI6MTgwOSwidXJsIjoiaHR0cHM6XC9cL2Vudml0ZWthLmx0XC93cC1jb250ZW50XC91cGxvYWRzXC8yMDI1XC8wNFwvRGF1Z2lha3J5cGNpYWktcmF0dWthaS53ZWJwIiwic2xpZGVzaG93IjoiZmQ2YmJjZiJ9\">\n\t\t\t\t\t<div class=\"e-gallery-image elementor-gallery-item__image\" data-thumbnail=\"https:\/\/enviteka.lt\/wp-content\/uploads\/2025\/04\/Daugiakrypciai-ratukai.webp\" data-width=\"1080\" data-height=\"1080\" aria-label=\"Daugiakrypc\u030ciai ratukai\" role=\"img\" ><\/div>\n\t\t\t\t\t\t\t\t\t\t\t\t\t\t<\/a>\n\t\t\t\t\t<\/div>\n\t\t\t\t\t<\/div>\n\t\t\t\t\t<\/div>\n\t\t\t\t<\/div>\n\t\t\t\t<\/div>","protected":false},"excerpt":{"rendered":"","protected":false},"author":3,"featured_media":0,"parent":0,"menu_order":0,"comment_status":"closed","ping_status":"closed","template":"","meta":{"site-sidebar-layout":"no-sidebar","site-content-layout":"","ast-site-content-layout":"full-width-container","site-content-style":"default","site-sidebar-style":"default","ast-global-header-display":"","ast-banner-title-visibility":"","ast-main-header-display":"","ast-hfb-above-header-display":"","ast-hfb-below-header-display":"","ast-hfb-mobile-header-display":"","site-post-title":"disabled","ast-breadcrumbs-content":"","ast-featured-img":"disabled","footer-sml-layout":"","ast-disable-related-posts":"","theme-transparent-header-meta":"","adv-header-id-meta":"","stick-header-meta":"","header-above-stick-meta":"","header-main-stick-meta":"","header-below-stick-meta":"","astra-migrate-meta-layouts":"default","ast-page-background-enabled":"default","ast-page-background-meta":{"desktop":{"background-color":"var(--ast-global-color-4)","background-image":"","background-repeat":"repeat","background-position":"center center","background-size":"auto","background-attachment":"scroll","background-type":"","background-media":"","overlay-type":"","overlay-color":"","overlay-opacity":"","overlay-gradient":""},"tablet":{"background-color":"","background-image":"","background-repeat":"repeat","background-position":"center center","background-size":"auto","background-attachment":"scroll","background-type":"","background-media":"","overlay-type":"","overlay-color":"","overlay-opacity":"","overlay-gradient":""},"mobile":{"background-color":"","background-image":"","background-repeat":"repeat","background-position":"center center","background-size":"auto","background-attachment":"scroll","background-type":"","background-media":"","overlay-type":"","overlay-color":"","overlay-opacity":"","overlay-gradient":""}},"ast-content-background-meta":{"desktop":{"background-color":"var(--ast-global-color-5)","background-image":"","background-repeat":"repeat","background-position":"center center","background-size":"auto","background-attachment":"scroll","background-type":"","background-media":"","overlay-type":"","overlay-color":"","overlay-opacity":"","overlay-gradient":""},"tablet":{"background-color":"var(--ast-global-color-5)","background-image":"","background-repeat":"repeat","background-position":"center center","background-size":"auto","background-attachment":"scroll","background-type":"","background-media":"","overlay-type":"","overlay-color":"","overlay-opacity":"","overlay-gradient":""},"mobile":{"background-color":"var(--ast-global-color-5)","background-image":"","background-repeat":"repeat","background-position":"center center","background-size":"auto","background-attachment":"scroll","background-type":"","background-media":"","overlay-type":"","overlay-color":"","overlay-opacity":"","overlay-gradient":""}},"footnotes":""},"class_list":["post-1813","page","type-page","status-publish","hentry"],"yoast_head":"<!-- This site is optimized with the Yoast SEO plugin v27.5 - https:\/\/yoast.com\/product\/yoast-seo-wordpress\/ -->\n<title>testuojam - ENVITEKA<\/title>\n<meta name=\"robots\" content=\"index, follow, max-snippet:-1, max-image-preview:large, max-video-preview:-1\" \/>\n<link rel=\"canonical\" href=\"https:\/\/enviteka.lt\/en\/testuojam\/\" \/>\n<meta property=\"og:locale\" content=\"en_US\" \/>\n<meta property=\"og:type\" content=\"article\" \/>\n<meta property=\"og:title\" content=\"testuojam - ENVITEKA\" \/>\n<meta property=\"og:url\" content=\"https:\/\/enviteka.lt\/en\/testuojam\/\" \/>\n<meta property=\"og:site_name\" content=\"ENVITEKA\" \/>\n<meta property=\"article:modified_time\" content=\"2025-04-17T10:47:07+00:00\" \/>\n<meta name=\"twitter:card\" content=\"summary_large_image\" \/>\n<script type=\"application\/ld+json\" class=\"yoast-schema-graph\">{\"@context\":\"https:\\\/\\\/schema.org\",\"@graph\":[{\"@type\":\"WebPage\",\"@id\":\"https:\\\/\\\/enviteka.lt\\\/testuojam\\\/\",\"url\":\"https:\\\/\\\/enviteka.lt\\\/testuojam\\\/\",\"name\":\"testuojam - ENVITEKA\",\"isPartOf\":{\"@id\":\"https:\\\/\\\/enviteka.lt\\\/#website\"},\"datePublished\":\"2025-04-17T10:46:49+00:00\",\"dateModified\":\"2025-04-17T10:47:07+00:00\",\"breadcrumb\":{\"@id\":\"https:\\\/\\\/enviteka.lt\\\/testuojam\\\/#breadcrumb\"},\"inLanguage\":\"en-US\",\"potentialAction\":[{\"@type\":\"ReadAction\",\"target\":[\"https:\\\/\\\/enviteka.lt\\\/testuojam\\\/\"]}]},{\"@type\":\"BreadcrumbList\",\"@id\":\"https:\\\/\\\/enviteka.lt\\\/testuojam\\\/#breadcrumb\",\"itemListElement\":[{\"@type\":\"ListItem\",\"position\":1,\"name\":\"Home\",\"item\":\"https:\\\/\\\/enviteka.lt\\\/\"},{\"@type\":\"ListItem\",\"position\":2,\"name\":\"testuojam\"}]},{\"@type\":\"WebSite\",\"@id\":\"https:\\\/\\\/enviteka.lt\\\/#website\",\"url\":\"https:\\\/\\\/enviteka.lt\\\/\",\"name\":\"ENVITEKA\",\"description\":\"pramonin\u0117s \u012frangos tiek\u0117jas\",\"publisher\":{\"@id\":\"https:\\\/\\\/enviteka.lt\\\/#organization\"},\"potentialAction\":[{\"@type\":\"SearchAction\",\"target\":{\"@type\":\"EntryPoint\",\"urlTemplate\":\"https:\\\/\\\/enviteka.lt\\\/?s={search_term_string}\"},\"query-input\":{\"@type\":\"PropertyValueSpecification\",\"valueRequired\":true,\"valueName\":\"search_term_string\"}}],\"inLanguage\":\"en-US\"},{\"@type\":\"Organization\",\"@id\":\"https:\\\/\\\/enviteka.lt\\\/#organization\",\"name\":\"ENVITEKA\",\"url\":\"https:\\\/\\\/enviteka.lt\\\/\",\"logo\":{\"@type\":\"ImageObject\",\"inLanguage\":\"en-US\",\"@id\":\"https:\\\/\\\/enviteka.lt\\\/#\\\/schema\\\/logo\\\/image\\\/\",\"url\":\"https:\\\/\\\/enviteka.lt\\\/wp-content\\\/uploads\\\/2024\\\/10\\\/enviteka-high-resolution-logo-transparent-e1742852093377.png\",\"contentUrl\":\"https:\\\/\\\/enviteka.lt\\\/wp-content\\\/uploads\\\/2024\\\/10\\\/enviteka-high-resolution-logo-transparent-e1742852093377.png\",\"width\":424,\"height\":150,\"caption\":\"ENVITEKA\"},\"image\":{\"@id\":\"https:\\\/\\\/enviteka.lt\\\/#\\\/schema\\\/logo\\\/image\\\/\"}}]}<\/script>\n<!-- \/ Yoast SEO plugin. -->","yoast_head_json":{"title":"testuojam - ENVITEKA","robots":{"index":"index","follow":"follow","max-snippet":"max-snippet:-1","max-image-preview":"max-image-preview:large","max-video-preview":"max-video-preview:-1"},"canonical":"https:\/\/enviteka.lt\/en\/testuojam\/","og_locale":"en_US","og_type":"article","og_title":"testuojam - ENVITEKA","og_url":"https:\/\/enviteka.lt\/en\/testuojam\/","og_site_name":"ENVITEKA","article_modified_time":"2025-04-17T10:47:07+00:00","twitter_card":"summary_large_image","schema":{"@context":"https:\/\/schema.org","@graph":[{"@type":"WebPage","@id":"https:\/\/enviteka.lt\/testuojam\/","url":"https:\/\/enviteka.lt\/testuojam\/","name":"testuojam - ENVITEKA","isPartOf":{"@id":"https:\/\/enviteka.lt\/#website"},"datePublished":"2025-04-17T10:46:49+00:00","dateModified":"2025-04-17T10:47:07+00:00","breadcrumb":{"@id":"https:\/\/enviteka.lt\/testuojam\/#breadcrumb"},"inLanguage":"en-US","potentialAction":[{"@type":"ReadAction","target":["https:\/\/enviteka.lt\/testuojam\/"]}]},{"@type":"BreadcrumbList","@id":"https:\/\/enviteka.lt\/testuojam\/#breadcrumb","itemListElement":[{"@type":"ListItem","position":1,"name":"Home","item":"https:\/\/enviteka.lt\/"},{"@type":"ListItem","position":2,"name":"testuojam"}]},{"@type":"WebSite","@id":"https:\/\/enviteka.lt\/#website","url":"https:\/\/enviteka.lt\/","name":"ENVITEKA","description":"pramonin\u0117s \u012frangos tiek\u0117jas","publisher":{"@id":"https:\/\/enviteka.lt\/#organization"},"potentialAction":[{"@type":"SearchAction","target":{"@type":"EntryPoint","urlTemplate":"https:\/\/enviteka.lt\/?s={search_term_string}"},"query-input":{"@type":"PropertyValueSpecification","valueRequired":true,"valueName":"search_term_string"}}],"inLanguage":"en-US"},{"@type":"Organization","@id":"https:\/\/enviteka.lt\/#organization","name":"ENVITEKA","url":"https:\/\/enviteka.lt\/","logo":{"@type":"ImageObject","inLanguage":"en-US","@id":"https:\/\/enviteka.lt\/#\/schema\/logo\/image\/","url":"https:\/\/enviteka.lt\/wp-content\/uploads\/2024\/10\/enviteka-high-resolution-logo-transparent-e1742852093377.png","contentUrl":"https:\/\/enviteka.lt\/wp-content\/uploads\/2024\/10\/enviteka-high-resolution-logo-transparent-e1742852093377.png","width":424,"height":150,"caption":"ENVITEKA"},"image":{"@id":"https:\/\/enviteka.lt\/#\/schema\/logo\/image\/"}}]}},"_links":{"self":[{"href":"https:\/\/enviteka.lt\/en\/wp-json\/wp\/v2\/pages\/1813","targetHints":{"allow":["GET"]}}],"collection":[{"href":"https:\/\/enviteka.lt\/en\/wp-json\/wp\/v2\/pages"}],"about":[{"href":"https:\/\/enviteka.lt\/en\/wp-json\/wp\/v2\/types\/page"}],"author":[{"embeddable":true,"href":"https:\/\/enviteka.lt\/en\/wp-json\/wp\/v2\/users\/3"}],"replies":[{"embeddable":true,"href":"https:\/\/enviteka.lt\/en\/wp-json\/wp\/v2\/comments?post=1813"}],"version-history":[{"count":4,"href":"https:\/\/enviteka.lt\/en\/wp-json\/wp\/v2\/pages\/1813\/revisions"}],"predecessor-version":[{"id":1820,"href":"https:\/\/enviteka.lt\/en\/wp-json\/wp\/v2\/pages\/1813\/revisions\/1820"}],"wp:attachment":[{"href":"https:\/\/enviteka.lt\/en\/wp-json\/wp\/v2\/media?parent=1813"}],"curies":[{"name":"wp","href":"https:\/\/api.w.org\/{rel}","templated":true}]}}