{"id":118,"date":"2024-10-09T16:01:54","date_gmt":"2024-10-09T16:01:54","guid":{"rendered":"https:\/\/enviteka.lt\/?page_id=118"},"modified":"2025-04-16T16:48:48","modified_gmt":"2025-04-16T16:48:48","slug":"produkcija","status":"publish","type":"page","link":"https:\/\/enviteka.lt\/en\/produkcija\/","title":{"rendered":"Our products"},"content":{"rendered":"<div data-elementor-type=\"wp-page\" data-elementor-id=\"118\" class=\"elementor elementor-118\" data-elementor-post-type=\"page\">\n\t\t\t\t<div class=\"elementor-element elementor-element-8b0a727 e-flex e-con-boxed e-con e-parent\" data-id=\"8b0a727\" data-element_type=\"container\" data-e-type=\"container\">\n\t\t\t\t\t<div class=\"e-con-inner\">\n\t\t\t\t<div class=\"elementor-element elementor-element-1c31b9b elementor-widget elementor-widget-woocommerce-breadcrumb\" data-id=\"1c31b9b\" data-element_type=\"widget\" data-e-type=\"widget\" data-widget_type=\"woocommerce-breadcrumb.default\">\n\t\t\t\t\t<nav class=\"woocommerce-breadcrumb\" aria-label=\"Breadcrumb\" data-no-translation=\"\" data-trp-gettext=\"\">Home<\/nav>\t\t\t\t<\/div>\n\t\t\t\t<div class=\"elementor-element elementor-element-54aa387 elementor-widget elementor-widget-heading\" data-id=\"54aa387\" data-element_type=\"widget\" data-e-type=\"widget\" data-widget_type=\"heading.default\">\n\t\t\t\t\t<h2 class=\"elementor-heading-title elementor-size-default\">Kategorijos<\/h2>\t\t\t\t<\/div>\n\t\t\t\t<div class=\"woocommerce elementor-element elementor-element-99e0095 elementor-grid-3 elementor-grid-tablet-2 elementor-grid-mobile-1 elementor-widget elementor-widget-loop-grid\" data-id=\"99e0095\" data-element_type=\"widget\" data-e-type=\"widget\" data-settings=\"{&quot;_skin&quot;:&quot;product_taxonomy&quot;,&quot;template_id&quot;:&quot;1574&quot;,&quot;columns&quot;:&quot;3&quot;,&quot;columns_tablet&quot;:&quot;2&quot;,&quot;columns_mobile&quot;:&quot;1&quot;,&quot;edit_handle_selector&quot;:&quot;[data-elementor-type=\\&quot;loop-item\\&quot;]&quot;,&quot;row_gap&quot;:{&quot;unit&quot;:&quot;px&quot;,&quot;size&quot;:&quot;&quot;,&quot;sizes&quot;:[]},&quot;row_gap_laptop&quot;:{&quot;unit&quot;:&quot;px&quot;,&quot;size&quot;:&quot;&quot;,&quot;sizes&quot;:[]},&quot;row_gap_tablet&quot;:{&quot;unit&quot;:&quot;px&quot;,&quot;size&quot;:&quot;&quot;,&quot;sizes&quot;:[]},&quot;row_gap_mobile&quot;:{&quot;unit&quot;:&quot;px&quot;,&quot;size&quot;:&quot;&quot;,&quot;sizes&quot;:[]}}\" data-widget_type=\"loop-grid.product_taxonomy\">\n\t\t\t\t<div class=\"elementor-widget-container\">\n\t\t\t\t\t\t\t<div class=\"elementor-loop-container elementor-grid\" role=\"list\">\n\t\t<style id=\"loop-1574\">.elementor-1574 .elementor-element.elementor-element-a5694d5{--display:flex;--gap:0px 0px;--row-gap:0px;--column-gap:0px;border-style:none;--border-style:none;--border-radius:8px 8px 8px 8px;box-shadow:0px 4px 16px 0px rgba(0, 0, 0, 0.1);--padding-top:0px;--padding-bottom:0px;--padding-left:0px;--padding-right:0px;}.elementor-widget-theme-archive-title .elementor-heading-title{font-family:var( --e-global-typography-primary-font-family ), Sans-serif;font-weight:var( --e-global-typography-primary-font-weight );color:var( --e-global-color-primary );}.elementor-1574 .elementor-element.elementor-element-0243d7e .elementor-heading-title{font-family:\"Montserrat\", Sans-serif;font-size:16px;font-weight:600;line-height:24px;letter-spacing:0px;color:var( --e-global-color-astglobalcolor7 );}.elementor-1574 .elementor-element.elementor-element-0243d7e{margin:0px 0px calc(var(--kit-widget-spacing, 0px) + 0px) 0px;padding:16px 16px 16px 24px;background-color:var( --e-global-color-a9a0dd7 );border-style:none;border-radius:8px 8px 8px 8px;}@media(max-width:767px){.elementor-1574 .elementor-element.elementor-element-a5694d5{--min-height:300px;}}<\/style>\t\t<div data-elementor-type=\"loop-item\" data-elementor-id=\"1574\" class=\"elementor elementor-1574 e-loop-item e-loop-item-22 post-22 revision type-revision status-inherit hentry\" data-elementor-post-type=\"elementor_library\" data-custom-edit-handle=\"1\">\n\t\t\t<a class=\"elementor-element elementor-element-a5694d5 e-flex e-con-boxed e-con e-parent\" data-id=\"a5694d5\" data-element_type=\"container\" data-e-type=\"container\" href=\"https:\/\/enviteka.lt\/en\/kategorija\/zarnos\/\">\n\t\t\t\t\t<div class=\"e-con-inner\">\n\t\t\t\t<div class=\"elementor-element elementor-element-0243d7e elementor-widget elementor-widget-theme-archive-title elementor-page-title elementor-widget-heading\" data-id=\"0243d7e\" data-element_type=\"widget\" data-e-type=\"widget\" data-widget_type=\"theme-archive-title.default\">\n\t\t\t\t\t<div class=\"elementor-heading-title elementor-size-default\">Hose<\/div>\t\t\t\t<\/div>\n\t\t\t\t\t<\/div>\n\t\t\t\t<\/a>\n\t\t\t\t<\/div>\n\t\t\t\t<div data-elementor-type=\"loop-item\" data-elementor-id=\"1574\" class=\"elementor elementor-1574 e-loop-item e-loop-item-29 post-29 revision type-revision status-inherit hentry\" data-elementor-post-type=\"elementor_library\" data-custom-edit-handle=\"1\">\n\t\t\t<a class=\"elementor-element elementor-element-a5694d5 e-flex e-con-boxed e-con e-parent\" data-id=\"a5694d5\" data-element_type=\"container\" data-e-type=\"container\" href=\"https:\/\/enviteka.lt\/en\/kategorija\/vakuumo-sistemos\/\">\n\t\t\t\t\t<div class=\"e-con-inner\">\n\t\t\t\t<div class=\"elementor-element elementor-element-0243d7e elementor-widget elementor-widget-theme-archive-title elementor-page-title elementor-widget-heading\" data-id=\"0243d7e\" data-element_type=\"widget\" data-e-type=\"widget\" data-widget_type=\"theme-archive-title.default\">\n\t\t\t\t\t<div class=\"elementor-heading-title elementor-size-default\">Vacuum system<\/div>\t\t\t\t<\/div>\n\t\t\t\t\t<\/div>\n\t\t\t\t<\/a>\n\t\t\t\t<\/div>\n\t\t\t\t<div data-elementor-type=\"loop-item\" data-elementor-id=\"1574\" class=\"elementor elementor-1574 e-loop-item e-loop-item-15 post-15 elementor_library type-elementor_library status-publish hentry\" data-elementor-post-type=\"elementor_library\" data-custom-edit-handle=\"1\">\n\t\t\t<a class=\"elementor-element elementor-element-a5694d5 e-flex e-con-boxed e-con e-parent\" data-id=\"a5694d5\" data-element_type=\"container\" data-e-type=\"container\" href=\"https:\/\/enviteka.lt\/en\/kategorija\/pramoniniai-saugos-elementai\/\">\n\t\t\t\t\t<div class=\"e-con-inner\">\n\t\t\t\t<div class=\"elementor-element elementor-element-0243d7e elementor-widget elementor-widget-theme-archive-title elementor-page-title elementor-widget-heading\" data-id=\"0243d7e\" data-element_type=\"widget\" data-e-type=\"widget\" data-widget_type=\"theme-archive-title.default\">\n\t\t\t\t\t<div class=\"elementor-heading-title elementor-size-default\">Safety features<\/div>\t\t\t\t<\/div>\n\t\t\t\t\t<\/div>\n\t\t\t\t<\/a>\n\t\t\t\t<\/div>\n\t\t\t\t<div data-elementor-type=\"loop-item\" data-elementor-id=\"1574\" class=\"elementor elementor-1574 e-loop-item e-loop-item-128 post-128 revision type-revision status-inherit hentry\" data-elementor-post-type=\"elementor_library\" data-custom-edit-handle=\"1\">\n\t\t\t<a class=\"elementor-element elementor-element-a5694d5 e-flex e-con-boxed e-con e-parent\" data-id=\"a5694d5\" data-element_type=\"container\" data-e-type=\"container\" href=\"https:\/\/enviteka.lt\/en\/kategorija\/sandeliavimo-iranga\/\">\n\t\t\t\t\t<div class=\"e-con-inner\">\n\t\t\t\t<div class=\"elementor-element elementor-element-0243d7e elementor-widget elementor-widget-theme-archive-title elementor-page-title elementor-widget-heading\" data-id=\"0243d7e\" data-element_type=\"widget\" data-e-type=\"widget\" data-widget_type=\"theme-archive-title.default\">\n\t\t\t\t\t<div class=\"elementor-heading-title elementor-size-default\">Storage equipment<\/div>\t\t\t\t<\/div>\n\t\t\t\t\t<\/div>\n\t\t\t\t<\/a>\n\t\t\t\t<\/div>\n\t\t\t\t<div data-elementor-type=\"loop-item\" data-elementor-id=\"1574\" class=\"elementor elementor-1574 e-loop-item e-loop-item-85 post-85 revision type-revision status-inherit hentry\" data-elementor-post-type=\"elementor_library\" data-custom-edit-handle=\"1\">\n\t\t\t<a class=\"elementor-element elementor-element-a5694d5 e-flex e-con-boxed e-con e-parent\" data-id=\"a5694d5\" data-element_type=\"container\" data-e-type=\"container\" href=\"https:\/\/enviteka.lt\/en\/kategorija\/ratukai\/\">\n\t\t\t\t\t<div class=\"e-con-inner\">\n\t\t\t\t<div class=\"elementor-element elementor-element-0243d7e elementor-widget elementor-widget-theme-archive-title elementor-page-title elementor-widget-heading\" data-id=\"0243d7e\" data-element_type=\"widget\" data-e-type=\"widget\" data-widget_type=\"theme-archive-title.default\">\n\t\t\t\t\t<div class=\"elementor-heading-title elementor-size-default\">Wheels<\/div>\t\t\t\t<\/div>\n\t\t\t\t\t<\/div>\n\t\t\t\t<\/a>\n\t\t\t\t<\/div>\n\t\t\t\t<div data-elementor-type=\"loop-item\" data-elementor-id=\"1574\" class=\"elementor elementor-1574 e-loop-item e-loop-item-31 post-31 revision type-revision status-inherit hentry\" data-elementor-post-type=\"elementor_library\" data-custom-edit-handle=\"1\">\n\t\t\t<a class=\"elementor-element elementor-element-a5694d5 e-flex e-con-boxed e-con e-parent\" data-id=\"a5694d5\" data-element_type=\"container\" data-e-type=\"container\" href=\"https:\/\/enviteka.lt\/en\/kategorija\/pramoniniai-sepeciai\/\">\n\t\t\t\t\t<div class=\"e-con-inner\">\n\t\t\t\t<div class=\"elementor-element elementor-element-0243d7e elementor-widget elementor-widget-theme-archive-title elementor-page-title elementor-widget-heading\" data-id=\"0243d7e\" data-element_type=\"widget\" data-e-type=\"widget\" data-widget_type=\"theme-archive-title.default\">\n\t\t\t\t\t<div class=\"elementor-heading-title elementor-size-default\">Industrial brushes<\/div>\t\t\t\t<\/div>\n\t\t\t\t\t<\/div>\n\t\t\t\t<\/a>\n\t\t\t\t<\/div>\n\t\t\t\t<div data-elementor-type=\"loop-item\" data-elementor-id=\"1574\" class=\"elementor elementor-1574 e-loop-item e-loop-item-32 post-32 attachment type-attachment status-inherit hentry\" data-elementor-post-type=\"elementor_library\" data-custom-edit-handle=\"1\">\n\t\t\t<a class=\"elementor-element elementor-element-a5694d5 e-flex e-con-boxed e-con e-parent\" data-id=\"a5694d5\" data-element_type=\"container\" data-e-type=\"container\" href=\"https:\/\/enviteka.lt\/en\/kategorija\/pramonine-guma\/\">\n\t\t\t\t\t<div class=\"e-con-inner\">\n\t\t\t\t<div class=\"elementor-element elementor-element-0243d7e elementor-widget elementor-widget-theme-archive-title elementor-page-title elementor-widget-heading\" data-id=\"0243d7e\" data-element_type=\"widget\" data-e-type=\"widget\" data-widget_type=\"theme-archive-title.default\">\n\t\t\t\t\t<div class=\"elementor-heading-title elementor-size-default\">Industrial rubber<\/div>\t\t\t\t<\/div>\n\t\t\t\t\t<\/div>\n\t\t\t\t<\/a>\n\t\t\t\t<\/div>\n\t\t\t\t<div data-elementor-type=\"loop-item\" data-elementor-id=\"1574\" class=\"elementor elementor-1574 e-loop-item e-loop-item-97 post-97 revision type-revision status-inherit hentry\" data-elementor-post-type=\"elementor_library\" data-custom-edit-handle=\"1\">\n\t\t\t<a class=\"elementor-element elementor-element-a5694d5 e-flex e-con-boxed e-con e-parent\" data-id=\"a5694d5\" data-element_type=\"container\" data-e-type=\"container\" href=\"https:\/\/enviteka.lt\/en\/kategorija\/pneumatika\/\">\n\t\t\t\t\t<div class=\"e-con-inner\">\n\t\t\t\t<div class=\"elementor-element elementor-element-0243d7e elementor-widget elementor-widget-theme-archive-title elementor-page-title elementor-widget-heading\" data-id=\"0243d7e\" data-element_type=\"widget\" data-e-type=\"widget\" data-widget_type=\"theme-archive-title.default\">\n\t\t\t\t\t<div class=\"elementor-heading-title elementor-size-default\">Pneumatics<\/div>\t\t\t\t<\/div>\n\t\t\t\t\t<\/div>\n\t\t\t\t<\/a>\n\t\t\t\t<\/div>\n\t\t\t\t<div data-elementor-type=\"loop-item\" data-elementor-id=\"1574\" class=\"elementor elementor-1574 e-loop-item e-loop-item-84 post-84 revision type-revision status-inherit hentry\" data-elementor-post-type=\"elementor_library\" data-custom-edit-handle=\"1\">\n\t\t\t<a class=\"elementor-element elementor-element-a5694d5 e-flex e-con-boxed e-con e-parent\" data-id=\"a5694d5\" data-element_type=\"container\" data-e-type=\"container\" href=\"https:\/\/enviteka.lt\/en\/kategorija\/konvejeriu-ritineliai\/\">\n\t\t\t\t\t<div class=\"e-con-inner\">\n\t\t\t\t<div class=\"elementor-element elementor-element-0243d7e elementor-widget elementor-widget-theme-archive-title elementor-page-title elementor-widget-heading\" data-id=\"0243d7e\" data-element_type=\"widget\" data-e-type=\"widget\" data-widget_type=\"theme-archive-title.default\">\n\t\t\t\t\t<div class=\"elementor-heading-title elementor-size-default\">Conveyor rollers<\/div>\t\t\t\t<\/div>\n\t\t\t\t\t<\/div>\n\t\t\t\t<\/a>\n\t\t\t\t<\/div>\n\t\t\t\t<div data-elementor-type=\"loop-item\" data-elementor-id=\"1574\" class=\"elementor elementor-1574 e-loop-item e-loop-item-33 post-33 attachment type-attachment status-inherit hentry\" data-elementor-post-type=\"elementor_library\" data-custom-edit-handle=\"1\">\n\t\t\t<a class=\"elementor-element elementor-element-a5694d5 e-flex e-con-boxed e-con e-parent\" data-id=\"a5694d5\" data-element_type=\"container\" data-e-type=\"container\" href=\"https:\/\/enviteka.lt\/en\/kategorija\/filtrai\/\">\n\t\t\t\t\t<div class=\"e-con-inner\">\n\t\t\t\t<div class=\"elementor-element elementor-element-0243d7e elementor-widget elementor-widget-theme-archive-title elementor-page-title elementor-widget-heading\" data-id=\"0243d7e\" data-element_type=\"widget\" data-e-type=\"widget\" data-widget_type=\"theme-archive-title.default\">\n\t\t\t\t\t<div class=\"elementor-heading-title elementor-size-default\">Filters<\/div>\t\t\t\t<\/div>\n\t\t\t\t\t<\/div>\n\t\t\t\t<\/a>\n\t\t\t\t<\/div>\n\t\t\t\t<div data-elementor-type=\"loop-item\" data-elementor-id=\"1574\" class=\"elementor elementor-1574 e-loop-item e-loop-item-34 post-34 attachment type-attachment status-inherit hentry\" data-elementor-post-type=\"elementor_library\" data-custom-edit-handle=\"1\">\n\t\t\t<a class=\"elementor-element elementor-element-a5694d5 e-flex e-con-boxed e-con e-parent\" data-id=\"a5694d5\" data-element_type=\"container\" data-e-type=\"container\" href=\"https:\/\/enviteka.lt\/en\/kategorija\/dirzai\/\">\n\t\t\t\t\t<div class=\"e-con-inner\">\n\t\t\t\t<div class=\"elementor-element elementor-element-0243d7e elementor-widget elementor-widget-theme-archive-title elementor-page-title elementor-widget-heading\" data-id=\"0243d7e\" data-element_type=\"widget\" data-e-type=\"widget\" data-widget_type=\"theme-archive-title.default\">\n\t\t\t\t\t<div class=\"elementor-heading-title elementor-size-default\">Belts<\/div>\t\t\t\t<\/div>\n\t\t\t\t\t<\/div>\n\t\t\t\t<\/a>\n\t\t\t\t<\/div>\n\t\t\t\t<\/div>\n\t\t\t\t\t\t<\/div>\n\t\t\t\t<\/div>\n\t\t\t\t\t<\/div>\n\t\t\t\t<\/div>\n\t\t\t\t<\/div>","protected":false},"excerpt":{"rendered":"<p>Kategorijos<\/p>","protected":false},"author":1,"featured_media":0,"parent":0,"menu_order":0,"comment_status":"closed","ping_status":"closed","template":"elementor_header_footer","meta":{"site-sidebar-layout":"no-sidebar","site-content-layout":"","ast-site-content-layout":"full-width-container","site-content-style":"default","site-sidebar-style":"default","ast-global-header-display":"","ast-banner-title-visibility":"","ast-main-header-display":"","ast-hfb-above-header-display":"","ast-hfb-below-header-display":"","ast-hfb-mobile-header-display":"","site-post-title":"disabled","ast-breadcrumbs-content":"","ast-featured-img":"disabled","footer-sml-layout":"","ast-disable-related-posts":"","theme-transparent-header-meta":"","adv-header-id-meta":"","stick-header-meta":"","header-above-stick-meta":"","header-main-stick-meta":"","header-below-stick-meta":"","astra-migrate-meta-layouts":"default","ast-page-background-enabled":"default","ast-page-background-meta":{"desktop":{"background-color":"var(--ast-global-color-4)","background-image":"","background-repeat":"repeat","background-position":"center center","background-size":"auto","background-attachment":"scroll","background-type":"","background-media":"","overlay-type":"","overlay-color":"","overlay-opacity":"","overlay-gradient":""},"tablet":{"background-color":"","background-image":"","background-repeat":"repeat","background-position":"center center","background-size":"auto","background-attachment":"scroll","background-type":"","background-media":"","overlay-type":"","overlay-color":"","overlay-opacity":"","overlay-gradient":""},"mobile":{"background-color":"","background-image":"","background-repeat":"repeat","background-position":"center center","background-size":"auto","background-attachment":"scroll","background-type":"","background-media":"","overlay-type":"","overlay-color":"","overlay-opacity":"","overlay-gradient":""}},"ast-content-background-meta":{"desktop":{"background-color":"var(--ast-global-color-5)","background-image":"","background-repeat":"repeat","background-position":"center center","background-size":"auto","background-attachment":"scroll","background-type":"","background-media":"","overlay-type":"","overlay-color":"","overlay-opacity":"","overlay-gradient":""},"tablet":{"background-color":"var(--ast-global-color-5)","background-image":"","background-repeat":"repeat","background-position":"center center","background-size":"auto","background-attachment":"scroll","background-type":"","background-media":"","overlay-type":"","overlay-color":"","overlay-opacity":"","overlay-gradient":""},"mobile":{"background-color":"var(--ast-global-color-5)","background-image":"","background-repeat":"repeat","background-position":"center center","background-size":"auto","background-attachment":"scroll","background-type":"","background-media":"","overlay-type":"","overlay-color":"","overlay-opacity":"","overlay-gradient":""}},"footnotes":""},"class_list":["post-118","page","type-page","status-publish","hentry"],"yoast_head":"<!-- This site is optimized with the Yoast SEO plugin v27.5 - https:\/\/yoast.com\/product\/yoast-seo-wordpress\/ -->\n<title>Pramonini\u0173 \u012frengini\u0173 atsargin\u0117s dalys<\/title>\n<meta name=\"description\" content=\"Klientams si\u016blo modernias, efektyvias sistemas, optimizuojan\u010dias gamybos procesus. Siekiame inovacij\u0173, tvarumo ir profesionalumo, palaikydama ilgalaikius santykius su partneriais ir tiek\u0117jais i\u0161 viso pasaulio.\" \/>\n<meta name=\"robots\" content=\"index, follow, max-snippet:-1, max-image-preview:large, max-video-preview:-1\" \/>\n<link rel=\"canonical\" href=\"https:\/\/enviteka.lt\/en\/produkcija\/\" \/>\n<meta property=\"og:locale\" content=\"en_US\" \/>\n<meta property=\"og:type\" content=\"article\" \/>\n<meta property=\"og:title\" content=\"Pramonini\u0173 \u012frengini\u0173 atsargin\u0117s dalys\" \/>\n<meta property=\"og:description\" content=\"Klientams si\u016blo modernias, efektyvias sistemas, optimizuojan\u010dias gamybos procesus. Siekiame inovacij\u0173, tvarumo ir profesionalumo, palaikydama ilgalaikius santykius su partneriais ir tiek\u0117jais i\u0161 viso pasaulio.\" \/>\n<meta property=\"og:url\" content=\"https:\/\/enviteka.lt\/en\/produkcija\/\" \/>\n<meta property=\"og:site_name\" content=\"ENVITEKA\" \/>\n<meta property=\"article:modified_time\" content=\"2025-04-16T16:48:48+00:00\" \/>\n<meta name=\"twitter:card\" content=\"summary_large_image\" \/>\n<meta name=\"twitter:label1\" content=\"Est. reading time\" \/>\n\t<meta name=\"twitter:data1\" content=\"1 minute\" \/>\n<script type=\"application\/ld+json\" class=\"yoast-schema-graph\">{\"@context\":\"https:\\\/\\\/schema.org\",\"@graph\":[{\"@type\":\"WebPage\",\"@id\":\"https:\\\/\\\/enviteka.lt\\\/produkcija\\\/\",\"url\":\"https:\\\/\\\/enviteka.lt\\\/produkcija\\\/\",\"name\":\"Pramonini\u0173 \u012frengini\u0173 atsargin\u0117s dalys\",\"isPartOf\":{\"@id\":\"https:\\\/\\\/enviteka.lt\\\/#website\"},\"datePublished\":\"2024-10-09T16:01:54+00:00\",\"dateModified\":\"2025-04-16T16:48:48+00:00\",\"description\":\"Klientams si\u016blo modernias, efektyvias sistemas, optimizuojan\u010dias gamybos procesus. Siekiame inovacij\u0173, tvarumo ir profesionalumo, palaikydama ilgalaikius santykius su partneriais ir tiek\u0117jais i\u0161 viso pasaulio.\",\"breadcrumb\":{\"@id\":\"https:\\\/\\\/enviteka.lt\\\/produkcija\\\/#breadcrumb\"},\"inLanguage\":\"en-US\",\"potentialAction\":[{\"@type\":\"ReadAction\",\"target\":[\"https:\\\/\\\/enviteka.lt\\\/produkcija\\\/\"]}]},{\"@type\":\"BreadcrumbList\",\"@id\":\"https:\\\/\\\/enviteka.lt\\\/produkcija\\\/#breadcrumb\",\"itemListElement\":[{\"@type\":\"ListItem\",\"position\":1,\"name\":\"Home\",\"item\":\"https:\\\/\\\/enviteka.lt\\\/\"},{\"@type\":\"ListItem\",\"position\":2,\"name\":\"Produkcija\"}]},{\"@type\":\"WebSite\",\"@id\":\"https:\\\/\\\/enviteka.lt\\\/#website\",\"url\":\"https:\\\/\\\/enviteka.lt\\\/\",\"name\":\"ENVITEKA\",\"description\":\"pramonin\u0117s \u012frangos tiek\u0117jas\",\"publisher\":{\"@id\":\"https:\\\/\\\/enviteka.lt\\\/#organization\"},\"potentialAction\":[{\"@type\":\"SearchAction\",\"target\":{\"@type\":\"EntryPoint\",\"urlTemplate\":\"https:\\\/\\\/enviteka.lt\\\/?s={search_term_string}\"},\"query-input\":{\"@type\":\"PropertyValueSpecification\",\"valueRequired\":true,\"valueName\":\"search_term_string\"}}],\"inLanguage\":\"en-US\"},{\"@type\":\"Organization\",\"@id\":\"https:\\\/\\\/enviteka.lt\\\/#organization\",\"name\":\"ENVITEKA\",\"url\":\"https:\\\/\\\/enviteka.lt\\\/\",\"logo\":{\"@type\":\"ImageObject\",\"inLanguage\":\"en-US\",\"@id\":\"https:\\\/\\\/enviteka.lt\\\/#\\\/schema\\\/logo\\\/image\\\/\",\"url\":\"https:\\\/\\\/enviteka.lt\\\/wp-content\\\/uploads\\\/2024\\\/10\\\/enviteka-high-resolution-logo-transparent-e1742852093377.png\",\"contentUrl\":\"https:\\\/\\\/enviteka.lt\\\/wp-content\\\/uploads\\\/2024\\\/10\\\/enviteka-high-resolution-logo-transparent-e1742852093377.png\",\"width\":424,\"height\":150,\"caption\":\"ENVITEKA\"},\"image\":{\"@id\":\"https:\\\/\\\/enviteka.lt\\\/#\\\/schema\\\/logo\\\/image\\\/\"}}]}<\/script>\n<!-- \/ Yoast SEO plugin. -->","yoast_head_json":{"title":"Pramonini\u0173 \u012frengini\u0173 atsargin\u0117s dalys","description":"Klientams si\u016blo modernias, efektyvias sistemas, optimizuojan\u010dias gamybos procesus. Siekiame inovacij\u0173, tvarumo ir profesionalumo, palaikydama ilgalaikius santykius su partneriais ir tiek\u0117jais i\u0161 viso pasaulio.","robots":{"index":"index","follow":"follow","max-snippet":"max-snippet:-1","max-image-preview":"max-image-preview:large","max-video-preview":"max-video-preview:-1"},"canonical":"https:\/\/enviteka.lt\/en\/produkcija\/","og_locale":"en_US","og_type":"article","og_title":"Pramonini\u0173 \u012frengini\u0173 atsargin\u0117s dalys","og_description":"Klientams si\u016blo modernias, efektyvias sistemas, optimizuojan\u010dias gamybos procesus. Siekiame inovacij\u0173, tvarumo ir profesionalumo, palaikydama ilgalaikius santykius su partneriais ir tiek\u0117jais i\u0161 viso pasaulio.","og_url":"https:\/\/enviteka.lt\/en\/produkcija\/","og_site_name":"ENVITEKA","article_modified_time":"2025-04-16T16:48:48+00:00","twitter_card":"summary_large_image","twitter_misc":{"Est. reading time":"1 minute"},"schema":{"@context":"https:\/\/schema.org","@graph":[{"@type":"WebPage","@id":"https:\/\/enviteka.lt\/produkcija\/","url":"https:\/\/enviteka.lt\/produkcija\/","name":"Pramonini\u0173 \u012frengini\u0173 atsargin\u0117s dalys","isPartOf":{"@id":"https:\/\/enviteka.lt\/#website"},"datePublished":"2024-10-09T16:01:54+00:00","dateModified":"2025-04-16T16:48:48+00:00","description":"Klientams si\u016blo modernias, efektyvias sistemas, optimizuojan\u010dias gamybos procesus. Siekiame inovacij\u0173, tvarumo ir profesionalumo, palaikydama ilgalaikius santykius su partneriais ir tiek\u0117jais i\u0161 viso pasaulio.","breadcrumb":{"@id":"https:\/\/enviteka.lt\/produkcija\/#breadcrumb"},"inLanguage":"en-US","potentialAction":[{"@type":"ReadAction","target":["https:\/\/enviteka.lt\/produkcija\/"]}]},{"@type":"BreadcrumbList","@id":"https:\/\/enviteka.lt\/produkcija\/#breadcrumb","itemListElement":[{"@type":"ListItem","position":1,"name":"Home","item":"https:\/\/enviteka.lt\/"},{"@type":"ListItem","position":2,"name":"Produkcija"}]},{"@type":"WebSite","@id":"https:\/\/enviteka.lt\/#website","url":"https:\/\/enviteka.lt\/","name":"ENVITEKA","description":"pramonin\u0117s \u012frangos tiek\u0117jas","publisher":{"@id":"https:\/\/enviteka.lt\/#organization"},"potentialAction":[{"@type":"SearchAction","target":{"@type":"EntryPoint","urlTemplate":"https:\/\/enviteka.lt\/?s={search_term_string}"},"query-input":{"@type":"PropertyValueSpecification","valueRequired":true,"valueName":"search_term_string"}}],"inLanguage":"en-US"},{"@type":"Organization","@id":"https:\/\/enviteka.lt\/#organization","name":"ENVITEKA","url":"https:\/\/enviteka.lt\/","logo":{"@type":"ImageObject","inLanguage":"en-US","@id":"https:\/\/enviteka.lt\/#\/schema\/logo\/image\/","url":"https:\/\/enviteka.lt\/wp-content\/uploads\/2024\/10\/enviteka-high-resolution-logo-transparent-e1742852093377.png","contentUrl":"https:\/\/enviteka.lt\/wp-content\/uploads\/2024\/10\/enviteka-high-resolution-logo-transparent-e1742852093377.png","width":424,"height":150,"caption":"ENVITEKA"},"image":{"@id":"https:\/\/enviteka.lt\/#\/schema\/logo\/image\/"}}]}},"_links":{"self":[{"href":"https:\/\/enviteka.lt\/en\/wp-json\/wp\/v2\/pages\/118","targetHints":{"allow":["GET"]}}],"collection":[{"href":"https:\/\/enviteka.lt\/en\/wp-json\/wp\/v2\/pages"}],"about":[{"href":"https:\/\/enviteka.lt\/en\/wp-json\/wp\/v2\/types\/page"}],"author":[{"embeddable":true,"href":"https:\/\/enviteka.lt\/en\/wp-json\/wp\/v2\/users\/1"}],"replies":[{"embeddable":true,"href":"https:\/\/enviteka.lt\/en\/wp-json\/wp\/v2\/comments?post=118"}],"version-history":[{"count":22,"href":"https:\/\/enviteka.lt\/en\/wp-json\/wp\/v2\/pages\/118\/revisions"}],"predecessor-version":[{"id":1699,"href":"https:\/\/enviteka.lt\/en\/wp-json\/wp\/v2\/pages\/118\/revisions\/1699"}],"wp:attachment":[{"href":"https:\/\/enviteka.lt\/en\/wp-json\/wp\/v2\/media?parent=118"}],"curies":[{"name":"wp","href":"https:\/\/api.w.org\/{rel}","templated":true}]}}